{"id":7046,"date":"2026-04-07T15:01:07","date_gmt":"2026-04-07T13:01:07","guid":{"rendered":"https:\/\/mybeautifulitaly.shop\/?post_type=product&#038;p=7046"},"modified":"2026-04-07T15:01:08","modified_gmt":"2026-04-07T13:01:08","slug":"italian-pasta-mancini-spaghettoni-quadrati-500g","status":"publish","type":"product","link":"https:\/\/mybeautifulitaly.shop\/pl\/produkt\/italian-pasta-mancini-spaghettoni-quadrati-500g\/","title":{"rendered":"ITALIAN PASTA MANCINI &#8211; SPAGHETTONI QUADRATI 500g"},"content":{"rendered":"<h1><strong>Dlaczego makaron produkowany przez firm\u0119 Mancini jest tak wyj\u0105tkowy?<\/strong><\/h1>\n<p>Mancini to jedna z nielicznych firm kt\u00f3ra uprawia w\u0142asn\u0105 pszenic\u0119 do produkcji makaronu.<\/p>\n<p>Firma ta zajmuje si\u0119 wszystkimi etapami produkcji \u2013 od uprawy pszenicy, przez zbi\u00f3r, a\u017c po przetwarzanie, co zapewnia pe\u0142n\u0105 kontrol\u0119 nad jako\u015bci\u0105 swojego produktu.<\/p>\n<p>Mancini wyr\u00f3\u017cnia si\u0119 na tle innych producent\u00f3w, szczeg\u00f3lnie ze wzgl\u0119du na wielk\u0105 dba\u0142o\u015b\u0107 o ka\u017cdy szczeg\u00f3\u0142 produkcji i utrzymywanie tej tradycji w rodzinie przez pokolenia.<\/p>\n<p>G\u0142\u00f3wne zalety makaronu Mancini:<\/p>\n<ol>\n<li><strong>Pe\u0142na kontrola nad jako\u015bci\u0105<\/strong><br \/>\nMakaron produkowany jest z pszenicy durum uprawianej bezpo\u015brednio przez firm\u0119 na polach wok\u00f3\u0142 fabryki. Dzi\u0119ki temu Mancini zapewnia najwy\u017csz\u0105 jako\u015b\u0107 od ziarna po gotowy produkt.<\/li>\n<li><strong>Naturalne sk\u0142adniki<\/strong><br \/>\nDo produkcji u\u017cywa si\u0119 wy\u0142\u0105cznie semoliny z pszenicy durum i wody, bez dodatk\u00f3w chemicznych czy konserwant\u00f3w.<\/li>\n<li><strong>Tradycyjne metody produkcji<\/strong><br \/>\nMakaron formowany jest za pomoc\u0105 matryc z br\u0105zu, co nadaje mu charakterystyczn\u0105 szorstk\u0105 powierzchni\u0119, idealn\u0105 do trzymania sos\u00f3w. Proces suszenia odbywa si\u0119 powoli, w niskiej temperaturze, co zachowuje pe\u0142ni\u0119 smaku oraz warto\u015bci od\u017cywcze.<\/li>\n<li><strong>Wyj\u0105tkowa tekstura i smak<\/strong><br \/>\nMakaron jest spr\u0119\u017cysty, nie rozgotowuje si\u0119 i doskonale ch\u0142onie sosy, co czyni go idealnym sk\u0142adnikiem ka\u017cdej potrawy.<\/li>\n<li><strong>Ekskluzywno\u015b\u0107 i autentyczno\u015b\u0107<\/strong><br \/>\nProdukowany w ograniczonych partiach, z poszanowaniem tradycji w\u0142oskiej sztuki kulinarnej, jest doceniany przez smakoszy i szef\u00f3w kuchni na ca\u0142ym \u015bwiecie.<\/li>\n<li><strong>Zr\u00f3wnowa\u017cony rozw\u00f3j<\/strong><br \/>\nFirma dba o \u015brodowisko, stosuj\u0105c metody produkcji sprzyjaj\u0105ce jego ochronie, co podkre\u015bla odpowiedzialno\u015b\u0107 za jako\u015b\u0107 i ekologi\u0119.<\/li>\n<\/ol>\n<p>Makaron Mancini to synonim autentycznego smaku i dba\u0142o\u015bci o detale, kt\u00f3ry spe\u0142nia oczekiwania nawet najbardziej wymagaj\u0105cych mi\u0142o\u015bnik\u00f3w w\u0142oskiej kuchni.<\/p>\n<p>Makaron ma d\u0142ugo\u015b\u0107 260 mm i kwadratowy przekr\u00f3j o boku 2,4 mm.<br \/>\nCzas gotowania: 12\u201314 minut.<\/p>\n<p>Najlepiej spo\u017cy\u0107 przed: 06\/02\/2029<\/p>\n<p>Sk\u0142adniki: semolina <strong>z pszenicy durum,<\/strong> woda<\/p>\n<p>Wyprodukowano i zapakowano : <strong>Azienda Agricola Mancini<\/strong>, W\u0142ochy<\/p>\n<p>&nbsp;<\/p>","protected":false},"excerpt":{"rendered":"<p>Why is the pasta produced by Mancini so special? Mancini is one of the few companies that grows its own wheat for pasta production. The company is involved in every stage of the process \u2013 from growing the wheat, through harvesting, to processing \u2013 which ensures full control over the quality of its product. Mancini [&hellip;]<\/p>","protected":false},"featured_media":7047,"comment_status":"open","ping_status":"closed","template":"","meta":[],"product_brand":[],"product_cat":[98],"product_tag":[],"class_list":{"0":"post-7046","1":"product","2":"type-product","3":"status-publish","4":"has-post-thumbnail","6":"product_cat-italian-pasta","7":"entry","8":"has-media","10":"first","11":"instock","12":"taxable","13":"shipping-taxable","14":"purchasable","15":"product-type-simple","16":"col","17":"span_1_of_3","18":"wvn-content-left","19":"wvn-thumbs-layout-horizontal","20":"wvn-btn-normal","21":"wvn-tabs-layout-horizontal","22":"circle-sale"},"supplier_id":null,"supplier_sku":"","barcode":null,"atum_controlled":true,"out_stock_date":null,"out_stock_threshold":null,"inheritable":false,"inbound_stock":null,"stock_on_hold":0,"sold_today":0,"sales_last_days":0,"reserved_stock":null,"customer_returns":null,"warehouse_damage":null,"lost_in_post":null,"other_logs":null,"out_stock_days":0,"lost_sales":0,"has_location":false,"update_date":"2026-04-11T03:54:02","atum_locations":[],"atum_stock_status":"instock","restock_status":false,"low_stock_amount":"","sales_update_date":"2026-04-11T03:54:02","calc_backorders":null,"aioseo_notices":[],"_links":{"self":[{"href":"https:\/\/mybeautifulitaly.shop\/pl\/wp-json\/wp\/v2\/product\/7046","targetHints":{"allow":["GET"]}}],"collection":[{"href":"https:\/\/mybeautifulitaly.shop\/pl\/wp-json\/wp\/v2\/product"}],"about":[{"href":"https:\/\/mybeautifulitaly.shop\/pl\/wp-json\/wp\/v2\/types\/product"}],"replies":[{"embeddable":true,"href":"https:\/\/mybeautifulitaly.shop\/pl\/wp-json\/wp\/v2\/comments?post=7046"}],"wp:featuredmedia":[{"embeddable":true,"href":"https:\/\/mybeautifulitaly.shop\/pl\/wp-json\/wp\/v2\/media\/7047"}],"wp:attachment":[{"href":"https:\/\/mybeautifulitaly.shop\/pl\/wp-json\/wp\/v2\/media?parent=7046"}],"wp:term":[{"taxonomy":"product_brand","embeddable":true,"href":"https:\/\/mybeautifulitaly.shop\/pl\/wp-json\/wp\/v2\/product_brand?post=7046"},{"taxonomy":"product_cat","embeddable":true,"href":"https:\/\/mybeautifulitaly.shop\/pl\/wp-json\/wp\/v2\/product_cat?post=7046"},{"taxonomy":"product_tag","embeddable":true,"href":"https:\/\/mybeautifulitaly.shop\/pl\/wp-json\/wp\/v2\/product_tag?post=7046"}],"curies":[{"name":"wp","href":"https:\/\/api.w.org\/{rel}","templated":true}]}}