{"id":6717,"date":"2025-09-11T12:34:06","date_gmt":"2025-09-11T10:34:06","guid":{"rendered":"https:\/\/mybeautifulitaly.shop\/?post_type=product&#038;p=6717"},"modified":"2026-01-14T11:56:41","modified_gmt":"2026-01-14T10:56:41","slug":"blood-orange-marmalade-parente","status":"publish","type":"product","link":"https:\/\/mybeautifulitaly.shop\/pl\/produkt\/blood-orange-marmalade-parente\/","title":{"rendered":"D\u017cem z w\u0142oskich czerwonych pomara\u0144czy Parente"},"content":{"rendered":"<h1 class=\"qodef-woo-product-title product_title entry-title\">D\u017cem z w\u0142oskich czerwonych pomara\u0144czy Parente<\/h1>\n<p>D\u017cem ze starannie wyselekcjonowanych czerwonych, w\u0142oskich pomara\u0144czy i przygotowany z dba\u0142o\u015bci\u0105 o szczeg\u00f3\u0142y, idealny na \u015bniadanie lub do deser\u00f3w.<\/p>\n<p><strong>Sk\u0142adniki:<\/strong> W\u0142oskie czerwone pomara\u0144cze 55%, cukier, sk\u00f3rki pomara\u0144czowe. Substancja \u017celuj\u0105ca: pektyna. Korektor kwasowo\u015bci: kwas cytrynowy. Ilo\u015b\u0107 u\u017cytych owoc\u00f3w: min. 55 g na 100 g.<\/p>\n<p>Najlepiej spo\u017cy\u0107 przed: 28.02.2028<\/p>","protected":false},"excerpt":{"rendered":"<p>Marmolada z krwistych pomara\u0144czy Parente. W\u0142oska marmolada z krwistych pomara\u0144czy, starannie wyselekcjonowana i starannie dobrana, idealna na \u015bniadanie lub do deser\u00f3w. Sk\u0142adniki: w\u0142oskie krwiste pomara\u0144cze 55%, cukier, sk\u00f3rki pomara\u0144czowe. Substancja \u017celuj\u0105ca: pektyna. Korektor kwasowo\u015bci: kwas cytrynowy. Ilo\u015b\u0107 u\u017cytych owoc\u00f3w: min. 55 g na 100 g. Najlepiej spo\u017cy\u0107 przed: 28.02.2028<\/p>","protected":false},"featured_media":6718,"comment_status":"open","ping_status":"closed","template":"","meta":[],"product_brand":[],"product_cat":[105,111],"product_tag":[],"class_list":{"0":"post-6717","1":"product","2":"type-product","3":"status-publish","4":"has-post-thumbnail","6":"product_cat-italian-flavours-in-a-jar","7":"product_cat-jams","8":"entry","9":"has-media","11":"first","12":"instock","13":"taxable","14":"shipping-taxable","15":"purchasable","16":"product-type-simple","17":"col","18":"span_1_of_3","19":"wvn-content-left","20":"wvn-thumbs-layout-horizontal","21":"wvn-btn-normal","22":"wvn-tabs-layout-horizontal","23":"has-no-thumbnails","24":"circle-sale"},"supplier_id":null,"supplier_sku":"","barcode":null,"atum_controlled":true,"out_stock_date":null,"out_stock_threshold":null,"inheritable":false,"inbound_stock":null,"stock_on_hold":0,"sold_today":0,"sales_last_days":0,"reserved_stock":null,"customer_returns":null,"warehouse_damage":null,"lost_in_post":null,"other_logs":null,"out_stock_days":0,"lost_sales":0,"has_location":false,"update_date":"2026-04-24T04:16:38","atum_locations":[],"atum_stock_status":"instock","restock_status":false,"low_stock_amount":"","sales_update_date":"2026-04-24T04:16:38","calc_backorders":null,"aioseo_notices":[],"_links":{"self":[{"href":"https:\/\/mybeautifulitaly.shop\/pl\/wp-json\/wp\/v2\/product\/6717","targetHints":{"allow":["GET"]}}],"collection":[{"href":"https:\/\/mybeautifulitaly.shop\/pl\/wp-json\/wp\/v2\/product"}],"about":[{"href":"https:\/\/mybeautifulitaly.shop\/pl\/wp-json\/wp\/v2\/types\/product"}],"replies":[{"embeddable":true,"href":"https:\/\/mybeautifulitaly.shop\/pl\/wp-json\/wp\/v2\/comments?post=6717"}],"wp:featuredmedia":[{"embeddable":true,"href":"https:\/\/mybeautifulitaly.shop\/pl\/wp-json\/wp\/v2\/media\/6718"}],"wp:attachment":[{"href":"https:\/\/mybeautifulitaly.shop\/pl\/wp-json\/wp\/v2\/media?parent=6717"}],"wp:term":[{"taxonomy":"product_brand","embeddable":true,"href":"https:\/\/mybeautifulitaly.shop\/pl\/wp-json\/wp\/v2\/product_brand?post=6717"},{"taxonomy":"product_cat","embeddable":true,"href":"https:\/\/mybeautifulitaly.shop\/pl\/wp-json\/wp\/v2\/product_cat?post=6717"},{"taxonomy":"product_tag","embeddable":true,"href":"https:\/\/mybeautifulitaly.shop\/pl\/wp-json\/wp\/v2\/product_tag?post=6717"}],"curies":[{"name":"wp","href":"https:\/\/api.w.org\/{rel}","templated":true}]}}