{"id":6715,"date":"2025-09-11T11:39:47","date_gmt":"2025-09-11T09:39:47","guid":{"rendered":"https:\/\/mybeautifulitaly.shop\/?post_type=product&#038;p=6715"},"modified":"2026-02-06T17:05:42","modified_gmt":"2026-02-06T16:05:42","slug":"extra-prickly-pears-jam-parente","status":"publish","type":"product","link":"https:\/\/mybeautifulitaly.shop\/pl\/produkt\/extra-prickly-pears-jam-parente\/","title":{"rendered":"Konfitura Extra z opuncji figowej Parente"},"content":{"rendered":"<h1 class=\"qodef-woo-product-title product_title entry-title\">Konfitura Extra z opuncji figowej Parente<\/h1>\n<p>D\u017cem z opuncji figowej to efekt tradycyjnego procesu, w kt\u00f3rym wykorzystuje si\u0119 \u015bwie\u017ce owoce bez konserwant\u00f3w, zachowuj\u0105c ich smak i delikatno\u015b\u0107. D\u017cem z opuncji figowej Extra idealnie nadaje si\u0119 na \u015bniadanie, ze \u015bwie\u017cymi serami i grzankami.<\/p>\n<p>Sk\u0142adniki: Opuncja figowa 60%, cukier. Substancja \u017celuj\u0105ca: pektyna. Korektor kwasowo\u015bci: kwas cytrynowy. Ilo\u015b\u0107 u\u017cytych owoc\u00f3w: min. 60 g na 100 g.<\/p>\n<p>Najlepiej spo\u017cy\u0107 przed: 31.10.2027<\/p>\n<p>&nbsp;<\/p>\n<p>&nbsp;<\/p>","protected":false},"excerpt":{"rendered":"<p>Extra prickly pears jam Parente The extra prickly pear jam is the result of a traditional process that uses fresh fruit without any preservatives, preserving the taste and delicacy of the fruit used in its preparation. The extra prickly pear jam is perfect to enjoy at breakfast, with fresh cheeses, and toasted bread. Ingredients: Prickly [&hellip;]<\/p>","protected":false},"featured_media":6716,"comment_status":"open","ping_status":"closed","template":"","meta":[],"product_brand":[],"product_cat":[105,111],"product_tag":[],"class_list":{"0":"post-6715","1":"product","2":"type-product","3":"status-publish","4":"has-post-thumbnail","6":"product_cat-italian-flavours-in-a-jar","7":"product_cat-jams","8":"entry","9":"has-media","11":"first","12":"instock","13":"taxable","14":"shipping-taxable","15":"purchasable","16":"product-type-simple","17":"col","18":"span_1_of_3","19":"wvn-content-left","20":"wvn-thumbs-layout-horizontal","21":"wvn-btn-normal","22":"wvn-tabs-layout-horizontal","23":"circle-sale"},"supplier_id":null,"supplier_sku":"","barcode":null,"atum_controlled":true,"out_stock_date":null,"out_stock_threshold":null,"inheritable":false,"inbound_stock":null,"stock_on_hold":0,"sold_today":0,"sales_last_days":0,"reserved_stock":null,"customer_returns":null,"warehouse_damage":null,"lost_in_post":null,"other_logs":null,"out_stock_days":0,"lost_sales":0,"has_location":false,"update_date":"2026-04-24T04:16:38","atum_locations":[],"atum_stock_status":"instock","restock_status":false,"low_stock_amount":"","sales_update_date":"2026-04-24T04:16:38","calc_backorders":null,"aioseo_notices":[],"_links":{"self":[{"href":"https:\/\/mybeautifulitaly.shop\/pl\/wp-json\/wp\/v2\/product\/6715","targetHints":{"allow":["GET"]}}],"collection":[{"href":"https:\/\/mybeautifulitaly.shop\/pl\/wp-json\/wp\/v2\/product"}],"about":[{"href":"https:\/\/mybeautifulitaly.shop\/pl\/wp-json\/wp\/v2\/types\/product"}],"replies":[{"embeddable":true,"href":"https:\/\/mybeautifulitaly.shop\/pl\/wp-json\/wp\/v2\/comments?post=6715"}],"wp:featuredmedia":[{"embeddable":true,"href":"https:\/\/mybeautifulitaly.shop\/pl\/wp-json\/wp\/v2\/media\/6716"}],"wp:attachment":[{"href":"https:\/\/mybeautifulitaly.shop\/pl\/wp-json\/wp\/v2\/media?parent=6715"}],"wp:term":[{"taxonomy":"product_brand","embeddable":true,"href":"https:\/\/mybeautifulitaly.shop\/pl\/wp-json\/wp\/v2\/product_brand?post=6715"},{"taxonomy":"product_cat","embeddable":true,"href":"https:\/\/mybeautifulitaly.shop\/pl\/wp-json\/wp\/v2\/product_cat?post=6715"},{"taxonomy":"product_tag","embeddable":true,"href":"https:\/\/mybeautifulitaly.shop\/pl\/wp-json\/wp\/v2\/product_tag?post=6715"}],"curies":[{"name":"wp","href":"https:\/\/api.w.org\/{rel}","templated":true}]}}