{"id":6652,"date":"2025-06-11T13:02:06","date_gmt":"2025-06-11T11:02:06","guid":{"rendered":"https:\/\/mybeautifulitaly.shop\/?post_type=product&#038;p=6652"},"modified":"2026-04-21T22:09:29","modified_gmt":"2026-04-21T20:09:29","slug":"pasquini-olive-oil-extra-virgin-3l-new","status":"publish","type":"product","link":"https:\/\/mybeautifulitaly.shop\/pl\/produkt\/pasquini-olive-oil-extra-virgin-3l-new\/","title":{"rendered":"Oliwa z oliwek Pasquini extra virgin 3L NOWA, \u015bwie\u017co t\u0142oczona 2025"},"content":{"rendered":"<p><strong>Najwy\u017cszej jako\u015bci tradycyjna oliwa z oliwek Extra Virgin od toska\u0144skiego producenta<\/strong><\/p>\n<p><strong>\u015awie\u017co t\u0142oczona oliwa z oliwek z Nowego Zbioru 2025\/2026 \u2013 Najlepiej spo\u017cy\u0107 przed 12\/2027<\/strong><\/p>\n<p><img fetchpriority=\"high\" decoding=\"async\" class=\"alignnone size-medium wp-image-4952\" src=\"https:\/\/mybeautifulitaly.shop\/wp-content\/uploads\/2024\/05\/thumb-1920-437604-300x188.jpg\" alt=\"\" width=\"300\" height=\"188\" srcset=\"https:\/\/mybeautifulitaly.shop\/wp-content\/uploads\/2024\/05\/thumb-1920-437604-300x188.jpg 300w, https:\/\/mybeautifulitaly.shop\/wp-content\/uploads\/2024\/05\/thumb-1920-437604-1024x640.jpg 1024w, https:\/\/mybeautifulitaly.shop\/wp-content\/uploads\/2024\/05\/thumb-1920-437604-768x480.jpg 768w, https:\/\/mybeautifulitaly.shop\/wp-content\/uploads\/2024\/05\/thumb-1920-437604-1536x960.jpg 1536w, https:\/\/mybeautifulitaly.shop\/wp-content\/uploads\/2024\/05\/thumb-1920-437604-18x12.jpg 18w, https:\/\/mybeautifulitaly.shop\/wp-content\/uploads\/2024\/05\/thumb-1920-437604-1320x825.jpg 1320w, https:\/\/mybeautifulitaly.shop\/wp-content\/uploads\/2024\/05\/thumb-1920-437604-600x375.jpg 600w, https:\/\/mybeautifulitaly.shop\/wp-content\/uploads\/2024\/05\/thumb-1920-437604.jpg 1920w\" sizes=\"(max-width: 300px) 100vw, 300px\" \/><\/p>\n<p><p><strong>Bezpo\u015brednio od producenta:<\/strong> Frantoio Pasquini Attilio s.n.c. \u2013 oliwa z oliwek najwy\u017cszej jako\u015bci z Toskanii.<\/p><\/p>\n<p><strong><h2>Oliwa z oliwek Extra Vergine Pasquini 3L <\/h2><p>Nowy zbi\u00f3r 2024\/2025, t\u0142oczona na zimno.<\/p> <\/strong><strong>\ud83e\uded2\ud83e\uded2\ud83e\uded2<\/strong><\/p>\n<p><p>Rodzinna Olejarnia po\u0142o\u017cona w samym sercu s\u0142onecznej Toskanii, 30 km na po\u0142udniowy zach\u00f3d od Florencji, w miasteczku Reggello, w regionie Valdarno s\u0142yn\u0105cym z hektar\u00f3w gaj\u00f3w oliwnych.<p><br \/>\n<p>Od 1920 roku \u2013 ponad 100 lat tradycji i do\u015bwiadczenia w produkcji oliwy z oliwek.<\/p><\/p>\n<p><p>Oliwki zbierane r\u0119cznie w idealnym momencie, t\u0142oczone na zimno w ci\u0105gu kilku godzin od zbioru<p><\/p>\n<p><p><strong>100% czysty sok z oliwek!<\/strong> \u015awie\u017co\u015b\u0107 i warto\u015b\u0107 od\u017cywcza prosto z natury!<\/p><\/p>\n<ul>\n<li><strong>Niska kwasowo\u015b\u0107<\/strong>:oznaka \u015bwie\u017cych, wysokiej jako\u015bci oliwek<\/li>\n<li><strong>Wysoka zawarto\u015b\u0107 polifenoli<\/strong>:przyczynia si\u0119 do korzy\u015bci zdrowotnych i wyrazistego smaku<\/li>\n<\/ul>\n<p>To produkt bez kompromis\u00f3w  \u2013 100% naturalny \ud83c\udf3f\ud83c\udf3f\ud83c\udf3f<br \/>\nBez dodatk\u00f3w, stworzony z pasj\u0105 i szacunkiem do ziemi<\/p>\n<p><p>Oliwa z oliwek otrzymywana w olejarni Pasquini ma charakterystyczny, intensywny aromat, bardzo wyrazisty, przyjemnie otulaj\u0105cy smak, <BR>z lekko pikantn\u0105 nut\u0105 w tle, jej zapach przywodzi na my\u015bl \u015bwie\u017co skoszon\u0105 traw\u0119, a jej kolor jest lekko zielonkawy.<p><\/p>\n<p><strong><p><em>Dzi\u0119kujemy, \u017ce wybierasz jako\u015b\u0107 \u2013 Pasquini Extra Virgin \ud83d\udc9a\ud83c\udf3f\ud83c\uddee\ud83c\uddf9<\/em><\/p><\/strong> \ud83d\udc9a\ud83c\udf3f\ud83c\uddee\ud83c\uddf9<\/p>","protected":false},"excerpt":{"rendered":"<p>Top quality traditional Olive Oil Extra Virgin\u00a0 from a Tuscan producer Freshly Pressed Olive Oil from the New Harvest 2025\/2026 &#8211; Best before 12\/2027 Straight from the manufacturer! Pasquini Extra Virgin Olive Oil \ud83e\uded2\ud83e\uded2\ud83e\uded2 A Family-Owned Oil Mill in the Heart of Sunny Tuscany, 30 km south-west. from Florence, in the town of Reggello, in [&hellip;]<\/p>","protected":false},"featured_media":6153,"comment_status":"open","ping_status":"closed","template":"","meta":[],"product_brand":[],"product_cat":[85],"product_tag":[],"class_list":{"0":"post-6652","1":"product","2":"type-product","3":"status-publish","4":"has-post-thumbnail","6":"product_cat-tuscan-olive-oil","7":"entry","8":"has-media","10":"first","11":"instock","12":"taxable","13":"shipping-taxable","14":"purchasable","15":"product-type-simple","16":"col","17":"span_1_of_3","18":"wvn-content-left","19":"wvn-thumbs-layout-horizontal","20":"wvn-btn-normal","21":"wvn-tabs-layout-horizontal","22":"circle-sale"},"supplier_id":null,"supplier_sku":"","barcode":null,"atum_controlled":true,"out_stock_date":null,"out_stock_threshold":null,"inheritable":false,"inbound_stock":null,"stock_on_hold":0,"sold_today":0,"sales_last_days":2,"reserved_stock":null,"customer_returns":null,"warehouse_damage":null,"lost_in_post":null,"other_logs":null,"out_stock_days":0,"lost_sales":0,"has_location":false,"update_date":"2026-04-24T04:16:38","atum_locations":[],"atum_stock_status":"instock","restock_status":false,"low_stock_amount":"","sales_update_date":"2026-04-24T04:16:38","calc_backorders":null,"aioseo_notices":[],"_links":{"self":[{"href":"https:\/\/mybeautifulitaly.shop\/pl\/wp-json\/wp\/v2\/product\/6652","targetHints":{"allow":["GET"]}}],"collection":[{"href":"https:\/\/mybeautifulitaly.shop\/pl\/wp-json\/wp\/v2\/product"}],"about":[{"href":"https:\/\/mybeautifulitaly.shop\/pl\/wp-json\/wp\/v2\/types\/product"}],"replies":[{"embeddable":true,"href":"https:\/\/mybeautifulitaly.shop\/pl\/wp-json\/wp\/v2\/comments?post=6652"}],"wp:featuredmedia":[{"embeddable":true,"href":"https:\/\/mybeautifulitaly.shop\/pl\/wp-json\/wp\/v2\/media\/6153"}],"wp:attachment":[{"href":"https:\/\/mybeautifulitaly.shop\/pl\/wp-json\/wp\/v2\/media?parent=6652"}],"wp:term":[{"taxonomy":"product_brand","embeddable":true,"href":"https:\/\/mybeautifulitaly.shop\/pl\/wp-json\/wp\/v2\/product_brand?post=6652"},{"taxonomy":"product_cat","embeddable":true,"href":"https:\/\/mybeautifulitaly.shop\/pl\/wp-json\/wp\/v2\/product_cat?post=6652"},{"taxonomy":"product_tag","embeddable":true,"href":"https:\/\/mybeautifulitaly.shop\/pl\/wp-json\/wp\/v2\/product_tag?post=6652"}],"curies":[{"name":"wp","href":"https:\/\/api.w.org\/{rel}","templated":true}]}}