{"id":6555,"date":"2025-01-10T15:48:35","date_gmt":"2025-01-10T14:48:35","guid":{"rendered":"https:\/\/mybeautifulitaly.shop\/?post_type=product&#038;p=6555"},"modified":"2026-04-24T16:48:16","modified_gmt":"2026-04-24T14:48:16","slug":"tuscan-olive-oil-1l-new","status":"publish","type":"product","link":"https:\/\/mybeautifulitaly.shop\/pl\/produkt\/tuscan-olive-oil-1l-new\/","title":{"rendered":"Oliwa z oliwek Pasquini extra vergine 1L \u015bwie\u017co t\u0142oczona 2025"},"content":{"rendered":"<h1><strong>Najwy\u017cszej jako\u015bci tradycyjna <\/strong>Oliwa z oliwek Extra Vergine<\/h1>\n<p><p><strong>Bezpo\u015brednio od producenta:<\/strong> Frantoio Pasquini Attilio s.n.c. \u2013 oliwa z oliwek najwy\u017cszej jako\u015bci z Toskanii.<\/p><\/p>\n<p><strong>\u015awie\u017co t\u0142oczona oliwa z oliwek z Nowego Zbioru 2025\/2026 \u2013 Najlepiej spo\u017cy\u0107 przed 12\/2027<\/strong><\/p>\n<p>Dla tych, kt\u00f3rzy chc\u0105 spr\u00f3bowa\u0107 naszej doskona\u0142ej oliwy z oliwek, pozna\u0107 j\u0105, a mo\u017ce nawet si\u0119 w niej zakocha\u0107 ;)?<\/p>\n<p data-start=\"57\" data-end=\"221\"><strong data-start=\"57\" data-end=\"95\">Oliwa z oliwek Extra Vergine Pasquini \ud83e\uded2\ud83e\uded2\ud83e\uded2<\/strong><\/p>\n<p data-start=\"57\" data-end=\"221\"><p>Rodzinna Olejarnia po\u0142o\u017cona w samym sercu s\u0142onecznej Toskanii, 30 km na po\u0142udniowy zach\u00f3d od Florencji, w miasteczku Reggello, w regionie Valdarno s\u0142yn\u0105cym z hektar\u00f3w gaj\u00f3w oliwnych.<p><br data-start=\"151\" data-end=\"154\" \/><p>Od 1920 roku \u2013 ponad 100 lat tradycji i do\u015bwiadczenia w produkcji oliwy z oliwek.<\/p><\/p>\n<p data-start=\"223\" data-end=\"376\"><p>Oliwki zbierane r\u0119cznie w idealnym momencie, t\u0142oczone na zimno w ci\u0105gu kilku godzin od zbioru<p><\/p>\n<p data-start=\"223\" data-end=\"376\"><p><strong>100% czysty sok z oliwek!<\/strong> \u015awie\u017co\u015b\u0107 i warto\u015b\u0107 od\u017cywcza prosto z natury!<\/p><\/p>\n<p data-start=\"378\" data-end=\"504\">Analiza laboratoryjna naszej oliwy z oliwek Pasquini ze zbior\u00f3w 2025\/2026 potwierdza najwy\u017csz\u0105 jako\u015b\u0107, \u015bwie\u017co\u015b\u0107 i naturaln\u0105 czysto\u015b\u0107.<\/p>\n<ul data-start=\"505\" data-end=\"823\">\n<li data-start=\"505\" data-end=\"570\">\n<p data-start=\"507\" data-end=\"570\"><strong data-start=\"507\" data-end=\"522\">Niska kwasowo\u015b\u0107<\/strong>: 0.17% -  oznaka \u015bwie\u017cych, wysokiej jako\u015bci oliwek<\/p>\n<\/li>\n<li data-start=\"571\" data-end=\"664\">\n<p data-start=\"573\" data-end=\"664\"><strong data-start=\"573\" data-end=\"600\">Wysoka zawarto\u015b\u0107 polifenoli<\/strong>: 493 mg\/kg \u2013 bogactwo antyoksydant\u00f3w i intensywny smak<\/p>\n<\/li>\n<li data-start=\"665\" data-end=\"751\">\n<p data-start=\"667\" data-end=\"751\"><strong data-start=\"667\" data-end=\"688\">Wska\u017aniki utlenienia<\/strong> \u2013 znakomite, bez \u015bladu po\u015bpiechu czy przemys\u0142owej obr\u00f3bki<\/p>\n<\/li>\n<li data-start=\"752\" data-end=\"823\">\n<p data-start=\"754\" data-end=\"823\"><strong data-start=\"754\" data-end=\"778\">Wska\u017anik czysto\u015bci Delta K<\/strong>: 0,00 \u2013 oliwa idealnie czysta, zero domieszek<\/p>\n<\/li>\n<\/ul>\n<p data-start=\"825\" data-end=\"940\">To produkt bez kompromis\u00f3w  \u2013 100% naturalny \ud83c\udf3f\ud83c\udf3f\ud83c\udf3f<br data-start=\"878\" data-end=\"881\" \/>Bez dodatk\u00f3w, stworzony z pasj\u0105 i szacunkiem do ziemi<\/p>\n<p><p>Oliwa z oliwek otrzymywana w olejarni Pasquini ma charakterystyczny, intensywny aromat, bardzo wyrazisty, przyjemnie otulaj\u0105cy smak, <BR>z lekko pikantn\u0105 nut\u0105 w tle, jej zapach przywodzi na my\u015bl \u015bwie\u017co skoszon\u0105 traw\u0119, a jej kolor jest lekko zielonkawy.<p><\/p>\n<p><strong><p><em>Dzi\u0119kujemy, \u017ce wybierasz jako\u015b\u0107 \u2013 Pasquini Extra Virgin \ud83d\udc9a\ud83c\udf3f\ud83c\uddee\ud83c\uddf9<\/em><\/p><\/strong> \ud83d\udc9a<\/p>\n<p>&nbsp;<\/p>\n<p>&nbsp;<\/p>","protected":false},"excerpt":{"rendered":"<p>&nbsp;<\/p>\n<p>&nbsp;<\/p>\n<p>&nbsp;<\/p>","protected":false},"featured_media":6696,"comment_status":"open","ping_status":"closed","template":"","meta":[],"product_brand":[],"product_cat":[85],"product_tag":[],"class_list":{"0":"post-6555","1":"product","2":"type-product","3":"status-publish","4":"has-post-thumbnail","6":"product_cat-tuscan-olive-oil","7":"entry","8":"has-media","10":"first","11":"instock","12":"taxable","13":"shipping-taxable","14":"purchasable","15":"product-type-simple","16":"col","17":"span_1_of_3","18":"wvn-content-left","19":"wvn-thumbs-layout-horizontal","20":"wvn-btn-normal","21":"wvn-tabs-layout-horizontal","22":"circle-sale"},"supplier_id":null,"supplier_sku":"","barcode":null,"atum_controlled":true,"out_stock_date":null,"out_stock_threshold":null,"inheritable":false,"inbound_stock":null,"stock_on_hold":3,"sold_today":1,"sales_last_days":3,"reserved_stock":null,"customer_returns":null,"warehouse_damage":null,"lost_in_post":null,"other_logs":null,"out_stock_days":0,"lost_sales":0,"has_location":false,"update_date":"2026-04-24T14:48:59","atum_locations":[],"atum_stock_status":"instock","restock_status":false,"low_stock_amount":"","sales_update_date":"2026-04-24T14:48:59","calc_backorders":null,"aioseo_notices":[],"_links":{"self":[{"href":"https:\/\/mybeautifulitaly.shop\/pl\/wp-json\/wp\/v2\/product\/6555","targetHints":{"allow":["GET"]}}],"collection":[{"href":"https:\/\/mybeautifulitaly.shop\/pl\/wp-json\/wp\/v2\/product"}],"about":[{"href":"https:\/\/mybeautifulitaly.shop\/pl\/wp-json\/wp\/v2\/types\/product"}],"replies":[{"embeddable":true,"href":"https:\/\/mybeautifulitaly.shop\/pl\/wp-json\/wp\/v2\/comments?post=6555"}],"wp:featuredmedia":[{"embeddable":true,"href":"https:\/\/mybeautifulitaly.shop\/pl\/wp-json\/wp\/v2\/media\/6696"}],"wp:attachment":[{"href":"https:\/\/mybeautifulitaly.shop\/pl\/wp-json\/wp\/v2\/media?parent=6555"}],"wp:term":[{"taxonomy":"product_brand","embeddable":true,"href":"https:\/\/mybeautifulitaly.shop\/pl\/wp-json\/wp\/v2\/product_brand?post=6555"},{"taxonomy":"product_cat","embeddable":true,"href":"https:\/\/mybeautifulitaly.shop\/pl\/wp-json\/wp\/v2\/product_cat?post=6555"},{"taxonomy":"product_tag","embeddable":true,"href":"https:\/\/mybeautifulitaly.shop\/pl\/wp-json\/wp\/v2\/product_tag?post=6555"}],"curies":[{"name":"wp","href":"https:\/\/api.w.org\/{rel}","templated":true}]}}