{"id":6546,"date":"2024-12-18T15:26:46","date_gmt":"2024-12-18T14:26:46","guid":{"rendered":"https:\/\/mybeautifulitaly.shop\/?post_type=product&#038;p=6546"},"modified":"2026-04-07T14:04:53","modified_gmt":"2026-04-07T12:04:53","slug":"italian-pasta-mancini-bucatini-500g","status":"publish","type":"product","link":"https:\/\/mybeautifulitaly.shop\/pl\/produkt\/italian-pasta-mancini-bucatini-500g\/","title":{"rendered":"W\u0142oski makaron Mancini \u2013 Bucatini 500g"},"content":{"rendered":"<h1>Spr\u00f3buj Bucatini, makaronu z dziurk\u0105 w \u015brodku! \ud83d\ude42<\/h1>\n<p>Bucatini to d\u0142ugi makaron, kt\u00f3ry przypomina spaghetti, jednak jest od niego grubszy, z charakterystyczn\u0105 dziurk\u0105 przechodz\u0105c\u0105 przez \u015brodek ka\u017cdej nitki. Szorstka powierzchnia Bucatini doskonale wp\u0142ywa na po\u0142\u0105czenie si\u0119 makaronu z wszelkiego rodzaju sosami. Wyprodukowany w Toskanii makaron doskonale komponuje si\u0119 z sosami takimi jak all'Amatriciana, a tak\u017ce ze sk\u0142adnikami takimi jak jajka, ser, anchois i sardynki.<\/p>\n<p>Makaron produkowany jest z pszenicy durum uprawianej bezpo\u015brednio przez firm\u0119 <strong>Mancini<\/strong><br \/>\nJedynymi sk\u0142adnikami s\u0105 semolina z pszenicy durum i woda.<br \/>\nMakaron jest wytwarzany zgodnie z tradycj\u0105 na matrycach z br\u0105zu i  suszy si\u0119 w temperaturze od 36\u00b0C do maks. 46\u00b0C przez okres 28 godzin.<\/p>\n<p>Makaron ma \u015brednic\u0119 2,8 mm, centralny otw\u00f3r o \u015brednicy 0,8 mm i d\u0142ugo\u015b\u0107 260 mm.<br \/>\nCzas gotowania: 5 \u2013 7 minut.<\/p>\n<p>Best before : 17\/02\/2029<\/p>\n<table>\n<thead>\n<tr>\n<td colspan=\"2\" width=\"177\"><strong>Warto\u015bci od\u017cywcze<\/strong><\/td>\n<td width=\"148\"><strong>\u015brednio na 100 g<\/strong><\/td>\n<\/tr>\n<\/thead>\n<tbody>\n<tr>\n<td colspan=\"2\" width=\"177\"><strong>Energia<\/strong><\/td>\n<td width=\"148\">1533 kJ 365 kcal<\/td>\n<\/tr>\n<tr>\n<td colspan=\"2\" width=\"177\"><strong>T\u0142uszcz nasycony <\/strong><\/td>\n<td width=\"148\">1,1 g<\/td>\n<\/tr>\n<tr>\n<td colspan=\"2\" width=\"177\"><strong>Kwasy t\u0142uszczowe<\/strong><\/td>\n<td width=\"148\">0,22 g<\/td>\n<\/tr>\n<tr>\n<td colspan=\"2\" width=\"177\"><strong>W\u0119glowodany<\/strong><\/td>\n<td width=\"148\">75,0 g<\/td>\n<\/tr>\n<tr>\n<td colspan=\"2\" width=\"177\"><strong>cukry<\/strong><\/td>\n<td width=\"148\">3,6 g<\/td>\n<\/tr>\n<tr>\n<td colspan=\"2\" width=\"177\"><strong>B\u0142onnik<\/strong><\/td>\n<td width=\"148\">2,5 g<\/td>\n<\/tr>\n<tr>\n<td colspan=\"2\" width=\"177\"><strong>Bia\u0142ko<\/strong><\/td>\n<td width=\"148\">13,4 g<\/td>\n<\/tr>\n<tr>\n<td><strong>S\u00f3l<\/strong><\/td>\n<td colspan=\"2\" width=\"150\">0,010 g<\/td>\n<\/tr>\n<tr>\n<td width=\"178\"><\/td>\n<td width=\"2\"><\/td>\n<td width=\"151\"><\/td>\n<\/tr>\n<\/tbody>\n<\/table>\n<p>&nbsp;<\/p>\n<p>Sk\u0142adniki: semolina <strong>z pszenicy durum,<\/strong> woda<\/p>\n<p>Wyprodukowano i zapakowano : <strong>Azienda Agricola Mancini<\/strong>, W\u0142ochy<\/p>","protected":false},"excerpt":{"rendered":"<p>Try Bucatini, a type of pasta with a hole in the middle! \ud83d\ude42 Bucatini is a long pasta that resembles spaghetti, but it is thicker, with a characteristic hole running through the center of each strand. The rough surface of Bucatini helps it perfectly absorb and hold onto various sauces. Produced in Tuscany, this pasta [&hellip;]<\/p>","protected":false},"featured_media":6547,"comment_status":"open","ping_status":"closed","template":"","meta":[],"product_brand":[],"product_cat":[98],"product_tag":[],"class_list":{"0":"post-6546","1":"product","2":"type-product","3":"status-publish","4":"has-post-thumbnail","6":"product_cat-italian-pasta","7":"entry","8":"has-media","10":"first","11":"instock","12":"taxable","13":"shipping-taxable","14":"purchasable","15":"product-type-simple","16":"col","17":"span_1_of_3","18":"wvn-content-left","19":"wvn-thumbs-layout-horizontal","20":"wvn-btn-normal","21":"wvn-tabs-layout-horizontal","22":"circle-sale"},"supplier_id":null,"supplier_sku":"","barcode":null,"atum_controlled":true,"out_stock_date":null,"out_stock_threshold":null,"inheritable":false,"inbound_stock":null,"stock_on_hold":0,"sold_today":0,"sales_last_days":0,"reserved_stock":null,"customer_returns":null,"warehouse_damage":null,"lost_in_post":null,"other_logs":null,"out_stock_days":0,"lost_sales":0,"has_location":false,"update_date":"2026-04-24T04:16:38","atum_locations":[],"atum_stock_status":"instock","restock_status":false,"low_stock_amount":"","sales_update_date":"2026-04-24T04:16:38","calc_backorders":null,"aioseo_notices":[],"_links":{"self":[{"href":"https:\/\/mybeautifulitaly.shop\/pl\/wp-json\/wp\/v2\/product\/6546","targetHints":{"allow":["GET"]}}],"collection":[{"href":"https:\/\/mybeautifulitaly.shop\/pl\/wp-json\/wp\/v2\/product"}],"about":[{"href":"https:\/\/mybeautifulitaly.shop\/pl\/wp-json\/wp\/v2\/types\/product"}],"replies":[{"embeddable":true,"href":"https:\/\/mybeautifulitaly.shop\/pl\/wp-json\/wp\/v2\/comments?post=6546"}],"wp:featuredmedia":[{"embeddable":true,"href":"https:\/\/mybeautifulitaly.shop\/pl\/wp-json\/wp\/v2\/media\/6547"}],"wp:attachment":[{"href":"https:\/\/mybeautifulitaly.shop\/pl\/wp-json\/wp\/v2\/media?parent=6546"}],"wp:term":[{"taxonomy":"product_brand","embeddable":true,"href":"https:\/\/mybeautifulitaly.shop\/pl\/wp-json\/wp\/v2\/product_brand?post=6546"},{"taxonomy":"product_cat","embeddable":true,"href":"https:\/\/mybeautifulitaly.shop\/pl\/wp-json\/wp\/v2\/product_cat?post=6546"},{"taxonomy":"product_tag","embeddable":true,"href":"https:\/\/mybeautifulitaly.shop\/pl\/wp-json\/wp\/v2\/product_tag?post=6546"}],"curies":[{"name":"wp","href":"https:\/\/api.w.org\/{rel}","templated":true}]}}