{"id":6350,"date":"2024-11-08T16:20:43","date_gmt":"2024-11-08T15:20:43","guid":{"rendered":"https:\/\/mybeautifulitaly.shop\/?post_type=product&#038;p=6350"},"modified":"2026-03-23T14:15:05","modified_gmt":"2026-03-23T13:15:05","slug":"tomato-sauce-with-olive-pr-ali-na","status":"publish","type":"product","link":"https:\/\/mybeautifulitaly.shop\/pl\/produkt\/tomato-sauce-with-olive-pr-ali-na\/","title":{"rendered":"SOS POMIDOROWY Z OLIWKAMI PR.ALI.NA"},"content":{"rendered":"<h1>GOTOWY SOS POMIDOROWY Z OLIWKAMI PR.ALI.NA<\/h1>\n<h2><strong>*** PRALINA \u2013 Smak w\u0142oskiej tradycji ***<\/strong><\/h2>\n<p>Sos oliwkowy to kwintesencja typowych aromat\u00f3w \u015br\u00f3dziemnomorskich.<br \/>\nGotowy sos oliwkowy o harmonijnej kompozycji. Jego harmonijny smak doskonale podkre\u015bla charakter makaron\u00f3w oraz wzbogaca r\u00f3\u017cnorodne dania g\u0142\u00f3wne z ryb.<\/p>\n<p>Przysmak z Salento, kt\u00f3ry wprowadzi do Twojej kuchni autentyczne smaki \u015br\u00f3dziemnomorskiej tradycji \u2013 wyj\u0105tkowy, pe\u0142en subtelnych niuans\u00f3w.<\/p>\n<p><strong>Sk\u0142adniki<\/strong> : Pulpa pomidorowa 87,5%, oliwki 6%, cebula, oliwa z oliwek extra virgin, s\u00f3l, czosnek, pietruszka.<\/p>\n<p>Przechowywa\u0107 w ch\u0142odnym, suchym miejscu. Po otwarciu przechowywa\u0107 w lod\u00f3wce i spo\u017cy\u0107 w ci\u0105gu 5 dni. BEZ KONSERWANT\u00d3W!<\/p>\n<p><strong>Opakowanie <\/strong>: S\u0142oik 280g<\/p>\n<p><strong>Najlepiej spo\u017cy\u0107 przed <\/strong>: 30.04.2026<\/p>\n<p><strong>Kategoria :<\/strong> Gotowy Sos<\/p>\n<p><strong>Warto\u015bci od\u017cywcze na 100 g<\/strong><\/p>\n<table>\n<tbody>\n<tr>\n<td width=\"288\">Energia (kJ)<\/td>\n<td width=\"288\">208<\/td>\n<\/tr>\n<tr>\n<td width=\"288\">Energia (kcal)<\/td>\n<td width=\"288\">50<\/td>\n<\/tr>\n<tr>\n<td width=\"288\">Bia\u0142ko (g)<\/td>\n<td width=\"288\">1,18<\/td>\n<\/tr>\n<tr>\n<td width=\"288\">T\u0142uszcz (g)<\/td>\n<td width=\"288\">3,50<\/td>\n<\/tr>\n<tr>\n<td width=\"288\">w tym kwasy t\u0142uszczowe nasycone<\/td>\n<td width=\"288\">0,30<\/td>\n<\/tr>\n<tr>\n<td width=\"288\">W\u0119glowodany (g)<\/td>\n<td width=\"288\">2,89<\/td>\n<\/tr>\n<tr>\n<td width=\"288\">w tym cukry (g)<\/td>\n<td width=\"288\">2,89<\/td>\n<\/tr>\n<tr>\n<td width=\"288\">B\u0142onnik (g)<\/td>\n<td width=\"288\">1,08<\/td>\n<\/tr>\n<tr>\n<td width=\"288\">S\u00f3l (g)<\/td>\n<td width=\"288\">0,46<\/td>\n<\/tr>\n<\/tbody>\n<\/table>\n<p>&nbsp;<\/p>\n<p><strong>PR.ALI.NA. SPA (Produzione Alimenti Naturali)<\/strong> to w\u0142oska firma za\u0142o\u017cona w 1991 roku, specjalizuj\u0105ca si\u0119 w produkcji wysokiej jako\u015bci sos\u00f3w, past i przetwor\u00f3w inspirowanych kuchni\u0105 w\u0142osk\u0105, szczeg\u00f3lnie z regionu Apulia.<\/p>\n<p>Firma s\u0142ynie z u\u017cywania \u015bwie\u017cych, lokalnych sk\u0142adnik\u00f3w oraz tradycyjnych receptur, \u0142\u0105cz\u0105c je z nowoczesnymi technologiami przetw\u00f3rczymi, co pozwala zachowa\u0107 autentyczny smak i warto\u015bci od\u017cywcze produkt\u00f3w.<\/p>\n<p>W ofercie PR.ALI.NA. znajduj\u0105 si\u0119 r\u00f3\u017cnorodne produkty, kt\u00f3re wyr\u00f3\u017cniaj\u0105 si\u0119 prostym sk\u0142adem i brakiem sztucznych dodatk\u00f3w.<\/p>\n<p>Firma stawia na ekologiczne rolnictwo i wsp\u00f3\u0142prac\u0119 z lokalnymi producentami, co dodatkowo podkre\u015bla jej zaanga\u017cowanie w ochron\u0119 \u015brodowiska i wspieranie regionalnej gospodarki.<\/p>\n<p>PR.ALI.NA. zdoby\u0142a uznanie na rynku mi\u0119dzynarodowym, eksportuj\u0105c swoje produkty do wielu kraj\u00f3w i promuj\u0105c kuchni\u0119 w\u0142osk\u0105 na ca\u0142ym \u015bwiecie.<\/p>\n<p>Ceniona za jako\u015b\u0107 i autentyczno\u015b\u0107, PR.ALI.NA. jest cz\u0119stym wyborem w\u015br\u00f3d os\u00f3b poszukuj\u0105cych naturalnych, zdrowych i smacznych produkt\u00f3w inspirowanych w\u0142osk\u0105 tradycj\u0105 kulinarn\u0105.<\/p>\n<p>&nbsp;<\/p>","protected":false},"excerpt":{"rendered":"<p>&nbsp;<\/p>\n<p>&nbsp;<\/p>","protected":false},"featured_media":6351,"comment_status":"open","ping_status":"closed","template":"","meta":[],"product_brand":[],"product_cat":[105,109],"product_tag":[],"class_list":{"0":"post-6350","1":"product","2":"type-product","3":"status-publish","4":"has-post-thumbnail","6":"product_cat-italian-flavours-in-a-jar","7":"product_cat-ready-made-sauces","8":"entry","9":"has-media","11":"first","12":"instock","13":"taxable","14":"shipping-taxable","15":"purchasable","16":"product-type-simple","17":"col","18":"span_1_of_3","19":"wvn-content-left","20":"wvn-thumbs-layout-horizontal","21":"wvn-btn-normal","22":"wvn-tabs-layout-horizontal","23":"circle-sale"},"supplier_id":null,"supplier_sku":"","barcode":null,"atum_controlled":true,"out_stock_date":null,"out_stock_threshold":null,"inheritable":false,"inbound_stock":null,"stock_on_hold":0,"sold_today":0,"sales_last_days":0,"reserved_stock":null,"customer_returns":null,"warehouse_damage":null,"lost_in_post":null,"other_logs":null,"out_stock_days":0,"lost_sales":0,"has_location":false,"update_date":"2026-04-24T04:16:38","atum_locations":[],"atum_stock_status":"instock","restock_status":false,"low_stock_amount":"","sales_update_date":"2026-04-24T04:16:38","calc_backorders":null,"aioseo_notices":[],"_links":{"self":[{"href":"https:\/\/mybeautifulitaly.shop\/pl\/wp-json\/wp\/v2\/product\/6350","targetHints":{"allow":["GET"]}}],"collection":[{"href":"https:\/\/mybeautifulitaly.shop\/pl\/wp-json\/wp\/v2\/product"}],"about":[{"href":"https:\/\/mybeautifulitaly.shop\/pl\/wp-json\/wp\/v2\/types\/product"}],"replies":[{"embeddable":true,"href":"https:\/\/mybeautifulitaly.shop\/pl\/wp-json\/wp\/v2\/comments?post=6350"}],"wp:featuredmedia":[{"embeddable":true,"href":"https:\/\/mybeautifulitaly.shop\/pl\/wp-json\/wp\/v2\/media\/6351"}],"wp:attachment":[{"href":"https:\/\/mybeautifulitaly.shop\/pl\/wp-json\/wp\/v2\/media?parent=6350"}],"wp:term":[{"taxonomy":"product_brand","embeddable":true,"href":"https:\/\/mybeautifulitaly.shop\/pl\/wp-json\/wp\/v2\/product_brand?post=6350"},{"taxonomy":"product_cat","embeddable":true,"href":"https:\/\/mybeautifulitaly.shop\/pl\/wp-json\/wp\/v2\/product_cat?post=6350"},{"taxonomy":"product_tag","embeddable":true,"href":"https:\/\/mybeautifulitaly.shop\/pl\/wp-json\/wp\/v2\/product_tag?post=6350"}],"curies":[{"name":"wp","href":"https:\/\/api.w.org\/{rel}","templated":true}]}}