{"id":6336,"date":"2024-11-08T16:30:31","date_gmt":"2024-11-08T15:30:31","guid":{"rendered":"https:\/\/mybeautifulitaly.shop\/?post_type=product&#038;p=6336"},"modified":"2025-12-11T11:38:48","modified_gmt":"2025-12-11T10:38:48","slug":"ready-made-cauliflower-and-pepper-sauce-pr-ali-na","status":"publish","type":"product","link":"https:\/\/mybeautifulitaly.shop\/pl\/produkt\/ready-made-cauliflower-and-pepper-sauce-pr-ali-na\/","title":{"rendered":"KREM Z KALAFIORA I PAPRYKI PR.ALI.NA"},"content":{"rendered":"<h1>KREM Z KALAFIORA I PAPRYKI PR.ALI.NA<\/h1>\n<p><strong>*** PRALINA \u2013 Smak w\u0142oskiej tradycji ***<\/strong><\/p>\n<p>Dzi\u0119ki intensywnemu smakowi i g\u0142adkiej, kremowej konsystencji doskonale komponuje si\u0119 z r\u00f3\u017cnymi rodzajami makaron\u00f3w, takimi jak fusilli czy paccheri. \u015awietnie sprawdza si\u0119 tak\u017ce jako danie jednogarnkowe \u2013 wystarczy doda\u0107 oliw\u0119 z oliwek extra vergine, imbir lub pieprz, a ca\u0142o\u015b\u0107 poda\u0107 z grzankami lub tostowym chlebem.<\/p>\n<p>Gotowe do spo\u017cycia sosy warzywne idealnie nadaj\u0105 si\u0119 jako przystawka do obiadu lub jako przyprawa do makaronu, a tak\u017ce do wzbogacania da\u0144 rybnych i mi\u0119snych. Prawdziwa koncentracja kolor\u00f3w, zapewniaj\u0105ca eksplozj\u0119 dobrego samopoczucia bez utraty smaku. Autentyczno\u015b\u0107 sk\u0142adnik\u00f3w i prostota procesu produkcji \u0142\u0105cz\u0105 si\u0119, tworz\u0105c produkt, kt\u00f3ry wzbogaca smak \u201edomowej\u201d kuchni.<\/p>\n<p><strong>Sk\u0142adniki :<\/strong> Kalafior 40,5%, woda, ziemniaki, marchew, papryka (1%), kurkuma, s\u00f3l.<\/p>\n<p>Przechowywa\u0107 w ch\u0142odnym, suchym miejscu. Po otwarciu przechowywa\u0107 w lod\u00f3wce i spo\u017cy\u0107 w ci\u0105gu 5 dni. BEZ KONSERWANT\u00d3W! Produkt odpowiedni r\u00f3wnie\u017c dla os\u00f3b na diecie wega\u0144skiej i wegetaria\u0144skiej.<\/p>\n<p><strong>Opakowanie <\/strong>: Butelka szklana 350g<\/p>\n<p><strong>Najlepiej spo\u017cy\u0107 przed <\/strong>: 30.04.2026<\/p>\n<p><strong>Kategoria :<\/strong> Gotowy Sos<\/p>\n<p><strong>Warto\u015bci od\u017cywcze na 100 g<\/strong><\/p>\n<table width=\"576\">\n<tbody>\n<tr>\n<td width=\"288\">Energia (kJ)<\/td>\n<td width=\"288\">104<\/td>\n<\/tr>\n<tr>\n<td width=\"288\">Energia (kcal)<\/td>\n<td width=\"288\">25<\/td>\n<\/tr>\n<tr>\n<td width=\"288\">Bia\u0142ka (g)<\/td>\n<td width=\"288\">1,94<\/td>\n<\/tr>\n<tr>\n<td width=\"288\">T\u0142uszcze (g)<\/td>\n<td width=\"288\">0,14<\/td>\n<\/tr>\n<tr>\n<td width=\"288\">w tym kwasy t\u0142uszczowe nasycone<\/td>\n<td width=\"288\">0,00<\/td>\n<\/tr>\n<tr>\n<td width=\"288\">W\u0119glowodany (g)<\/td>\n<td width=\"288\">3,11<\/td>\n<\/tr>\n<tr>\n<td width=\"288\">w tym cukry (g)<\/td>\n<td width=\"288\">2,10<\/td>\n<\/tr>\n<tr>\n<td width=\"288\">B\u0142onnik (g)<\/td>\n<td width=\"288\">1,61<\/td>\n<\/tr>\n<tr>\n<td width=\"288\">S\u00f3l (g)<\/td>\n<td width=\"288\">0,72<\/td>\n<\/tr>\n<\/tbody>\n<\/table>\n<p>&nbsp;<\/p>\n<p><strong>PR.ALI.NA. SPA (Produzione Alimenti Naturali)<\/strong> to w\u0142oska firma za\u0142o\u017cona w 1991 roku, specjalizuj\u0105ca si\u0119 w produkcji wysokiej jako\u015bci sos\u00f3w, past i przetwor\u00f3w inspirowanych kuchni\u0105 w\u0142osk\u0105, szczeg\u00f3lnie z regionu Apulia.<\/p>\n<p>Firma s\u0142ynie z u\u017cywania \u015bwie\u017cych, lokalnych sk\u0142adnik\u00f3w oraz tradycyjnych receptur, \u0142\u0105cz\u0105c je z nowoczesnymi technologiami przetw\u00f3rczymi, co pozwala zachowa\u0107 autentyczny smak i warto\u015bci od\u017cywcze produkt\u00f3w.<\/p>\n<p>W ofercie PR.ALI.NA. znajduj\u0105 si\u0119 r\u00f3\u017cnorodne produkty, kt\u00f3re wyr\u00f3\u017cniaj\u0105 si\u0119 prostym sk\u0142adem i brakiem sztucznych dodatk\u00f3w.<\/p>\n<p>Firma stawia na ekologiczne rolnictwo i wsp\u00f3\u0142prac\u0119 z lokalnymi producentami, co dodatkowo podkre\u015bla jej zaanga\u017cowanie w ochron\u0119 \u015brodowiska i wspieranie regionalnej gospodarki.<\/p>\n<p>PR.ALI.NA. zdoby\u0142a uznanie na rynku mi\u0119dzynarodowym, eksportuj\u0105c swoje produkty do wielu kraj\u00f3w i promuj\u0105c kuchni\u0119 w\u0142osk\u0105 na ca\u0142ym \u015bwiecie.<\/p>\n<p>Ceniona za jako\u015b\u0107 i autentyczno\u015b\u0107, PR.ALI.NA. jest cz\u0119stym wyborem w\u015br\u00f3d os\u00f3b poszukuj\u0105cych naturalnych, zdrowych i smacznych produkt\u00f3w inspirowanych w\u0142osk\u0105 tradycj\u0105 kulinarn\u0105.<\/p>\n<p>&nbsp;<\/p>\n<p>&nbsp;<\/p>\n<p>&nbsp;<\/p>","protected":false},"excerpt":{"rendered":"<p>&nbsp;<\/p>\n<p>&nbsp;<\/p>\n<p>&nbsp;<\/p>\n<p>&nbsp;<\/p>","protected":false},"featured_media":6337,"comment_status":"open","ping_status":"closed","template":"","meta":[],"product_brand":[],"product_cat":[105,117,109],"product_tag":[],"class_list":{"0":"post-6336","1":"product","2":"type-product","3":"status-publish","4":"has-post-thumbnail","6":"product_cat-italian-flavours-in-a-jar","7":"product_cat-promotions","8":"product_cat-ready-made-sauces","9":"entry","10":"has-media","12":"first","13":"instock","14":"taxable","15":"shipping-taxable","16":"purchasable","17":"product-type-simple","18":"col","19":"span_1_of_3","20":"wvn-content-left","21":"wvn-thumbs-layout-horizontal","22":"wvn-btn-normal","23":"wvn-tabs-layout-horizontal","24":"circle-sale"},"supplier_id":null,"supplier_sku":"","barcode":null,"atum_controlled":true,"out_stock_date":null,"out_stock_threshold":null,"inheritable":false,"inbound_stock":null,"stock_on_hold":0,"sold_today":0,"sales_last_days":0,"reserved_stock":null,"customer_returns":null,"warehouse_damage":null,"lost_in_post":null,"other_logs":null,"out_stock_days":0,"lost_sales":0,"has_location":false,"update_date":"2026-04-24T04:16:38","atum_locations":[],"atum_stock_status":"instock","restock_status":false,"low_stock_amount":"","sales_update_date":"2026-04-24T04:16:38","calc_backorders":null,"aioseo_notices":[],"_links":{"self":[{"href":"https:\/\/mybeautifulitaly.shop\/pl\/wp-json\/wp\/v2\/product\/6336","targetHints":{"allow":["GET"]}}],"collection":[{"href":"https:\/\/mybeautifulitaly.shop\/pl\/wp-json\/wp\/v2\/product"}],"about":[{"href":"https:\/\/mybeautifulitaly.shop\/pl\/wp-json\/wp\/v2\/types\/product"}],"replies":[{"embeddable":true,"href":"https:\/\/mybeautifulitaly.shop\/pl\/wp-json\/wp\/v2\/comments?post=6336"}],"wp:featuredmedia":[{"embeddable":true,"href":"https:\/\/mybeautifulitaly.shop\/pl\/wp-json\/wp\/v2\/media\/6337"}],"wp:attachment":[{"href":"https:\/\/mybeautifulitaly.shop\/pl\/wp-json\/wp\/v2\/media?parent=6336"}],"wp:term":[{"taxonomy":"product_brand","embeddable":true,"href":"https:\/\/mybeautifulitaly.shop\/pl\/wp-json\/wp\/v2\/product_brand?post=6336"},{"taxonomy":"product_cat","embeddable":true,"href":"https:\/\/mybeautifulitaly.shop\/pl\/wp-json\/wp\/v2\/product_cat?post=6336"},{"taxonomy":"product_tag","embeddable":true,"href":"https:\/\/mybeautifulitaly.shop\/pl\/wp-json\/wp\/v2\/product_tag?post=6336"}],"curies":[{"name":"wp","href":"https:\/\/api.w.org\/{rel}","templated":true}]}}