{"id":6331,"date":"2024-11-06T10:53:28","date_gmt":"2024-11-06T09:53:28","guid":{"rendered":"https:\/\/mybeautifulitaly.shop\/?post_type=product&#038;p=6331"},"modified":"2025-12-11T11:37:28","modified_gmt":"2025-12-11T10:37:28","slug":"ready-made-pumpkin-and-carrot-sauce-pr-ali-na","status":"publish","type":"product","link":"https:\/\/mybeautifulitaly.shop\/pl\/produkt\/ready-made-pumpkin-and-carrot-sauce-pr-ali-na\/","title":{"rendered":"KREM Z DYNI I MARCHEWKI PR.ALI.NA"},"content":{"rendered":"<h1>KREM Z DYNI I MARCHEWKI PR.ALI.NA<\/h1>\n<p><strong>*** PRALINA \u2013 Smak w\u0142oskiej tradycji ***<\/strong><\/p>\n<p>Prosty i smaczny krem, o g\u0142adkiej i delikatnej konsystencji. Idealny do makaron\u00f3w, gnocchi lub do przygotowania dobrego risotto. Dobrze komponuje si\u0119 z daniami mi\u0119snymi, ale jest r\u00f3wnie\u017c \u015bwietny jako danie samodzielne, z dodatkiem oliwy extra vergine, pra\u017conych pestek dyni, rozmarynu lub udekorowany \u015bwie\u017cym serem albo kwa\u015bn\u0105 \u015bmietan\u0105.<\/p>\n<p>Gotowe sosy warzywne idealnie nadaj\u0105 si\u0119 jako danie g\u0142\u00f3wne na obiad lub jako dodatek do da\u0144 z makaronem, a nawet do wzbogacenia da\u0144 rybnych lub mi\u0119snych. To prawdziwa koncentrat koloru, zapewniaj\u0105cy bogactwo smaku bez utraty walor\u00f3w smakowych. Autentyczno\u015b\u0107 sk\u0142adnik\u00f3w i prostota procesu produkcji \u0142\u0105cz\u0105 si\u0119, tworz\u0105c produkt, kt\u00f3ry wzbogaca smak \u201edomowych\u201d potraw.<\/p>\n<p><strong>Sk\u0142adniki : <\/strong>Dynia 60%, marchew 20%, woda, por, s\u00f3l.<\/p>\n<p><strong>Opakowanie<\/strong> : Butelka szklana 350g<\/p>\n<p><strong>Najlepiej spo\u017cy\u0107 przed:<\/strong> 30.11.2025<\/p>\n<p><strong>Kategoria :<\/strong> Gotowy Sos<\/p>\n<p>S\u0142oik idealnie nadaje si\u0119 na 3-4 porcje, po otwarciu nale\u017cy przechowywa\u0107 w lod\u00f3wce i spo\u017cy\u0107 w ci\u0105gu 5 dni.<\/p>\n<p><strong>Warto\u015bci od\u017cywcze na 100 g<\/strong><\/p>\n<table width=\"637\">\n<tbody>\n<tr>\n<td width=\"340\">\u00a0Energia (kJ)<\/td>\n<td width=\"298\">\u00a0115<\/td>\n<\/tr>\n<tr>\n<td width=\"340\">\u00a0Energia (kcal)<\/td>\n<td width=\"298\">\u00a028<\/td>\n<\/tr>\n<tr>\n<td width=\"340\">\u00a0Bia\u0142ko (g)<\/td>\n<td width=\"298\">\u00a00,93<\/td>\n<\/tr>\n<tr>\n<td width=\"340\">\u00a0T\u0142uszcz (g)<\/p>\n<p>w tym kwasy t\u0142uszczowe nasycone<\/td>\n<td width=\"298\">\u00a00,10<\/p>\n<p>0,00<\/td>\n<\/tr>\n<tr>\n<td width=\"340\">\u00a0W\u0119glowodany (g)<\/p>\n<p>W tym cukry (g)<\/td>\n<td width=\"298\">\u00a03,75<\/p>\n<p>3,15<\/td>\n<\/tr>\n<tr>\n<td width=\"340\">B\u0142onnik (g)<\/td>\n<td width=\"298\">\u00a03,99<\/td>\n<\/tr>\n<tr>\n<td width=\"340\">S\u00f3l (g)<\/td>\n<td width=\"298\">\u00a00,74<\/td>\n<\/tr>\n<\/tbody>\n<\/table>\n<p>&nbsp;<\/p>\n<p><strong>PR.ALI.NA. SPA (Produzione Alimenti Naturali)<\/strong> to w\u0142oska firma za\u0142o\u017cona w 1991 roku, specjalizuj\u0105ca si\u0119 w produkcji wysokiej jako\u015bci sos\u00f3w, past i przetwor\u00f3w inspirowanych kuchni\u0105 w\u0142osk\u0105, szczeg\u00f3lnie z regionu Apulia.<\/p>\n<p>Firma s\u0142ynie z u\u017cywania \u015bwie\u017cych, lokalnych sk\u0142adnik\u00f3w oraz tradycyjnych receptur, \u0142\u0105cz\u0105c je z nowoczesnymi technologiami przetw\u00f3rczymi, co pozwala zachowa\u0107 autentyczny smak i warto\u015bci od\u017cywcze produkt\u00f3w.<\/p>\n<p>W ofercie PR.ALI.NA. znajduj\u0105 si\u0119 r\u00f3\u017cnorodne produkty, kt\u00f3re wyr\u00f3\u017cniaj\u0105 si\u0119 prostym sk\u0142adem i brakiem sztucznych dodatk\u00f3w.<\/p>\n<p>Firma stawia na ekologiczne rolnictwo i wsp\u00f3\u0142prac\u0119 z lokalnymi producentami, co dodatkowo podkre\u015bla jej zaanga\u017cowanie w ochron\u0119 \u015brodowiska i wspieranie regionalnej gospodarki.<\/p>\n<p>PR.ALI.NA. zdoby\u0142a uznanie na rynku mi\u0119dzynarodowym, eksportuj\u0105c swoje produkty do wielu kraj\u00f3w i promuj\u0105c kuchni\u0119 w\u0142osk\u0105 na ca\u0142ym \u015bwiecie.<\/p>\n<p>Ceniona za jako\u015b\u0107 i autentyczno\u015b\u0107, PR.ALI.NA. jest cz\u0119stym wyborem w\u015br\u00f3d os\u00f3b poszukuj\u0105cych naturalnych, zdrowych i smacznych produkt\u00f3w inspirowanych w\u0142osk\u0105 tradycj\u0105 kulinarn\u0105.<\/p>\n<p>&nbsp;<\/p>\n<p>&nbsp;<\/p>\n<p>&nbsp;<\/p>\n<p>&nbsp;<\/p>\n<p>&nbsp;<\/p>\n<p>&nbsp;<\/p>\n<p>&nbsp;<\/p>","protected":false},"excerpt":{"rendered":"<p>&nbsp;<\/p>\n<p>&nbsp;<\/p>\n<p>&nbsp;<\/p>\n<p>&nbsp;<\/p>\n<p>&nbsp;<\/p>\n<p>&nbsp;<\/p>\n<p>&nbsp;<\/p>\n<p>&nbsp;<\/p>","protected":false},"featured_media":6332,"comment_status":"open","ping_status":"closed","template":"","meta":[],"product_brand":[],"product_cat":[105,117,109],"product_tag":[],"class_list":{"0":"post-6331","1":"product","2":"type-product","3":"status-publish","4":"has-post-thumbnail","6":"product_cat-italian-flavours-in-a-jar","7":"product_cat-promotions","8":"product_cat-ready-made-sauces","9":"entry","10":"has-media","12":"first","13":"outofstock","14":"taxable","15":"shipping-taxable","16":"purchasable","17":"product-type-simple","18":"col","19":"span_1_of_3","20":"wvn-content-left","21":"wvn-thumbs-layout-horizontal","22":"wvn-btn-normal","23":"wvn-tabs-layout-horizontal","24":"circle-sale"},"supplier_id":null,"supplier_sku":"","barcode":null,"atum_controlled":true,"out_stock_date":"2025-12-11 11:37:28","out_stock_threshold":null,"inheritable":false,"inbound_stock":null,"stock_on_hold":0,"sold_today":0,"sales_last_days":0,"reserved_stock":null,"customer_returns":null,"warehouse_damage":null,"lost_in_post":null,"other_logs":null,"out_stock_days":133,"lost_sales":380,"has_location":false,"update_date":"2026-04-24T04:16:38","atum_locations":[],"atum_stock_status":"outofstock","restock_status":false,"low_stock_amount":"","sales_update_date":"2026-04-24T04:16:38","calc_backorders":null,"aioseo_notices":[],"_links":{"self":[{"href":"https:\/\/mybeautifulitaly.shop\/pl\/wp-json\/wp\/v2\/product\/6331","targetHints":{"allow":["GET"]}}],"collection":[{"href":"https:\/\/mybeautifulitaly.shop\/pl\/wp-json\/wp\/v2\/product"}],"about":[{"href":"https:\/\/mybeautifulitaly.shop\/pl\/wp-json\/wp\/v2\/types\/product"}],"replies":[{"embeddable":true,"href":"https:\/\/mybeautifulitaly.shop\/pl\/wp-json\/wp\/v2\/comments?post=6331"}],"wp:featuredmedia":[{"embeddable":true,"href":"https:\/\/mybeautifulitaly.shop\/pl\/wp-json\/wp\/v2\/media\/6332"}],"wp:attachment":[{"href":"https:\/\/mybeautifulitaly.shop\/pl\/wp-json\/wp\/v2\/media?parent=6331"}],"wp:term":[{"taxonomy":"product_brand","embeddable":true,"href":"https:\/\/mybeautifulitaly.shop\/pl\/wp-json\/wp\/v2\/product_brand?post=6331"},{"taxonomy":"product_cat","embeddable":true,"href":"https:\/\/mybeautifulitaly.shop\/pl\/wp-json\/wp\/v2\/product_cat?post=6331"},{"taxonomy":"product_tag","embeddable":true,"href":"https:\/\/mybeautifulitaly.shop\/pl\/wp-json\/wp\/v2\/product_tag?post=6331"}],"curies":[{"name":"wp","href":"https:\/\/api.w.org\/{rel}","templated":true}]}}