{"id":6323,"date":"2024-11-08T16:26:37","date_gmt":"2024-11-08T15:26:37","guid":{"rendered":"https:\/\/mybeautifulitaly.shop\/?post_type=product&#038;p=6323"},"modified":"2025-08-11T14:38:18","modified_gmt":"2025-08-11T12:38:18","slug":"ready-made-pizza-sauce-with-peppers","status":"publish","type":"product","link":"https:\/\/mybeautifulitaly.shop\/pl\/produkt\/ready-made-pizza-sauce-with-peppers\/","title":{"rendered":"GOTOWY SOS DO PIZZY Z PAPRYK\u0104"},"content":{"rendered":"<h1>GOTOWY SOS DO PIZZY Z PAPRYK\u0104 PR.ALI.NA<\/h1>\n<p><strong>*** PRALINA \u2013 Smak w\u0142oskiej tradycji ***<\/strong><\/p>\n<p>Gotowe sosy \u201eReady to Pizza\u201d to doskona\u0142y dodatek zar\u00f3wno do pizzy, jak i pinsy. Od klasycznych po bardziej wyraziste smaki, sosy te przygotowywane s\u0105 z najwy\u017cszej jako\u015bci sk\u0142adnik\u00f3w, aby zapewni\u0107 eksplozj\u0119 aromat\u00f3w w ka\u017cdym k\u0119sie. Dzi\u0119ki s\u0142odkiemu, a zarazem wyrazistemu smakowi papryczek, stanowi\u0105 idealny wyb\u00f3r dla mi\u0142o\u015bnik\u00f3w intensywnych i wyrazistych dozna\u0144 smakowych.<\/p>\n<p>Sos gotowy do u\u017cycia. Idealny do przyprawienia dw\u00f3ch spod\u00f3w do pizzy lub pinsy. Wylej i r\u00f3wnomiernie rozprowad\u017a zawarto\u015b\u0107 na cie\u015bcie, dodaj ulubione sk\u0142adniki i upiecz. Smacznego!<\/p>\n<p><strong>Sk\u0142adniki <\/strong>:Pomidor, \u017c\u00f3\u0142ta papryka, czerwona papryka, cebula, oliwa z oliwek, bazylia, czosnek, s\u00f3l, cukier, tymianek.<\/p>\n<p>Przechowywa\u0107 w ch\u0142odnym, suchym miejscu. Po otwarciu opakowania przechowywa\u0107 w lod\u00f3wce i spo\u017cy\u0107 w ci\u0105gu 5 dni.<\/p>\n<p>BEZ KONSERWANT\u00d3W!<br \/>\nOdpowiedni r\u00f3wnie\u017c dla os\u00f3b b\u0119d\u0105cych na diecie wega\u0144skiej i wegetaria\u0144skiej.<\/p>\n<p><strong>Opakowanie:<\/strong> Butelka szklana 350g<\/p>\n<p><strong>Najlepiej spo\u017cy\u0107 przed:<\/strong> 30.06.2027<\/p>\n<p><strong>Kategoria :<\/strong> Sos do pizzy<\/p>\n<p><strong>Warto\u015bci od\u017cywcze na 100 g<\/strong><\/p>\n<table width=\"54%\">\n<tbody>\n<tr>\n<td width=\"79%\">Energia (kJ)<\/td>\n<td width=\"19%\">\u00a0201<\/td>\n<\/tr>\n<tr>\n<td width=\"79%\">Energia (kcal)<\/td>\n<td width=\"19%\">\u00a048<\/td>\n<\/tr>\n<tr>\n<td width=\"79%\">Bia\u0142ka (g)<\/td>\n<td width=\"19%\">\u00a01,2<\/td>\n<\/tr>\n<tr>\n<td width=\"79%\">T\u0142uszcze (g)<\/p>\n<p>w tym kwasy t\u0142uszczowe nasycone<\/td>\n<td width=\"19%\">\u00a02,2<\/p>\n<p>0,3<\/td>\n<\/tr>\n<tr>\n<td width=\"79%\">W\u0119glowodany (g)<\/p>\n<p>w tym cukry (g)<\/td>\n<td width=\"19%\">\u00a05,1<\/p>\n<p>4,5<\/td>\n<\/tr>\n<tr>\n<td width=\"79%\">B\u0142onnik (g)<\/td>\n<td width=\"19%\">\u00a01,6<\/td>\n<\/tr>\n<tr>\n<td width=\"79%\">S\u00f3l (g)<\/td>\n<td width=\"19%\">\u00a00,7<\/td>\n<\/tr>\n<\/tbody>\n<\/table>\n<p>&nbsp;<\/p>\n<p><strong>PR.ALI.NA. SPA (Produzione Alimenti Naturali)<\/strong> to w\u0142oska firma za\u0142o\u017cona w 1991 roku, specjalizuj\u0105ca si\u0119 w produkcji wysokiej jako\u015bci sos\u00f3w, past i przetwor\u00f3w inspirowanych kuchni\u0105 w\u0142osk\u0105, szczeg\u00f3lnie z regionu Apulia.<\/p>\n<p>Firma s\u0142ynie z u\u017cywania \u015bwie\u017cych, lokalnych sk\u0142adnik\u00f3w oraz tradycyjnych receptur, \u0142\u0105cz\u0105c je z nowoczesnymi technologiami przetw\u00f3rczymi, co pozwala zachowa\u0107 autentyczny smak i warto\u015bci od\u017cywcze produkt\u00f3w.<\/p>\n<p>W ofercie PR.ALI.NA. znajduj\u0105 si\u0119 r\u00f3\u017cnorodne produkty, kt\u00f3re wyr\u00f3\u017cniaj\u0105 si\u0119 prostym sk\u0142adem i brakiem sztucznych dodatk\u00f3w.<\/p>\n<p>Firma stawia na ekologiczne rolnictwo i wsp\u00f3\u0142prac\u0119 z lokalnymi producentami, co dodatkowo podkre\u015bla jej zaanga\u017cowanie w ochron\u0119 \u015brodowiska i wspieranie regionalnej gospodarki.<\/p>\n<p>PR.ALI.NA. zdoby\u0142a uznanie na rynku mi\u0119dzynarodowym, eksportuj\u0105c swoje produkty do wielu kraj\u00f3w i promuj\u0105c kuchni\u0119 w\u0142osk\u0105 na ca\u0142ym \u015bwiecie.<\/p>\n<p>Ceniona za jako\u015b\u0107 i autentyczno\u015b\u0107, PR.ALI.NA. jest cz\u0119stym wyborem w\u015br\u00f3d os\u00f3b poszukuj\u0105cych naturalnych, zdrowych i smacznych produkt\u00f3w inspirowanych w\u0142osk\u0105 tradycj\u0105 kulinarn\u0105.<\/p>\n<p>&nbsp;<\/p>","protected":false},"excerpt":{"rendered":"<p>&nbsp;<\/p>\n<p>&nbsp;<\/p>","protected":false},"featured_media":6324,"comment_status":"open","ping_status":"closed","template":"","meta":[],"product_brand":[],"product_cat":[105,113],"product_tag":[],"class_list":{"0":"post-6323","1":"product","2":"type-product","3":"status-publish","4":"has-post-thumbnail","6":"product_cat-italian-flavours-in-a-jar","7":"product_cat-sauces-for-pizza","8":"entry","9":"has-media","11":"first","12":"instock","13":"taxable","14":"shipping-taxable","15":"purchasable","16":"product-type-simple","17":"col","18":"span_1_of_3","19":"wvn-content-left","20":"wvn-thumbs-layout-horizontal","21":"wvn-btn-normal","22":"wvn-tabs-layout-horizontal","23":"has-no-thumbnails","24":"circle-sale"},"supplier_id":null,"supplier_sku":"","barcode":null,"atum_controlled":true,"out_stock_date":null,"out_stock_threshold":null,"inheritable":false,"inbound_stock":null,"stock_on_hold":0,"sold_today":0,"sales_last_days":0,"reserved_stock":null,"customer_returns":null,"warehouse_damage":null,"lost_in_post":null,"other_logs":null,"out_stock_days":0,"lost_sales":0,"has_location":false,"update_date":"2026-04-24T04:16:38","atum_locations":[],"atum_stock_status":"instock","restock_status":false,"low_stock_amount":"","sales_update_date":"2026-04-24T04:16:38","calc_backorders":null,"aioseo_notices":[],"_links":{"self":[{"href":"https:\/\/mybeautifulitaly.shop\/pl\/wp-json\/wp\/v2\/product\/6323","targetHints":{"allow":["GET"]}}],"collection":[{"href":"https:\/\/mybeautifulitaly.shop\/pl\/wp-json\/wp\/v2\/product"}],"about":[{"href":"https:\/\/mybeautifulitaly.shop\/pl\/wp-json\/wp\/v2\/types\/product"}],"replies":[{"embeddable":true,"href":"https:\/\/mybeautifulitaly.shop\/pl\/wp-json\/wp\/v2\/comments?post=6323"}],"wp:featuredmedia":[{"embeddable":true,"href":"https:\/\/mybeautifulitaly.shop\/pl\/wp-json\/wp\/v2\/media\/6324"}],"wp:attachment":[{"href":"https:\/\/mybeautifulitaly.shop\/pl\/wp-json\/wp\/v2\/media?parent=6323"}],"wp:term":[{"taxonomy":"product_brand","embeddable":true,"href":"https:\/\/mybeautifulitaly.shop\/pl\/wp-json\/wp\/v2\/product_brand?post=6323"},{"taxonomy":"product_cat","embeddable":true,"href":"https:\/\/mybeautifulitaly.shop\/pl\/wp-json\/wp\/v2\/product_cat?post=6323"},{"taxonomy":"product_tag","embeddable":true,"href":"https:\/\/mybeautifulitaly.shop\/pl\/wp-json\/wp\/v2\/product_tag?post=6323"}],"curies":[{"name":"wp","href":"https:\/\/api.w.org\/{rel}","templated":true}]}}