{"id":6313,"date":"2024-11-08T16:17:19","date_gmt":"2024-11-08T15:17:19","guid":{"rendered":"https:\/\/mybeautifulitaly.shop\/?post_type=product&#038;p=6313"},"modified":"2025-10-08T23:08:25","modified_gmt":"2025-10-08T21:08:25","slug":"artichoke-bruschetta-pr-ali-na","status":"publish","type":"product","link":"https:\/\/mybeautifulitaly.shop\/pl\/produkt\/artichoke-bruschetta-pr-ali-na\/","title":{"rendered":"BRUSCHETTA Z KARCZOCH\u00d3W PR.ALI.NA"},"content":{"rendered":"<h1>BRUSCHETTA Z KARCZOCH\u00d3W PR.ALI.NA<\/h1>\n<p><strong>*** PRALINA \u2013 Smak w\u0142oskiej tradycji ***<\/strong><\/p>\n<p>Pasta z karczoch\u00f3w do przygotowania pysznej bruschetty o \u015br\u00f3dziemnomorskim smaku.<br \/>\nWyprodukowane z wysokiej jako\u015bci surowc\u00f3w uprawianych przez rolnik\u00f3w na terenach Salento.<br \/>\nWyrazisty smak, produkt odpowiedni r\u00f3wnie\u017c dla wegan i wegetarian.<\/p>\n<p>Dodatek do bruschetty lub crostini, smaczna przek\u0105ska.<br \/>\nDoskonale nadaje si\u0119 r\u00f3wnie\u017c jako szybka przek\u0105ska w po\u0142\u0105czeniu z serami lub do przyprawiania \u015bwie\u017cych, letnich sa\u0142atek.<\/p>\n<p><strong>Sk\u0142adniki :<\/strong> Karczochy, czerwona papryka, oliwa z oliwek, ocet winny, kapary, czosnek, pietruszka, s\u00f3l.<\/p>\n<p>Przechowywa\u0107 w ch\u0142odnym, suchym miejscu. Po otwarciu opakowania przechowywa\u0107 w lod\u00f3wce i spo\u017cy\u0107 w ci\u0105gu 5 dni. BEZ KONSERWANT\u00d3W!<\/p>\n<p><strong>Opakowanie<\/strong> : S\u0142oik 180g<\/p>\n<p><strong>Najlepiej spo\u017cy\u0107 przed:<\/strong> 31.08.2026<\/p>\n<p><strong>Kategoria :<\/strong> Bruschetta<\/p>\n<p><strong>Warto\u015bci od\u017cywcze na 100 g<\/strong><\/p>\n<table width=\"54%\">\n<tbody>\n<tr>\n<td width=\"79%\">Energia (kJ)<\/td>\n<td width=\"19%\">\u00a0497<\/td>\n<\/tr>\n<tr>\n<td width=\"79%\">Energia (kcal)<\/td>\n<td width=\"19%\">\u00a0120<\/td>\n<\/tr>\n<tr>\n<td width=\"79%\">Bia\u0142ka (g)<\/td>\n<td width=\"19%\">\u00a02,1<\/td>\n<\/tr>\n<tr>\n<td width=\"79%\">T\u0142uszcze (g)<\/p>\n<p>w tym kwasy t\u0142uszczowe nasycone<\/td>\n<td width=\"19%\">\u00a011,2<\/p>\n<p>1,5<\/td>\n<\/tr>\n<tr>\n<td width=\"79%\">W\u0119glowodany (g)<\/p>\n<p>w tym cukry (g)<\/td>\n<td width=\"19%\">\u00a02,4<\/p>\n<p>0,5<\/td>\n<\/tr>\n<tr>\n<td width=\"79%\">B\u0142onnik (g)<\/td>\n<td width=\"19%\">\u00a00,2<\/td>\n<\/tr>\n<tr>\n<td width=\"79%\">S\u00f3l (g)<\/td>\n<td width=\"19%\">\u00a00,93<\/td>\n<\/tr>\n<\/tbody>\n<\/table>\n<p>&nbsp;<\/p>\n<p><strong>PR.ALI.NA. SPA (Produzione Alimenti Naturali)<\/strong> to w\u0142oska firma za\u0142o\u017cona w 1991 roku, specjalizuj\u0105ca si\u0119 w produkcji wysokiej jako\u015bci sos\u00f3w, past i przetwor\u00f3w inspirowanych kuchni\u0105 w\u0142osk\u0105, szczeg\u00f3lnie z regionu Apulia.<\/p>\n<p>Firma s\u0142ynie z u\u017cywania \u015bwie\u017cych, lokalnych sk\u0142adnik\u00f3w oraz tradycyjnych receptur, \u0142\u0105cz\u0105c je z nowoczesnymi technologiami przetw\u00f3rczymi, co pozwala zachowa\u0107 autentyczny smak i warto\u015bci od\u017cywcze produkt\u00f3w.<\/p>\n<p>W ofercie PR.ALI.NA. znajduj\u0105 si\u0119 r\u00f3\u017cnorodne produkty, kt\u00f3re wyr\u00f3\u017cniaj\u0105 si\u0119 prostym sk\u0142adem i brakiem sztucznych dodatk\u00f3w.<\/p>\n<p>Firma stawia na ekologiczne rolnictwo i wsp\u00f3\u0142prac\u0119 z lokalnymi producentami, co dodatkowo podkre\u015bla jej zaanga\u017cowanie w ochron\u0119 \u015brodowiska i wspieranie regionalnej gospodarki.<\/p>\n<p>PR.ALI.NA. zdoby\u0142a uznanie na rynku mi\u0119dzynarodowym, eksportuj\u0105c swoje produkty do wielu kraj\u00f3w i promuj\u0105c kuchni\u0119 w\u0142osk\u0105 na ca\u0142ym \u015bwiecie.<\/p>\n<p>Ceniona za jako\u015b\u0107 i autentyczno\u015b\u0107, PR.ALI.NA. jest cz\u0119stym wyborem w\u015br\u00f3d os\u00f3b poszukuj\u0105cych naturalnych, zdrowych i smacznych produkt\u00f3w inspirowanych w\u0142osk\u0105 tradycj\u0105 kulinarn\u0105.<\/p>\n<p>&nbsp;<\/p>","protected":false},"excerpt":{"rendered":"<p>&nbsp;<\/p>\n<p>&nbsp;<\/p>","protected":false},"featured_media":6314,"comment_status":"open","ping_status":"closed","template":"","meta":[],"product_brand":[],"product_cat":[115,105],"product_tag":[],"class_list":{"0":"post-6313","1":"product","2":"type-product","3":"status-publish","4":"has-post-thumbnail","6":"product_cat-bruschetta","7":"product_cat-italian-flavours-in-a-jar","8":"entry","9":"has-media","11":"first","12":"instock","13":"taxable","14":"shipping-taxable","15":"purchasable","16":"product-type-simple","17":"col","18":"span_1_of_3","19":"wvn-content-left","20":"wvn-thumbs-layout-horizontal","21":"wvn-btn-normal","22":"wvn-tabs-layout-horizontal","23":"circle-sale"},"supplier_id":null,"supplier_sku":"","barcode":null,"atum_controlled":true,"out_stock_date":null,"out_stock_threshold":null,"inheritable":false,"inbound_stock":null,"stock_on_hold":0,"sold_today":0,"sales_last_days":0,"reserved_stock":null,"customer_returns":null,"warehouse_damage":null,"lost_in_post":null,"other_logs":null,"out_stock_days":0,"lost_sales":0,"has_location":false,"update_date":"2026-04-24T04:16:38","atum_locations":[],"atum_stock_status":"instock","restock_status":false,"low_stock_amount":"","sales_update_date":"2026-04-24T04:16:38","calc_backorders":null,"aioseo_notices":[],"_links":{"self":[{"href":"https:\/\/mybeautifulitaly.shop\/pl\/wp-json\/wp\/v2\/product\/6313","targetHints":{"allow":["GET"]}}],"collection":[{"href":"https:\/\/mybeautifulitaly.shop\/pl\/wp-json\/wp\/v2\/product"}],"about":[{"href":"https:\/\/mybeautifulitaly.shop\/pl\/wp-json\/wp\/v2\/types\/product"}],"replies":[{"embeddable":true,"href":"https:\/\/mybeautifulitaly.shop\/pl\/wp-json\/wp\/v2\/comments?post=6313"}],"wp:featuredmedia":[{"embeddable":true,"href":"https:\/\/mybeautifulitaly.shop\/pl\/wp-json\/wp\/v2\/media\/6314"}],"wp:attachment":[{"href":"https:\/\/mybeautifulitaly.shop\/pl\/wp-json\/wp\/v2\/media?parent=6313"}],"wp:term":[{"taxonomy":"product_brand","embeddable":true,"href":"https:\/\/mybeautifulitaly.shop\/pl\/wp-json\/wp\/v2\/product_brand?post=6313"},{"taxonomy":"product_cat","embeddable":true,"href":"https:\/\/mybeautifulitaly.shop\/pl\/wp-json\/wp\/v2\/product_cat?post=6313"},{"taxonomy":"product_tag","embeddable":true,"href":"https:\/\/mybeautifulitaly.shop\/pl\/wp-json\/wp\/v2\/product_tag?post=6313"}],"curies":[{"name":"wp","href":"https:\/\/api.w.org\/{rel}","templated":true}]}}