{"id":6239,"date":"2024-11-03T17:01:43","date_gmt":"2024-11-03T16:01:43","guid":{"rendered":"https:\/\/mybeautifulitaly.shop\/?post_type=product&#038;p=6239"},"modified":"2025-12-16T13:23:06","modified_gmt":"2025-12-16T12:23:06","slug":"lemon-marmalade-parente","status":"publish","type":"product","link":"https:\/\/mybeautifulitaly.shop\/pl\/produkt\/lemon-marmalade-parente\/","title":{"rendered":"D\u017cem cytrynowy Parente"},"content":{"rendered":"<h1><strong>D\u017cem cytrynowy Parente<br \/>\n<\/strong><\/h1>\n<p>Kremowy d\u017cem o zniewalaj\u0105cym aromacie sezonowych cytryn, przywo\u0142uj\u0105cy zapach lata. Idealnie komponuje si\u0119 z popo\u0142udniow\u0105 herbat\u0105, a tak\u017ce doskonale nadaje si\u0119 do nadziewania tort\u00f3w i biszkopt\u00f3w.<\/p>\n<p><strong>Kategoria:<\/strong> D\u017cemy<\/p>\n<p><strong>Sk\u0142adniki<\/strong>: W\u0142oskie cytryny 55%, cukier, sk\u00f3rki cytrynowe. Substancja \u017celuj\u0105ca: pektyna. Regulator kwasowo\u015bci: kwas cytrynowy. U\u017cyte owoce: minimum 55 g na 100 g.<\/p>\n<p><strong>Data wa\u017cno\u015bci: <\/strong>31.07.2027<\/p>\n<p><strong>Warto\u015bci od\u017cywcze na 100g:<\/strong><\/p>\n<table>\n<tbody>\n<tr>\n<td><strong>Waga<\/strong><\/td>\n<td>340 g<\/td>\n<\/tr>\n<tr>\n<td><strong>Energia<\/strong><\/td>\n<td>909 kJ \/ 214 kcal<\/td>\n<\/tr>\n<tr>\n<td><strong>T\u0142uszcze<\/strong><\/td>\n<td>0 g w tym kwasy t\u0142uszczowe nasycone 0 g<\/td>\n<\/tr>\n<tr>\n<td><strong>W\u0119glowodany<\/strong><\/td>\n<td>55 g w tym cukry 55 g<\/td>\n<\/tr>\n<tr>\n<td><strong>Bia\u0142ko<\/strong><\/td>\n<td>0 g<\/td>\n<\/tr>\n<tr>\n<td><strong>S\u00f3l<\/strong><\/td>\n<td>0,03 g<\/td>\n<\/tr>\n<\/tbody>\n<\/table>\n<p>&nbsp;<\/p>\n<p>&nbsp;<\/p>\n<p>&nbsp;<\/p>","protected":false},"excerpt":{"rendered":"<p>&nbsp;<\/p>\n<p>&nbsp;<\/p>\n<p>&nbsp;<\/p>\n<p>&nbsp;<\/p>","protected":false},"featured_media":6241,"comment_status":"open","ping_status":"closed","template":"","meta":[],"product_brand":[],"product_cat":[105,111],"product_tag":[],"class_list":{"0":"post-6239","1":"product","2":"type-product","3":"status-publish","4":"has-post-thumbnail","6":"product_cat-italian-flavours-in-a-jar","7":"product_cat-jams","8":"entry","9":"has-media","11":"first","12":"instock","13":"taxable","14":"shipping-taxable","15":"purchasable","16":"product-type-simple","17":"col","18":"span_1_of_3","19":"wvn-content-left","20":"wvn-thumbs-layout-horizontal","21":"wvn-btn-normal","22":"wvn-tabs-layout-horizontal","23":"has-no-thumbnails","24":"circle-sale"},"supplier_id":null,"supplier_sku":"","barcode":null,"atum_controlled":true,"out_stock_date":null,"out_stock_threshold":null,"inheritable":false,"inbound_stock":null,"stock_on_hold":0,"sold_today":0,"sales_last_days":0,"reserved_stock":null,"customer_returns":null,"warehouse_damage":null,"lost_in_post":null,"other_logs":null,"out_stock_days":0,"lost_sales":0,"has_location":false,"update_date":"2026-04-24T04:16:38","atum_locations":[],"atum_stock_status":"instock","restock_status":false,"low_stock_amount":"","sales_update_date":"2026-04-24T04:16:38","calc_backorders":null,"aioseo_notices":[],"_links":{"self":[{"href":"https:\/\/mybeautifulitaly.shop\/pl\/wp-json\/wp\/v2\/product\/6239","targetHints":{"allow":["GET"]}}],"collection":[{"href":"https:\/\/mybeautifulitaly.shop\/pl\/wp-json\/wp\/v2\/product"}],"about":[{"href":"https:\/\/mybeautifulitaly.shop\/pl\/wp-json\/wp\/v2\/types\/product"}],"replies":[{"embeddable":true,"href":"https:\/\/mybeautifulitaly.shop\/pl\/wp-json\/wp\/v2\/comments?post=6239"}],"wp:featuredmedia":[{"embeddable":true,"href":"https:\/\/mybeautifulitaly.shop\/pl\/wp-json\/wp\/v2\/media\/6241"}],"wp:attachment":[{"href":"https:\/\/mybeautifulitaly.shop\/pl\/wp-json\/wp\/v2\/media?parent=6239"}],"wp:term":[{"taxonomy":"product_brand","embeddable":true,"href":"https:\/\/mybeautifulitaly.shop\/pl\/wp-json\/wp\/v2\/product_brand?post=6239"},{"taxonomy":"product_cat","embeddable":true,"href":"https:\/\/mybeautifulitaly.shop\/pl\/wp-json\/wp\/v2\/product_cat?post=6239"},{"taxonomy":"product_tag","embeddable":true,"href":"https:\/\/mybeautifulitaly.shop\/pl\/wp-json\/wp\/v2\/product_tag?post=6239"}],"curies":[{"name":"wp","href":"https:\/\/api.w.org\/{rel}","templated":true}]}}