{"id":6237,"date":"2024-11-03T17:15:19","date_gmt":"2024-11-03T16:15:19","guid":{"rendered":"https:\/\/mybeautifulitaly.shop\/?post_type=product&#038;p=6237"},"modified":"2026-02-24T10:40:23","modified_gmt":"2026-02-24T09:40:23","slug":"bella-di-cerignola-olives-parente-2","status":"publish","type":"product","link":"https:\/\/mybeautifulitaly.shop\/pl\/produkt\/bella-di-cerignola-olives-parente-2\/","title":{"rendered":"Oliwki Bella di Cerignola Parente"},"content":{"rendered":"<h1>Oliwki Bella di Cerignola Parente<\/h1>\n<p>Zielone oliwki DOP \u201eLa Bella di Cerignola\u201d to wyj\u0105tkowa odmiana oliwek sto\u0142owych, ceniona za sw\u00f3j imponuj\u0105cy rozmiar i mi\u0119sist\u0105 konsystencj\u0119. Delikatnie solone, idealnie sprawdz\u0105 si\u0119 jako przek\u0105ska, dodatek do potraw lub po prostu do jedzenia solo.<\/p>\n<p><strong>Kategoria<\/strong>: Oliwki<\/p>\n<p><strong>Sk\u0142adniki<\/strong>:Oliwki Bella di Cerignola 63%, woda, s\u00f3l. Regulator kwasowo\u015bci: kwas mlekowy.<\/p>\n<p><strong>Data wa\u017cno\u015bci: <\/strong>30.08.2027<\/p>\n<p><strong>Warto\u015bci od\u017cywcze na 100g:<\/strong><\/p>\n<table>\n<tbody>\n<tr>\n<td><strong>Waga po ods\u0105czeniu<\/strong><\/td>\n<td>180 g<\/td>\n<\/tr>\n<tr>\n<td><strong>Energia<\/strong><\/td>\n<td>293 kj  \/ 71 kcal<\/td>\n<\/tr>\n<tr>\n<td><strong>T\u0142uszcze<\/strong><\/td>\n<td>7,0 g w tym kwasy t\u0142uszczowe nasycone 1,0 g<\/td>\n<\/tr>\n<tr>\n<td><strong>W\u0119glowodany<\/strong><\/td>\n<td>0,6 g w tym cukry 0,6 g<\/td>\n<\/tr>\n<tr>\n<td><strong>Bia\u0142ko<\/strong><\/td>\n<td>0,8 g<\/td>\n<\/tr>\n<tr>\n<td><strong>S\u00f3l<\/strong><\/td>\n<td>2,8 g<\/td>\n<\/tr>\n<\/tbody>\n<\/table>\n<p>&nbsp;<\/p>\n<p>&nbsp;<\/p>","protected":false},"excerpt":{"rendered":"<p>&nbsp;<\/p>\n<p>&nbsp;<\/p>\n<p>&nbsp;<\/p>","protected":false},"featured_media":6238,"comment_status":"open","ping_status":"closed","template":"","meta":[],"product_brand":[],"product_cat":[105,110],"product_tag":[],"class_list":{"0":"post-6237","1":"product","2":"type-product","3":"status-publish","4":"has-post-thumbnail","6":"product_cat-italian-flavours-in-a-jar","7":"product_cat-olives","8":"entry","9":"has-media","11":"first","12":"instock","13":"taxable","14":"shipping-taxable","15":"purchasable","16":"product-type-simple","17":"col","18":"span_1_of_3","19":"wvn-content-left","20":"wvn-thumbs-layout-horizontal","21":"wvn-btn-normal","22":"wvn-tabs-layout-horizontal","23":"has-no-thumbnails","24":"circle-sale"},"supplier_id":null,"supplier_sku":"","barcode":null,"atum_controlled":true,"out_stock_date":null,"out_stock_threshold":null,"inheritable":false,"inbound_stock":null,"stock_on_hold":0,"sold_today":0,"sales_last_days":0,"reserved_stock":null,"customer_returns":null,"warehouse_damage":null,"lost_in_post":null,"other_logs":null,"out_stock_days":0,"lost_sales":0,"has_location":false,"update_date":"2026-04-24T04:16:38","atum_locations":[],"atum_stock_status":"instock","restock_status":false,"low_stock_amount":"","sales_update_date":"2026-04-24T04:16:38","calc_backorders":null,"aioseo_notices":[],"_links":{"self":[{"href":"https:\/\/mybeautifulitaly.shop\/pl\/wp-json\/wp\/v2\/product\/6237","targetHints":{"allow":["GET"]}}],"collection":[{"href":"https:\/\/mybeautifulitaly.shop\/pl\/wp-json\/wp\/v2\/product"}],"about":[{"href":"https:\/\/mybeautifulitaly.shop\/pl\/wp-json\/wp\/v2\/types\/product"}],"replies":[{"embeddable":true,"href":"https:\/\/mybeautifulitaly.shop\/pl\/wp-json\/wp\/v2\/comments?post=6237"}],"wp:featuredmedia":[{"embeddable":true,"href":"https:\/\/mybeautifulitaly.shop\/pl\/wp-json\/wp\/v2\/media\/6238"}],"wp:attachment":[{"href":"https:\/\/mybeautifulitaly.shop\/pl\/wp-json\/wp\/v2\/media?parent=6237"}],"wp:term":[{"taxonomy":"product_brand","embeddable":true,"href":"https:\/\/mybeautifulitaly.shop\/pl\/wp-json\/wp\/v2\/product_brand?post=6237"},{"taxonomy":"product_cat","embeddable":true,"href":"https:\/\/mybeautifulitaly.shop\/pl\/wp-json\/wp\/v2\/product_cat?post=6237"},{"taxonomy":"product_tag","embeddable":true,"href":"https:\/\/mybeautifulitaly.shop\/pl\/wp-json\/wp\/v2\/product_tag?post=6237"}],"curies":[{"name":"wp","href":"https:\/\/api.w.org\/{rel}","templated":true}]}}