{"id":6215,"date":"2024-11-03T17:30:44","date_gmt":"2024-11-03T16:30:44","guid":{"rendered":"https:\/\/mybeautifulitaly.shop\/?post_type=product&#038;p=6215"},"modified":"2025-10-27T15:15:35","modified_gmt":"2025-10-27T14:15:35","slug":"tomato-sauce-with-arugula-parente","status":"publish","type":"product","link":"https:\/\/mybeautifulitaly.shop\/pl\/produkt\/tomato-sauce-with-arugula-parente\/","title":{"rendered":"Sos Pomidorowy z Rukol\u0105 Parente"},"content":{"rendered":"<h1>Sos Pomidorowy z Rukol\u0105 Parente<\/h1>\n<p>Pulpa z pomidor\u00f3w po\u0142\u0105czona z rukol\u0105 sprawia, \u017ce sos jest wyj\u0105tkowy i \u015bwie\u017cy, idealny do przygotowywania wielu tradycyjnych potraw kuchni apulijskiej.<\/p>\n<p><strong>Kategoria<\/strong>: Gotowe sosy<\/p>\n<p><strong>Sk\u0142adniki<\/strong>: W\u0142oski przecier pomidorowy 93%, rukola 3%, oliwa z oliwek extra virgin 3%, s\u00f3l, czosnek, chili, cukier. Regulator kwasowo\u015bci: kwas cytrynowy.<\/p>\n<p><strong>Data wa\u017cno\u015bci: <\/strong>31.10.2026<\/p>\n<p><strong>Warto\u015bci od\u017cywcze na 100g:<\/strong><\/p>\n<table>\n<tbody>\n<tr>\n<td><strong>Waga<\/strong><\/td>\n<td>280 g<\/td>\n<\/tr>\n<tr>\n<td><strong>Energia<\/strong><\/td>\n<td>330 kJ \/ 79 kcal<\/td>\n<\/tr>\n<tr>\n<td><strong>T\u0142uszcze<\/strong><\/td>\n<td>3,9 g w tym kwasy t\u0142uszczowe nasycone 0,6 g<\/td>\n<\/tr>\n<tr>\n<td><strong>W\u0119glowodany<\/strong><\/td>\n<td>8,1 g w tym cukry 4,8 g<\/td>\n<\/tr>\n<tr>\n<td><strong>Bia\u0142ko<\/strong><\/td>\n<td>1,9 g<\/td>\n<\/tr>\n<tr>\n<td><strong>S\u00f3l<\/strong><\/td>\n<td>0,71 g<\/td>\n<\/tr>\n<\/tbody>\n<\/table>\n<p>&nbsp;<\/p>\n<p>&nbsp;<\/p>","protected":false},"excerpt":{"rendered":"<p>&nbsp;<\/p>\n<p>&nbsp;<\/p>\n<p>&nbsp;<\/p>","protected":false},"featured_media":6216,"comment_status":"open","ping_status":"closed","template":"","meta":[],"product_brand":[],"product_cat":[105,109],"product_tag":[],"class_list":{"0":"post-6215","1":"product","2":"type-product","3":"status-publish","4":"has-post-thumbnail","6":"product_cat-italian-flavours-in-a-jar","7":"product_cat-ready-made-sauces","8":"entry","9":"has-media","11":"first","12":"instock","13":"taxable","14":"shipping-taxable","15":"purchasable","16":"product-type-simple","17":"col","18":"span_1_of_3","19":"wvn-content-left","20":"wvn-thumbs-layout-horizontal","21":"wvn-btn-normal","22":"wvn-tabs-layout-horizontal","23":"has-no-thumbnails","24":"circle-sale"},"supplier_id":null,"supplier_sku":"","barcode":null,"atum_controlled":true,"out_stock_date":null,"out_stock_threshold":null,"inheritable":false,"inbound_stock":null,"stock_on_hold":0,"sold_today":0,"sales_last_days":0,"reserved_stock":null,"customer_returns":null,"warehouse_damage":null,"lost_in_post":null,"other_logs":null,"out_stock_days":0,"lost_sales":0,"has_location":false,"update_date":"2026-04-24T04:16:38","atum_locations":[],"atum_stock_status":"instock","restock_status":false,"low_stock_amount":"","sales_update_date":"2026-04-24T04:16:38","calc_backorders":null,"aioseo_notices":[],"_links":{"self":[{"href":"https:\/\/mybeautifulitaly.shop\/pl\/wp-json\/wp\/v2\/product\/6215","targetHints":{"allow":["GET"]}}],"collection":[{"href":"https:\/\/mybeautifulitaly.shop\/pl\/wp-json\/wp\/v2\/product"}],"about":[{"href":"https:\/\/mybeautifulitaly.shop\/pl\/wp-json\/wp\/v2\/types\/product"}],"replies":[{"embeddable":true,"href":"https:\/\/mybeautifulitaly.shop\/pl\/wp-json\/wp\/v2\/comments?post=6215"}],"wp:featuredmedia":[{"embeddable":true,"href":"https:\/\/mybeautifulitaly.shop\/pl\/wp-json\/wp\/v2\/media\/6216"}],"wp:attachment":[{"href":"https:\/\/mybeautifulitaly.shop\/pl\/wp-json\/wp\/v2\/media?parent=6215"}],"wp:term":[{"taxonomy":"product_brand","embeddable":true,"href":"https:\/\/mybeautifulitaly.shop\/pl\/wp-json\/wp\/v2\/product_brand?post=6215"},{"taxonomy":"product_cat","embeddable":true,"href":"https:\/\/mybeautifulitaly.shop\/pl\/wp-json\/wp\/v2\/product_cat?post=6215"},{"taxonomy":"product_tag","embeddable":true,"href":"https:\/\/mybeautifulitaly.shop\/pl\/wp-json\/wp\/v2\/product_tag?post=6215"}],"curies":[{"name":"wp","href":"https:\/\/api.w.org\/{rel}","templated":true}]}}