{"id":6210,"date":"2024-11-03T17:16:02","date_gmt":"2024-11-03T16:16:02","guid":{"rendered":"https:\/\/mybeautifulitaly.shop\/?post_type=product&#038;p=6210"},"modified":"2026-01-27T21:20:21","modified_gmt":"2026-01-27T20:20:21","slug":"pitted-rustic-peranzana-olives-parente","status":"publish","type":"product","link":"https:\/\/mybeautifulitaly.shop\/pl\/produkt\/pitted-rustic-peranzana-olives-parente\/","title":{"rendered":"Rustykalne Oliwki Peranzana bez pestek Parente"},"content":{"rendered":"<h1>Rustykalne Oliwki Peranzana bez pestek Parente<\/h1>\n<p>\u015awie\u017ce oliwki odmiany Peranzana doprawione aromatami i przyprawami, kt\u00f3re przywo\u0142uj\u0105 smaki dawnych wiejskich receptur. Idealne jako przystawka lub  dodatek do przystawek, da\u0144 g\u0142\u00f3wnych i przek\u0105sek.<\/p>\n<p><strong>Oliwki Peranzana<\/strong> to w\u0142oska odmiana oliwek, kt\u00f3ra pochodzi g\u0142\u00f3wnie z regionu Apulia (Puglia) na po\u0142udniu W\u0142och, szczeg\u00f3lnie z prowincji Foggia. S\u0105 to ma\u0142e, delikatne oliwki o wywa\u017conym smaku i niskiej kwasowo\u015bci, co czyni je idealnymi zar\u00f3wno do spo\u017cywania na surowo, jak i do produkcji oliwy.<\/p>\n<p>Oliwki Peranzana wyr\u00f3\u017cniaj\u0105 si\u0119:<\/p>\n<ul>\n<li><strong>\u2022\tDelikatnym, lekko s\u0142odkawym smakiem<\/strong>, cz\u0119sto z nutami migda\u0142\u00f3w, zielonych pomidor\u00f3w i zi\u00f3\u0142.<\/li>\n<li><strong>\u2022\tZr\u00f3wnowa\u017conym poziomem kwasowo\u015bci i stosunkowo nisk\u0105 goryczk\u0105<\/strong>, co sprawia, \u017ce smak jest \u0142agodny i przyjemny.<\/li>\n<li><strong>\u2022\tWszechstronno\u015bci\u0105 kulinarn\u0105 \u2013<\/strong> \u015bwietnie pasuj\u0105 do przystawek, sa\u0142atek, jako dodatek do da\u0144 g\u0142\u00f3wnych i do produkcji wysokiej jako\u015bci oliwy z oliwek extra virgin.<\/li>\n<\/ul>\n<p>Ze wzgl\u0119du na unikalne w\u0142a\u015bciwo\u015bci i smak, oliwki Peranzana s\u0105 cenione przez szef\u00f3w kuchni oraz mi\u0142o\u015bnik\u00f3w kuchni \u015br\u00f3dziemnomorskiej.<\/p>\n<p><strong>Kategoria:<\/strong> Oliwki<\/p>\n<p><strong>Sk\u0142adniki:<\/strong> Drylowane Oliwki Peranzana 63%, oliwa z oliwek, papryczka chili, pietruszka, czosnek, ocet winny, s\u00f3l. Regulator kwasowo\u015bci: kwas cytrynowy. Produkt mo\u017ce zawiera\u0107 \u015bladowe ilo\u015bci pestek.<\/p>\n<p><strong>Data wa\u017cno\u015bci: <\/strong>30.06.2027<\/p>\n<p><strong>Warto\u015bci od\u017cywcze na 100g:<\/strong><\/p>\n<table>\n<tbody>\n<tr>\n<td><strong>Waga<\/strong><\/td>\n<td>280 g<\/td>\n<\/tr>\n<tr>\n<td><strong>Energia<\/strong><\/td>\n<td>558 kJ\/136 kcal<\/td>\n<\/tr>\n<tr>\n<td><strong>T\u0142uszcze<\/strong><\/td>\n<td>12 g, w tym kwas\u00f3w t\u0142uszczowych nasyconych 1,4 g<\/td>\n<\/tr>\n<tr>\n<td><strong>W\u0119glowodany<\/strong><\/td>\n<td>1,4 g w tym cukry 0 g<\/td>\n<\/tr>\n<tr>\n<td><strong>Bia\u0142ko<\/strong><\/td>\n<td>0,7 g<\/td>\n<\/tr>\n<tr>\n<td><strong>S\u00f3l<\/strong><\/td>\n<td>1,3 g<\/td>\n<\/tr>\n<\/tbody>\n<\/table>\n<p>&nbsp;<\/p>\n<p>&nbsp;<\/p>","protected":false},"excerpt":{"rendered":"<p>&nbsp;<\/p>\n<p>&nbsp;<\/p>\n<p>&nbsp;<\/p>","protected":false},"featured_media":6211,"comment_status":"open","ping_status":"closed","template":"","meta":[],"product_brand":[],"product_cat":[105,110],"product_tag":[],"class_list":{"0":"post-6210","1":"product","2":"type-product","3":"status-publish","4":"has-post-thumbnail","6":"product_cat-italian-flavours-in-a-jar","7":"product_cat-olives","8":"entry","9":"has-media","11":"first","12":"instock","13":"taxable","14":"shipping-taxable","15":"purchasable","16":"product-type-simple","17":"col","18":"span_1_of_3","19":"wvn-content-left","20":"wvn-thumbs-layout-horizontal","21":"wvn-btn-normal","22":"wvn-tabs-layout-horizontal","23":"has-no-thumbnails","24":"circle-sale"},"supplier_id":null,"supplier_sku":"","barcode":null,"atum_controlled":true,"out_stock_date":null,"out_stock_threshold":null,"inheritable":false,"inbound_stock":null,"stock_on_hold":0,"sold_today":0,"sales_last_days":0,"reserved_stock":null,"customer_returns":null,"warehouse_damage":null,"lost_in_post":null,"other_logs":null,"out_stock_days":0,"lost_sales":0,"has_location":false,"update_date":"2026-04-24T04:16:38","atum_locations":[],"atum_stock_status":"instock","restock_status":false,"low_stock_amount":"","sales_update_date":"2026-04-24T04:16:38","calc_backorders":null,"aioseo_notices":[],"_links":{"self":[{"href":"https:\/\/mybeautifulitaly.shop\/pl\/wp-json\/wp\/v2\/product\/6210","targetHints":{"allow":["GET"]}}],"collection":[{"href":"https:\/\/mybeautifulitaly.shop\/pl\/wp-json\/wp\/v2\/product"}],"about":[{"href":"https:\/\/mybeautifulitaly.shop\/pl\/wp-json\/wp\/v2\/types\/product"}],"replies":[{"embeddable":true,"href":"https:\/\/mybeautifulitaly.shop\/pl\/wp-json\/wp\/v2\/comments?post=6210"}],"wp:featuredmedia":[{"embeddable":true,"href":"https:\/\/mybeautifulitaly.shop\/pl\/wp-json\/wp\/v2\/media\/6211"}],"wp:attachment":[{"href":"https:\/\/mybeautifulitaly.shop\/pl\/wp-json\/wp\/v2\/media?parent=6210"}],"wp:term":[{"taxonomy":"product_brand","embeddable":true,"href":"https:\/\/mybeautifulitaly.shop\/pl\/wp-json\/wp\/v2\/product_brand?post=6210"},{"taxonomy":"product_cat","embeddable":true,"href":"https:\/\/mybeautifulitaly.shop\/pl\/wp-json\/wp\/v2\/product_cat?post=6210"},{"taxonomy":"product_tag","embeddable":true,"href":"https:\/\/mybeautifulitaly.shop\/pl\/wp-json\/wp\/v2\/product_tag?post=6210"}],"curies":[{"name":"wp","href":"https:\/\/api.w.org\/{rel}","templated":true}]}}