{"id":6198,"date":"2024-11-03T16:55:09","date_gmt":"2024-11-03T15:55:09","guid":{"rendered":"https:\/\/mybeautifulitaly.shop\/?post_type=product&#038;p=6198"},"modified":"2025-12-09T13:09:39","modified_gmt":"2025-12-09T12:09:39","slug":"mixed-grill-in-olive-oil-parente","status":"publish","type":"product","link":"https:\/\/mybeautifulitaly.shop\/pl\/produkt\/mixed-grill-in-olive-oil-parente\/","title":{"rendered":"Mieszanka grillowanych warzyw w oliwie z oliwek Parente"},"content":{"rendered":"<h1>Mieszanka grillowanych warzyw w oliwie z oliwek Parente<\/h1>\n<p>Mieszanka grillowanych warzyw doprawionych przyprawami \u015br\u00f3dziemnomorskimi, zanurzonych w oliwie z oliwek. Doskona\u0142a jako przystawka, dodatek do da\u0144 lub kanapek i focacci.<\/p>\n<div class=\"product_meta\"><span class=\"posted_in\"><strong><span class=\"qodef-woo-meta-label\">Kategoria:<\/span><\/strong><span class=\"qodef-woo-meta-value\"> Grillowane warzywa w oleju<\/span><\/span><\/div>\n<div><\/div>\n<p><strong>Sk\u0142adniki<\/strong>: Warzywa w zmiennych proporcjach (papryka, bak\u0142a\u017can, cukinia, cebula, marchew) 63%, oliwa z oliwek 34%, s\u00f3l, pietruszka, ocet winny. Regulator kwasowo\u015bci: kwas cytrynowy. Przeciwutleniacz: kwas askorbinowy.<\/p>\n<p><strong>Data wa\u017cno\u015bci: <\/strong>30.08.2027<\/p>\n<p><strong>Warto\u015bci od\u017cywcze w 100g:<\/strong><\/p>\n<table>\n<tbody>\n<tr>\n<td><strong>Waga<\/strong><\/td>\n<td>280 g<\/td>\n<\/tr>\n<tr>\n<td><strong>Energia<\/strong><\/td>\n<td>234 kJ \/ 57 kcal<\/td>\n<\/tr>\n<tr>\n<td><strong>T\u0142uszcze<\/strong><\/td>\n<td>3,7 g w tym kwasy t\u0142uszczowe nasycone 0,5 g<\/td>\n<\/tr>\n<tr>\n<td><strong>W\u0119glowodany<\/strong><\/td>\n<td>4,2 g w tym cukry 2,8 g<\/td>\n<\/tr>\n<tr>\n<td><strong>Bia\u0142ko<\/strong><\/td>\n<td>0,8 g<\/td>\n<\/tr>\n<tr>\n<td><strong>S\u00f3l<\/strong><\/td>\n<td>1,8 g<\/td>\n<\/tr>\n<\/tbody>\n<\/table>\n<p>&nbsp;<\/p>\n<p>&nbsp;<\/p>","protected":false},"excerpt":{"rendered":"<p>&nbsp;<\/p>\n<p>&nbsp;<\/p>\n<p>&nbsp;<\/p>","protected":false},"featured_media":6199,"comment_status":"open","ping_status":"closed","template":"","meta":[],"product_brand":[],"product_cat":[107,105],"product_tag":[],"class_list":{"0":"post-6198","1":"product","2":"type-product","3":"status-publish","4":"has-post-thumbnail","6":"product_cat-grilled-vegetables-in-olive-oil","7":"product_cat-italian-flavours-in-a-jar","8":"entry","9":"has-media","11":"first","12":"instock","13":"taxable","14":"shipping-taxable","15":"purchasable","16":"product-type-simple","17":"col","18":"span_1_of_3","19":"wvn-content-left","20":"wvn-thumbs-layout-horizontal","21":"wvn-btn-normal","22":"wvn-tabs-layout-horizontal","23":"has-no-thumbnails","24":"circle-sale"},"supplier_id":null,"supplier_sku":"","barcode":null,"atum_controlled":true,"out_stock_date":null,"out_stock_threshold":null,"inheritable":false,"inbound_stock":null,"stock_on_hold":0,"sold_today":0,"sales_last_days":0,"reserved_stock":null,"customer_returns":null,"warehouse_damage":null,"lost_in_post":null,"other_logs":null,"out_stock_days":0,"lost_sales":0,"has_location":false,"update_date":"2026-04-24T04:16:38","atum_locations":[],"atum_stock_status":"instock","restock_status":false,"low_stock_amount":"","sales_update_date":"2026-04-24T04:16:38","calc_backorders":null,"aioseo_notices":[],"_links":{"self":[{"href":"https:\/\/mybeautifulitaly.shop\/pl\/wp-json\/wp\/v2\/product\/6198","targetHints":{"allow":["GET"]}}],"collection":[{"href":"https:\/\/mybeautifulitaly.shop\/pl\/wp-json\/wp\/v2\/product"}],"about":[{"href":"https:\/\/mybeautifulitaly.shop\/pl\/wp-json\/wp\/v2\/types\/product"}],"replies":[{"embeddable":true,"href":"https:\/\/mybeautifulitaly.shop\/pl\/wp-json\/wp\/v2\/comments?post=6198"}],"wp:featuredmedia":[{"embeddable":true,"href":"https:\/\/mybeautifulitaly.shop\/pl\/wp-json\/wp\/v2\/media\/6199"}],"wp:attachment":[{"href":"https:\/\/mybeautifulitaly.shop\/pl\/wp-json\/wp\/v2\/media?parent=6198"}],"wp:term":[{"taxonomy":"product_brand","embeddable":true,"href":"https:\/\/mybeautifulitaly.shop\/pl\/wp-json\/wp\/v2\/product_brand?post=6198"},{"taxonomy":"product_cat","embeddable":true,"href":"https:\/\/mybeautifulitaly.shop\/pl\/wp-json\/wp\/v2\/product_cat?post=6198"},{"taxonomy":"product_tag","embeddable":true,"href":"https:\/\/mybeautifulitaly.shop\/pl\/wp-json\/wp\/v2\/product_tag?post=6198"}],"curies":[{"name":"wp","href":"https:\/\/api.w.org\/{rel}","templated":true}]}}