{"id":6196,"date":"2024-11-03T17:12:46","date_gmt":"2024-11-03T16:12:46","guid":{"rendered":"https:\/\/mybeautifulitaly.shop\/?post_type=product&#038;p=6196"},"modified":"2025-07-07T13:29:00","modified_gmt":"2025-07-07T11:29:00","slug":"mediterranean-pate-parente","status":"publish","type":"product","link":"https:\/\/mybeautifulitaly.shop\/pl\/produkt\/mediterranean-pate-parente\/","title":{"rendered":"Pasta \u015br\u00f3dziemnomorska Parente"},"content":{"rendered":"<h1>Pasta \u015br\u00f3dziemnomorska Parente<\/h1>\n<p>Pasta, kt\u00f3ra powstaje z po\u0142\u0105czenia <strong data-start=\"94\" data-end=\"118\">papryczki peperoncini<\/strong>, tu\u0144czyka i innych sk\u0142adnik\u00f3w z tego obszaru, kt\u00f3re kryj\u0105 w sobie smak Morza \u015ar\u00f3dziemnego. Idealne do crostini, bruschetty, makaronu i mi\u0119sa.<\/p>\n<p>\u015awie\u017ce sk\u0142adniki, intensywne aromaty i odrobina kreatywno\u015bci \u2013 danie, kt\u00f3re oczaruje Ci\u0119 ju\u017c od pierwszego k\u0119sa!<\/p>\n<div class=\"product_meta\"><span class=\"posted_in\"><strong><span class=\"qodef-woo-meta-label\">Kategoria:\u00a0<\/span><\/strong>Pasty i kremy <\/span><\/div>\n<div><\/div>\n<p><strong>Sk\u0142adniki<\/strong>: Papryczki Pepperoncini 40%, oliwa z oliwek 32%, olej s\u0142onecznikowy, TUNA 7%, PANGRATTATO, kapary, ocet winny. Korektor kwasowo\u015bci: kwas cytrynowy. Antyoksydant: kwas askorbinowy. ZAWIERA RYBY I GLUTEN. Podkre\u015blone sk\u0142adniki mog\u0105 powodowa\u0107 reakcje u os\u00f3b z alergi\u0105 i\/lub nietolerancj\u0105.<\/p>\n<p><strong>Data wa\u017cno\u015bci\u00a0<\/strong>: 31.01.2027<\/p>\n<p><strong>Warto\u015bci od\u017cywcze w 100g:<\/strong><\/p>\n<table>\n<tbody>\n<tr>\n<td><strong>Waga<\/strong><\/td>\n<td>190 g<\/td>\n<\/tr>\n<tr>\n<td><strong>Energia<\/strong><\/td>\n<td>1178 kJ \/ 286 kcal<\/td>\n<\/tr>\n<tr>\n<td><strong>T\u0142uszcze<\/strong><\/td>\n<td>30 g, w tym kwas\u00f3w t\u0142uszczowych nasyconych 3,3 g<\/td>\n<\/tr>\n<tr>\n<td><strong>W\u0119glowodany<\/strong><\/td>\n<td>3,4 g w tym cukry 2,1 g<\/td>\n<\/tr>\n<tr>\n<td><strong>Bia\u0142ko<\/strong><\/td>\n<td>0,7 g<\/td>\n<\/tr>\n<tr>\n<td><strong>S\u00f3l<\/strong><\/td>\n<td>2,5 g<\/td>\n<\/tr>\n<\/tbody>\n<\/table>\n<p>&nbsp;<\/p>\n<p>&nbsp;<\/p>","protected":false},"excerpt":{"rendered":"<p>&nbsp;<\/p>\n<p>&nbsp;<\/p>\n<p>&nbsp;<\/p>","protected":false},"featured_media":6197,"comment_status":"open","ping_status":"closed","template":"","meta":[],"product_brand":[],"product_cat":[105,108],"product_tag":[],"class_list":{"0":"post-6196","1":"product","2":"type-product","3":"status-publish","4":"has-post-thumbnail","6":"product_cat-italian-flavours-in-a-jar","7":"product_cat-pates-and-creams","8":"entry","9":"has-media","11":"first","12":"instock","13":"taxable","14":"shipping-taxable","15":"purchasable","16":"product-type-simple","17":"col","18":"span_1_of_3","19":"wvn-content-left","20":"wvn-thumbs-layout-horizontal","21":"wvn-btn-normal","22":"wvn-tabs-layout-horizontal","23":"has-no-thumbnails","24":"circle-sale"},"supplier_id":null,"supplier_sku":"","barcode":null,"atum_controlled":true,"out_stock_date":null,"out_stock_threshold":null,"inheritable":false,"inbound_stock":null,"stock_on_hold":0,"sold_today":0,"sales_last_days":0,"reserved_stock":null,"customer_returns":null,"warehouse_damage":null,"lost_in_post":null,"other_logs":null,"out_stock_days":0,"lost_sales":0,"has_location":false,"update_date":"2026-04-24T04:16:38","atum_locations":[],"atum_stock_status":"instock","restock_status":false,"low_stock_amount":"","sales_update_date":"2026-04-24T04:16:38","calc_backorders":null,"aioseo_notices":[],"_links":{"self":[{"href":"https:\/\/mybeautifulitaly.shop\/pl\/wp-json\/wp\/v2\/product\/6196","targetHints":{"allow":["GET"]}}],"collection":[{"href":"https:\/\/mybeautifulitaly.shop\/pl\/wp-json\/wp\/v2\/product"}],"about":[{"href":"https:\/\/mybeautifulitaly.shop\/pl\/wp-json\/wp\/v2\/types\/product"}],"replies":[{"embeddable":true,"href":"https:\/\/mybeautifulitaly.shop\/pl\/wp-json\/wp\/v2\/comments?post=6196"}],"wp:featuredmedia":[{"embeddable":true,"href":"https:\/\/mybeautifulitaly.shop\/pl\/wp-json\/wp\/v2\/media\/6197"}],"wp:attachment":[{"href":"https:\/\/mybeautifulitaly.shop\/pl\/wp-json\/wp\/v2\/media?parent=6196"}],"wp:term":[{"taxonomy":"product_brand","embeddable":true,"href":"https:\/\/mybeautifulitaly.shop\/pl\/wp-json\/wp\/v2\/product_brand?post=6196"},{"taxonomy":"product_cat","embeddable":true,"href":"https:\/\/mybeautifulitaly.shop\/pl\/wp-json\/wp\/v2\/product_cat?post=6196"},{"taxonomy":"product_tag","embeddable":true,"href":"https:\/\/mybeautifulitaly.shop\/pl\/wp-json\/wp\/v2\/product_tag?post=6196"}],"curies":[{"name":"wp","href":"https:\/\/api.w.org\/{rel}","templated":true}]}}