{"id":6189,"date":"2024-11-03T17:28:39","date_gmt":"2024-11-03T16:28:39","guid":{"rendered":"https:\/\/mybeautifulitaly.shop\/?post_type=product&#038;p=6189"},"modified":"2024-11-13T13:54:10","modified_gmt":"2024-11-13T12:54:10","slug":"grilled-zucchini-in-olive-oil-parente","status":"publish","type":"product","link":"https:\/\/mybeautifulitaly.shop\/pl\/produkt\/grilled-zucchini-in-olive-oil-parente\/","title":{"rendered":"Grillowana cukinia w oliwie Parente"},"content":{"rendered":"<h1><strong>Grillowana cukinia w oliwie Parente<br \/>\n<\/strong><\/h1>\n<p>Cukinia grillowana na gor\u0105cych kamieniach wulkanicznych, doprawiona \u015br\u00f3dziemnomorskimi przyprawami i zanurzona w oliwie z oliwek. Doskona\u0142a jako przystawka, dodatek do kanapek i focaccii.<\/p>\n<div class=\"product_meta\"><span class=\"posted_in\"><strong><span class=\"qodef-woo-meta-label\">Kategoria:<\/span><\/strong><span class=\"qodef-woo-meta-value\"> Grillowane warzywa w oleju<\/span><\/span><\/div>\n<div><\/div>\n<p><strong>Sk\u0142adniki:<\/strong> Cukinia 63%, oliwa z oliwek 34%, czosnek, papryczka chilli, pietruszka, mi\u0119ta, s\u00f3l, ocet winny. Regulator kwasowo\u015bci: kwas cytrynowy. Przeciwutleniacz: kwas askorbinowy.<\/p>\n<p><strong>Data wa\u017cno\u015bci<\/strong>: 30.09.2027<\/p>\n<p><strong>Warto\u015bci od\u017cywcze w 100g:<\/strong><\/p>\n<table>\n<tbody>\n<tr>\n<td><strong>Waga<\/strong><\/td>\n<td>280 g<\/td>\n<\/tr>\n<tr>\n<td><strong>Energia<\/strong><\/td>\n<td>215 kJ \/ 52 kcal<\/td>\n<\/tr>\n<tr>\n<td><strong>T\u0142uszcze<\/strong><\/td>\n<td>3,8 g w tym kwasy t\u0142uszczowe nasycone 0,5 g<\/td>\n<\/tr>\n<tr>\n<td><strong>W\u0119glowodany<\/strong><\/td>\n<td>2,5 g w tym cukry 1,3 g<\/td>\n<\/tr>\n<tr>\n<td><strong>Bia\u0142ko<\/strong><\/td>\n<td>1,4 g<\/td>\n<\/tr>\n<tr>\n<td><strong>S\u00f3l<\/strong><\/td>\n<td>0,9 g<\/td>\n<\/tr>\n<\/tbody>\n<\/table>\n<p>&nbsp;<\/p>\n<p>&nbsp;<\/p>\n<p>&nbsp;<\/p>","protected":false},"excerpt":{"rendered":"<p>&nbsp;<\/p>\n<p>&nbsp;<\/p>\n<p>&nbsp;<\/p>","protected":false},"featured_media":6190,"comment_status":"open","ping_status":"closed","template":"","meta":[],"product_brand":[],"product_cat":[107,105],"product_tag":[],"class_list":{"0":"post-6189","1":"product","2":"type-product","3":"status-publish","4":"has-post-thumbnail","6":"product_cat-grilled-vegetables-in-olive-oil","7":"product_cat-italian-flavours-in-a-jar","8":"entry","9":"has-media","11":"first","12":"instock","13":"taxable","14":"shipping-taxable","15":"purchasable","16":"product-type-simple","17":"col","18":"span_1_of_3","19":"wvn-content-left","20":"wvn-thumbs-layout-horizontal","21":"wvn-btn-normal","22":"wvn-tabs-layout-horizontal","23":"has-no-thumbnails","24":"circle-sale"},"supplier_id":null,"supplier_sku":"","barcode":null,"atum_controlled":true,"out_stock_date":null,"out_stock_threshold":null,"inheritable":false,"inbound_stock":null,"stock_on_hold":0,"sold_today":0,"sales_last_days":0,"reserved_stock":null,"customer_returns":null,"warehouse_damage":null,"lost_in_post":null,"other_logs":null,"out_stock_days":0,"lost_sales":0,"has_location":false,"update_date":"2026-04-24T04:16:38","atum_locations":[],"atum_stock_status":"instock","restock_status":false,"low_stock_amount":"","sales_update_date":"2026-04-24T04:16:38","calc_backorders":null,"aioseo_notices":[],"_links":{"self":[{"href":"https:\/\/mybeautifulitaly.shop\/pl\/wp-json\/wp\/v2\/product\/6189","targetHints":{"allow":["GET"]}}],"collection":[{"href":"https:\/\/mybeautifulitaly.shop\/pl\/wp-json\/wp\/v2\/product"}],"about":[{"href":"https:\/\/mybeautifulitaly.shop\/pl\/wp-json\/wp\/v2\/types\/product"}],"replies":[{"embeddable":true,"href":"https:\/\/mybeautifulitaly.shop\/pl\/wp-json\/wp\/v2\/comments?post=6189"}],"wp:featuredmedia":[{"embeddable":true,"href":"https:\/\/mybeautifulitaly.shop\/pl\/wp-json\/wp\/v2\/media\/6190"}],"wp:attachment":[{"href":"https:\/\/mybeautifulitaly.shop\/pl\/wp-json\/wp\/v2\/media?parent=6189"}],"wp:term":[{"taxonomy":"product_brand","embeddable":true,"href":"https:\/\/mybeautifulitaly.shop\/pl\/wp-json\/wp\/v2\/product_brand?post=6189"},{"taxonomy":"product_cat","embeddable":true,"href":"https:\/\/mybeautifulitaly.shop\/pl\/wp-json\/wp\/v2\/product_cat?post=6189"},{"taxonomy":"product_tag","embeddable":true,"href":"https:\/\/mybeautifulitaly.shop\/pl\/wp-json\/wp\/v2\/product_tag?post=6189"}],"curies":[{"name":"wp","href":"https:\/\/api.w.org\/{rel}","templated":true}]}}