{"id":6180,"date":"2024-11-03T17:31:29","date_gmt":"2024-11-03T16:31:29","guid":{"rendered":"https:\/\/mybeautifulitaly.shop\/?post_type=product&#038;p=6180"},"modified":"2025-10-11T13:11:46","modified_gmt":"2025-10-11T11:11:46","slug":"arugula-pesto","status":"publish","type":"product","link":"https:\/\/mybeautifulitaly.shop\/pl\/produkt\/arugula-pesto\/","title":{"rendered":"Pesto z rukoli w oliwie Parente"},"content":{"rendered":"<h1><strong>Pesto z rukoli w oliwie Parente<\/strong><\/h1>\n<p>Przygotowane ze \u015bwie\u017cej rukoli, wed\u0142ug tradycyjnych metod, aby zachowa\u0107 i uwydatni\u0107 smak u\u017cytych sk\u0142adnik\u00f3w. Unikalny, intensywny i naturalny smak sprawia, \u017ce jest doskona\u0142ym dodatkiem do makaronu.<\/p>\n<div class=\"product_meta\"><span class=\"posted_in\"><strong><span class=\"qodef-woo-meta-label\">Kategoria: <\/span><\/strong><span class=\"qodef-woo-meta-value\">Pesto<\/span><\/span><\/div>\n<div><\/div>\n<p><strong>Sk\u0142adniki\u00a0<\/strong>: Rukola 63%, oliwa z oliwek, s\u00f3l, kapary, ANCHOIS, czosnek, ocet winny. Korektor kwasowo\u015bci: kwas cytrynowy. Antyoksydant: kwas askorbinowy. ZAWIERA RYBY. Podkre\u015blone sk\u0142adniki mog\u0105 powodowa\u0107 reakcje u os\u00f3b z alergiami i\/lub nietolerancj\u0105.<\/p>\n<p><strong>Warto\u015bci od\u017cywcze w 100g:<\/strong><\/p>\n<table>\n<tbody>\n<tr>\n<td><strong>Waga<\/strong><\/td>\n<td>190 g<\/td>\n<\/tr>\n<tr>\n<td><strong>Energia<\/strong><\/td>\n<td>1938 kJ \/ 471 kcal<\/td>\n<\/tr>\n<tr>\n<td><strong>T\u0142uszcze<\/strong><\/td>\n<td>51 g w tym kwasy t\u0142uszczowe nasycone 6,6 g<\/td>\n<\/tr>\n<tr>\n<td><strong>W\u0119glowodany<\/strong><\/td>\n<td>1,7 g w tym cukry 0,9 g<\/td>\n<\/tr>\n<tr>\n<td><strong>Bia\u0142ko<\/strong><\/td>\n<td>1,9 g<\/td>\n<\/tr>\n<tr>\n<td><strong>S\u00f3l<\/strong><\/td>\n<td>1,3 g<\/td>\n<\/tr>\n<\/tbody>\n<\/table>\n<p>&nbsp;<\/p>\n<p>&nbsp;<\/p>","protected":false},"excerpt":{"rendered":"<p>&nbsp;<\/p>\n<p>&nbsp;<\/p>\n<p>&nbsp;<\/p>","protected":false},"featured_media":6181,"comment_status":"open","ping_status":"closed","template":"","meta":[],"product_brand":[],"product_cat":[105,112],"product_tag":[],"class_list":{"0":"post-6180","1":"product","2":"type-product","3":"status-publish","4":"has-post-thumbnail","6":"product_cat-italian-flavours-in-a-jar","7":"product_cat-pestos","8":"entry","9":"has-media","11":"first","12":"outofstock","13":"taxable","14":"shipping-taxable","15":"purchasable","16":"product-type-simple","17":"col","18":"span_1_of_3","19":"wvn-content-left","20":"wvn-thumbs-layout-horizontal","21":"wvn-btn-normal","22":"wvn-tabs-layout-horizontal","23":"has-no-thumbnails","24":"circle-sale"},"supplier_id":null,"supplier_sku":"","barcode":null,"atum_controlled":true,"out_stock_date":"2025-10-11 13:11:46","out_stock_threshold":null,"inheritable":false,"inbound_stock":null,"stock_on_hold":0,"sold_today":0,"sales_last_days":0,"reserved_stock":null,"customer_returns":null,"warehouse_damage":null,"lost_in_post":null,"other_logs":null,"out_stock_days":194,"lost_sales":595,"has_location":false,"update_date":"2026-04-24T04:16:38","atum_locations":[],"atum_stock_status":"outofstock","restock_status":false,"low_stock_amount":"","sales_update_date":"2026-04-24T04:16:38","calc_backorders":null,"aioseo_notices":[],"_links":{"self":[{"href":"https:\/\/mybeautifulitaly.shop\/pl\/wp-json\/wp\/v2\/product\/6180","targetHints":{"allow":["GET"]}}],"collection":[{"href":"https:\/\/mybeautifulitaly.shop\/pl\/wp-json\/wp\/v2\/product"}],"about":[{"href":"https:\/\/mybeautifulitaly.shop\/pl\/wp-json\/wp\/v2\/types\/product"}],"replies":[{"embeddable":true,"href":"https:\/\/mybeautifulitaly.shop\/pl\/wp-json\/wp\/v2\/comments?post=6180"}],"wp:featuredmedia":[{"embeddable":true,"href":"https:\/\/mybeautifulitaly.shop\/pl\/wp-json\/wp\/v2\/media\/6181"}],"wp:attachment":[{"href":"https:\/\/mybeautifulitaly.shop\/pl\/wp-json\/wp\/v2\/media?parent=6180"}],"wp:term":[{"taxonomy":"product_brand","embeddable":true,"href":"https:\/\/mybeautifulitaly.shop\/pl\/wp-json\/wp\/v2\/product_brand?post=6180"},{"taxonomy":"product_cat","embeddable":true,"href":"https:\/\/mybeautifulitaly.shop\/pl\/wp-json\/wp\/v2\/product_cat?post=6180"},{"taxonomy":"product_tag","embeddable":true,"href":"https:\/\/mybeautifulitaly.shop\/pl\/wp-json\/wp\/v2\/product_tag?post=6180"}],"curies":[{"name":"wp","href":"https:\/\/api.w.org\/{rel}","templated":true}]}}