{"id":6175,"date":"2024-11-03T17:13:44","date_gmt":"2024-11-03T16:13:44","guid":{"rendered":"https:\/\/mybeautifulitaly.shop\/?post_type=product&#038;p=6175"},"modified":"2025-10-11T13:11:46","modified_gmt":"2025-10-11T11:11:46","slug":"parente-sun-dried-tomato-cream","status":"publish","type":"product","link":"https:\/\/mybeautifulitaly.shop\/pl\/produkt\/parente-sun-dried-tomato-cream\/","title":{"rendered":"Krem z suszonych pomidor\u00f3w Parente"},"content":{"rendered":"<h1>Krem z suszonych pomidor\u00f3w Parente<\/h1>\n<p>Krem z suszonych na s\u0142o\u0144cu pomidor\u00f3w i oliwy z oliwek typowy dla regionu Apulia. Idealny do crostini, bruschetty, makaronu, przystawek i aperitif\u00f3w.<\/p>\n<div class=\"product_meta\"><span class=\"posted_in\"><span class=\"qodef-woo-meta-label\"><strong>Kategoria:<\/strong>\u00a0<\/span>Pasty i kremy <\/span><\/div>\n<div><\/div>\n<p><strong>Sk\u0142adniki:<\/strong> Suszone pomidory 50%, oliwa z oliwek 46%, s\u00f3l, czosnek, papryczka chili, ocet winny. Regulator kwasowo\u015bci: kwas cytrynowy.<\/p>\n<p><strong>Data wa\u017cno\u015bci: <\/strong>30.08.2027<\/p>\n<p><strong>Warto\u015bci od\u017cywcze w 100g:<\/strong><\/p>\n<table>\n<tbody>\n<tr>\n<td width=\"302\"><strong>Waga<\/strong><\/td>\n<td width=\"302\">190 g<\/td>\n<\/tr>\n<tr>\n<td width=\"302\"><strong>Energia<\/strong><\/td>\n<td width=\"302\">986 kJ\/236 kcal<\/td>\n<\/tr>\n<tr>\n<td width=\"302\"><strong>T\u0142uszcze<\/strong><\/td>\n<td width=\"302\">13 g w tym kwasy t\u0142uszczowe nasycone 1,8 g<\/td>\n<\/tr>\n<tr>\n<td width=\"302\"><strong>W\u0119glowodany<\/strong><\/td>\n<td width=\"302\">22 g w tym cukry 15 g<\/td>\n<\/tr>\n<tr>\n<td width=\"302\"><strong>Bia\u0142ko<\/strong><\/td>\n<td width=\"302\">4,8g<\/td>\n<\/tr>\n<tr>\n<td width=\"302\"><strong>S\u00f3l<\/strong><\/td>\n<td width=\"302\">1,9 g<\/td>\n<\/tr>\n<\/tbody>\n<\/table>\n<p>&nbsp;<\/p>\n<p>&nbsp;<\/p>\n<p>&nbsp;<\/p>\n<p>&nbsp;<\/p>\n<p>&nbsp;<\/p>\n<p>&nbsp;<\/p>\n<p>&nbsp;<\/p>\n<p>&nbsp;<\/p>\n<p>&nbsp;<\/p>\n<p>&nbsp;<\/p>","protected":false},"excerpt":{"rendered":"<p>&nbsp;<\/p>\n<p>&nbsp;<\/p>\n<p><img fetchpriority=\"high\" decoding=\"async\" class=\"alignnone size-medium wp-image-6176\" src=\"https:\/\/mybeautifulitaly.shop\/wp-content\/uploads\/2024\/10\/Crema-di-pomodori-secchi-300x300.jpg\" alt=\"Crema-di-pomodori-secchi.jpg\" width=\"300\" height=\"300\" srcset=\"https:\/\/mybeautifulitaly.shop\/wp-content\/uploads\/2024\/10\/Crema-di-pomodori-secchi-300x300.jpg 300w, https:\/\/mybeautifulitaly.shop\/wp-content\/uploads\/2024\/10\/Crema-di-pomodori-secchi-150x150.jpg 150w, https:\/\/mybeautifulitaly.shop\/wp-content\/uploads\/2024\/10\/Crema-di-pomodori-secchi-12x12.jpg 12w, https:\/\/mybeautifulitaly.shop\/wp-content\/uploads\/2024\/10\/Crema-di-pomodori-secchi-100x100.jpg 100w, https:\/\/mybeautifulitaly.shop\/wp-content\/uploads\/2024\/10\/Crema-di-pomodori-secchi.jpg 516w\" sizes=\"(max-width: 300px) 100vw, 300px\" \/><\/p>\n<p>&nbsp;<\/p>\n<p>&nbsp;<\/p>\n<p>&nbsp;<\/p>\n<p>&nbsp;<\/p>\n<p>&nbsp;<\/p>\n<p>&nbsp;<\/p>\n<p>&nbsp;<\/p>\n<p>&nbsp;<\/p>","protected":false},"featured_media":6176,"comment_status":"open","ping_status":"closed","template":"","meta":[],"product_brand":[],"product_cat":[105,108],"product_tag":[],"class_list":{"0":"post-6175","1":"product","2":"type-product","3":"status-publish","4":"has-post-thumbnail","6":"product_cat-italian-flavours-in-a-jar","7":"product_cat-pates-and-creams","8":"entry","9":"has-media","11":"first","12":"outofstock","13":"taxable","14":"shipping-taxable","15":"purchasable","16":"product-type-simple","17":"col","18":"span_1_of_3","19":"wvn-content-left","20":"wvn-thumbs-layout-horizontal","21":"wvn-btn-normal","22":"wvn-tabs-layout-horizontal","23":"has-no-thumbnails","24":"circle-sale"},"supplier_id":null,"supplier_sku":"","barcode":null,"atum_controlled":true,"out_stock_date":"2025-10-11 13:11:46","out_stock_threshold":null,"inheritable":false,"inbound_stock":null,"stock_on_hold":0,"sold_today":0,"sales_last_days":0,"reserved_stock":null,"customer_returns":null,"warehouse_damage":null,"lost_in_post":null,"other_logs":null,"out_stock_days":194,"lost_sales":1468,"has_location":false,"update_date":"2026-04-24T04:16:38","atum_locations":[],"atum_stock_status":"outofstock","restock_status":false,"low_stock_amount":"","sales_update_date":"2026-04-24T04:16:38","calc_backorders":null,"aioseo_notices":[],"_links":{"self":[{"href":"https:\/\/mybeautifulitaly.shop\/pl\/wp-json\/wp\/v2\/product\/6175","targetHints":{"allow":["GET"]}}],"collection":[{"href":"https:\/\/mybeautifulitaly.shop\/pl\/wp-json\/wp\/v2\/product"}],"about":[{"href":"https:\/\/mybeautifulitaly.shop\/pl\/wp-json\/wp\/v2\/types\/product"}],"replies":[{"embeddable":true,"href":"https:\/\/mybeautifulitaly.shop\/pl\/wp-json\/wp\/v2\/comments?post=6175"}],"wp:featuredmedia":[{"embeddable":true,"href":"https:\/\/mybeautifulitaly.shop\/pl\/wp-json\/wp\/v2\/media\/6176"}],"wp:attachment":[{"href":"https:\/\/mybeautifulitaly.shop\/pl\/wp-json\/wp\/v2\/media?parent=6175"}],"wp:term":[{"taxonomy":"product_brand","embeddable":true,"href":"https:\/\/mybeautifulitaly.shop\/pl\/wp-json\/wp\/v2\/product_brand?post=6175"},{"taxonomy":"product_cat","embeddable":true,"href":"https:\/\/mybeautifulitaly.shop\/pl\/wp-json\/wp\/v2\/product_cat?post=6175"},{"taxonomy":"product_tag","embeddable":true,"href":"https:\/\/mybeautifulitaly.shop\/pl\/wp-json\/wp\/v2\/product_tag?post=6175"}],"curies":[{"name":"wp","href":"https:\/\/api.w.org\/{rel}","templated":true}]}}