{"id":6013,"date":"2024-08-30T14:30:18","date_gmt":"2024-08-30T12:30:18","guid":{"rendered":"https:\/\/mybeautifulitaly.shop\/?post_type=product&#038;p=6013"},"modified":"2026-01-19T22:29:56","modified_gmt":"2026-01-19T21:29:56","slug":"turanicum-wheat-line-spaghetti-mancini","status":"publish","type":"product","link":"https:\/\/mybeautifulitaly.shop\/pl\/produkt\/turanicum-wheat-line-spaghetti-mancini\/","title":{"rendered":"TURANICUM PSZENICA LINE SPAGHETTI MANCINI"},"content":{"rendered":"<h1>Odkryj nasz\u0105 lini\u0119 Spaghetti Mancini z pszenicy Turanicum<\/h1>\n<p>Odkryj imponuj\u0105ce korzy\u015bci zdrowotne spaghetti linii Turanicum Wheat Line od Mancini. Po pierwsze, to spaghetti, wykonane ze staro\u017cytnej pszenicy Turanicum, jest bogate w niezb\u0119dne sk\u0142adniki od\u017cywcze, takie jak bia\u0142ko, b\u0142onnik i minera\u0142y. Dodatkowo wysoka zawarto\u015b\u0107 b\u0142onnika wspomaga zdrowie uk\u0142adu trawiennego, a bia\u0142ko wspomaga utrzymanie mi\u0119\u015bni. Co wi\u0119cej, makaron ten jest doskona\u0142ym \u017ar\u00f3d\u0142em przeciwutleniaczy, kt\u00f3re mog\u0105 pom\u00f3c w zmniejszeniu stanu zapalnego. Ciesz si\u0119 zatem zdrowym, pysznym posi\u0142kiem, kt\u00f3ry z ka\u017cdym k\u0119sem poprawia Twoje samopoczucie. W ostatecznym rozrachunku idealnie nadaje si\u0119 do zdrowego trybu \u017cycia i po\u017cywnej diety.<\/p>\n<p>Je\u017celi chcesz dowiedzie\u0107 si\u0119 wi\u0119cej kliknij w poni\u017cszy link.<\/p>\n<p><a href=\"https:\/\/www.ncbi.nlm.nih.gov\/pmc\/articles\/PMC4405706\/\">https:\/\/www.ncbi.nlm.nih.gov\/pmc\/articles\/PMC4405706\/<\/a><\/p>\n<p><img fetchpriority=\"high\" decoding=\"async\" class=\"alignnone size-medium wp-image-6014\" src=\"https:\/\/mybeautifulitaly.shop\/wp-content\/uploads\/2024\/08\/spaghetti_Turanicum-Wheat-line-300x300.webp\" alt=\"\" width=\"300\" height=\"300\" srcset=\"https:\/\/mybeautifulitaly.shop\/wp-content\/uploads\/2024\/08\/spaghetti_Turanicum-Wheat-line-300x300.webp 300w, https:\/\/mybeautifulitaly.shop\/wp-content\/uploads\/2024\/08\/spaghetti_Turanicum-Wheat-line-150x150.webp 150w, https:\/\/mybeautifulitaly.shop\/wp-content\/uploads\/2024\/08\/spaghetti_Turanicum-Wheat-line-12x12.webp 12w, https:\/\/mybeautifulitaly.shop\/wp-content\/uploads\/2024\/08\/spaghetti_Turanicum-Wheat-line-600x600.webp 600w, https:\/\/mybeautifulitaly.shop\/wp-content\/uploads\/2024\/08\/spaghetti_Turanicum-Wheat-line-100x100.webp 100w, https:\/\/mybeautifulitaly.shop\/wp-content\/uploads\/2024\/08\/spaghetti_Turanicum-Wheat-line.webp 720w\" sizes=\"(max-width: 300px) 100vw, 300px\" \/><\/p>\n<p><img decoding=\"async\" class=\"alignnone wp-image-6015\" src=\"https:\/\/mybeautifulitaly.shop\/wp-content\/uploads\/2024\/08\/Turanicum_Time.jpg\" alt=\"\" width=\"187\" height=\"51\" srcset=\"https:\/\/mybeautifulitaly.shop\/wp-content\/uploads\/2024\/08\/Turanicum_Time.jpg 260w, https:\/\/mybeautifulitaly.shop\/wp-content\/uploads\/2024\/08\/Turanicum_Time-18x5.jpg 18w\" sizes=\"(max-width: 187px) 100vw, 187px\" \/><\/p>\n<p><img decoding=\"async\" class=\"alignnone wp-image-6016\" src=\"https:\/\/mybeautifulitaly.shop\/wp-content\/uploads\/2024\/08\/Turanicum_Size.jpg\" alt=\"\" width=\"185\" height=\"46\" srcset=\"https:\/\/mybeautifulitaly.shop\/wp-content\/uploads\/2024\/08\/Turanicum_Size.jpg 266w, https:\/\/mybeautifulitaly.shop\/wp-content\/uploads\/2024\/08\/Turanicum_Size-18x4.jpg 18w\" sizes=\"(max-width: 185px) 100vw, 185px\" \/><\/p>\n<p><img loading=\"lazy\" decoding=\"async\" class=\"alignnone wp-image-6017\" src=\"https:\/\/mybeautifulitaly.shop\/wp-content\/uploads\/2024\/08\/Turanicum_Diameter.jpg\" alt=\"\" width=\"176\" height=\"57\" srcset=\"https:\/\/mybeautifulitaly.shop\/wp-content\/uploads\/2024\/08\/Turanicum_Diameter.jpg 247w, https:\/\/mybeautifulitaly.shop\/wp-content\/uploads\/2024\/08\/Turanicum_Diameter-18x6.jpg 18w\" sizes=\"(max-width: 176px) 100vw, 176px\" \/><\/p>\n<h2>Warto\u015bci od\u017cywcze \u015brednie Turanicum Wheat Line Spaghetti na 100 g<\/h2>\n<p>\u2014\u2014\u2014\u2014\u2014\u2014\u2014\u2014\u2014\u2014\u2014\u2014\u2014\u2014\u2014\u2014\u2014\u2014\u2014\u2014\u2014\u2014\u2014\u2014\u2014\u2014\u2014\u2014\u2014\u2014\u2014\u2014\u2014\u2014\u2014\u2014\u2014\u2014\u2014\u2014\u2014\u2014\u2014\u2014\u2014\u2014\u2014\u2014\u2014\u2014 -<\/p>\n<p>Energia------------------------------------------------------------1540 kJ 363 Kcal<\/p>\n<p class=\" translation-block\">T\u0142uszcz------------------------------------------------------------1,7g<\/p>\n<p class=\" translation-block\">Nasycone kwasy t\u0142uszczowe --------------------------------------0,3g<\/p>\n<p>W\u0119glowodany----------------------------------------------------73,0 g<\/p>\n<p class=\" translation-block\">Cukry-------------------------------------------------------------2,6g<\/p>\n<p>B\u0142onnik-----------------------------------------------------------6,2 g<\/p>\n<p>Bia\u0142ka-------------------------------------------------------------1 g<\/p>\n<p>S\u00f3l-------------------------------------------------------------- &lt;0,1 g<\/p>\n<p><img loading=\"lazy\" decoding=\"async\" class=\"alignnone wp-image-6026\" src=\"https:\/\/mybeautifulitaly.shop\/wp-content\/uploads\/2024\/08\/Turanicum_Description-300x50.jpg\" alt=\"\" width=\"462\" height=\"77\" srcset=\"https:\/\/mybeautifulitaly.shop\/wp-content\/uploads\/2024\/08\/Turanicum_Description-300x50.jpg 300w, https:\/\/mybeautifulitaly.shop\/wp-content\/uploads\/2024\/08\/Turanicum_Description-18x3.jpg 18w, https:\/\/mybeautifulitaly.shop\/wp-content\/uploads\/2024\/08\/Turanicum_Description-600x100.jpg 600w, https:\/\/mybeautifulitaly.shop\/wp-content\/uploads\/2024\/08\/Turanicum_Description.jpg 603w\" sizes=\"(max-width: 462px) 100vw, 462px\" \/><\/p>\n<p>&nbsp;<\/p>","protected":false},"excerpt":{"rendered":"<p><strong>Odkryj imponuj\u0105ce korzy\u015bci zdrowotne spaghetti linii Turanicum Wheat Line od Mancini, bogatego w niezb\u0119dne sk\u0142adniki od\u017cywcze, takie jak bia\u0142ko, b\u0142onnik i minera\u0142y.<\/strong><\/p>\n<p><img fetchpriority=\"high\" decoding=\"async\" class=\"alignnone size-medium wp-image-6014\" src=\"https:\/\/mybeautifulitaly.shop\/wp-content\/uploads\/2024\/08\/spaghetti_Turanicum-Wheat-line-300x300.webp\" alt=\"\" width=\"300\" height=\"300\" srcset=\"https:\/\/mybeautifulitaly.shop\/wp-content\/uploads\/2024\/08\/spaghetti_Turanicum-Wheat-line-300x300.webp 300w, https:\/\/mybeautifulitaly.shop\/wp-content\/uploads\/2024\/08\/spaghetti_Turanicum-Wheat-line-150x150.webp 150w, https:\/\/mybeautifulitaly.shop\/wp-content\/uploads\/2024\/08\/spaghetti_Turanicum-Wheat-line-12x12.webp 12w, https:\/\/mybeautifulitaly.shop\/wp-content\/uploads\/2024\/08\/spaghetti_Turanicum-Wheat-line-600x600.webp 600w, https:\/\/mybeautifulitaly.shop\/wp-content\/uploads\/2024\/08\/spaghetti_Turanicum-Wheat-line-100x100.webp 100w, https:\/\/mybeautifulitaly.shop\/wp-content\/uploads\/2024\/08\/spaghetti_Turanicum-Wheat-line.webp 720w\" sizes=\"(max-width: 300px) 100vw, 300px\" \/><\/p>\n<p>&nbsp;<\/p>\n<p>&nbsp;<\/p>\n<p>&nbsp;<\/p>\n<p>&nbsp;<\/p>\n<p>&nbsp;<\/p>\n<p>&nbsp;<\/p>\n<p>&nbsp;<\/p>","protected":false},"featured_media":6014,"comment_status":"open","ping_status":"closed","template":"","meta":[],"product_brand":[],"product_cat":[98],"product_tag":[104,103],"class_list":{"0":"post-6013","1":"product","2":"type-product","3":"status-publish","4":"has-post-thumbnail","6":"product_cat-italian-pasta","7":"product_tag-makaron","8":"product_tag-pasta","9":"entry","10":"has-media","12":"first","13":"instock","14":"taxable","15":"shipping-taxable","16":"purchasable","17":"product-type-simple","18":"col","19":"span_1_of_3","20":"wvn-content-left","21":"wvn-thumbs-layout-horizontal","22":"wvn-btn-normal","23":"wvn-tabs-layout-horizontal","24":"circle-sale"},"supplier_id":null,"supplier_sku":"","barcode":null,"atum_controlled":true,"out_stock_date":null,"out_stock_threshold":null,"inheritable":false,"inbound_stock":null,"stock_on_hold":0,"sold_today":0,"sales_last_days":0,"reserved_stock":null,"customer_returns":null,"warehouse_damage":null,"lost_in_post":null,"other_logs":null,"out_stock_days":0,"lost_sales":0,"has_location":false,"update_date":"2026-04-24T04:16:38","atum_locations":[],"atum_stock_status":"instock","restock_status":false,"low_stock_amount":5,"sales_update_date":"2026-04-24T04:16:38","calc_backorders":null,"aioseo_notices":[],"_links":{"self":[{"href":"https:\/\/mybeautifulitaly.shop\/pl\/wp-json\/wp\/v2\/product\/6013","targetHints":{"allow":["GET"]}}],"collection":[{"href":"https:\/\/mybeautifulitaly.shop\/pl\/wp-json\/wp\/v2\/product"}],"about":[{"href":"https:\/\/mybeautifulitaly.shop\/pl\/wp-json\/wp\/v2\/types\/product"}],"replies":[{"embeddable":true,"href":"https:\/\/mybeautifulitaly.shop\/pl\/wp-json\/wp\/v2\/comments?post=6013"}],"wp:featuredmedia":[{"embeddable":true,"href":"https:\/\/mybeautifulitaly.shop\/pl\/wp-json\/wp\/v2\/media\/6014"}],"wp:attachment":[{"href":"https:\/\/mybeautifulitaly.shop\/pl\/wp-json\/wp\/v2\/media?parent=6013"}],"wp:term":[{"taxonomy":"product_brand","embeddable":true,"href":"https:\/\/mybeautifulitaly.shop\/pl\/wp-json\/wp\/v2\/product_brand?post=6013"},{"taxonomy":"product_cat","embeddable":true,"href":"https:\/\/mybeautifulitaly.shop\/pl\/wp-json\/wp\/v2\/product_cat?post=6013"},{"taxonomy":"product_tag","embeddable":true,"href":"https:\/\/mybeautifulitaly.shop\/pl\/wp-json\/wp\/v2\/product_tag?post=6013"}],"curies":[{"name":"wp","href":"https:\/\/api.w.org\/{rel}","templated":true}]}}