{"id":6003,"date":"2024-08-30T15:04:20","date_gmt":"2024-08-30T13:04:20","guid":{"rendered":"https:\/\/mybeautifulitaly.shop\/?post_type=product&#038;p=6003"},"modified":"2026-03-21T00:00:33","modified_gmt":"2026-03-20T23:00:33","slug":"whole-wheat-spaghetti-mancini","status":"publish","type":"product","link":"https:\/\/mybeautifulitaly.shop\/pl\/produkt\/whole-wheat-spaghetti-mancini\/","title":{"rendered":"Pe\u0142noziarniste spaghetti Mancini"},"content":{"rendered":"<h1>Odkryj nasze pe\u0142noziarniste spaghetti<\/h1>\n<p>Nasz makaron produkowany jest z pszenicy durum uprawianej bezpo\u015brednio przez firm\u0119.<br \/>\nJedynymi sk\u0142adnikami s\u0105 semolina z pszenicy durum i woda.<\/p>\n<p>Proces mielenia zachowuje wszystkie elementy ziarna pszenicy: zarodki, bielmo i otr\u0119by. Dzi\u0119ki temu utrzymane s\u0105 wszystkie w\u0142a\u015bciwo\u015bci od\u017cywcze i witaminowe, a tak\u017ce wysoka zawarto\u015b\u0107 b\u0142onnika i soli mineralnych.<\/p>\n<p class=\" translation-block\">Mancini wyr\u00f3\u017cnia si\u0119 tak\u017ce u\u017cywaniem matryc z br\u0105zu do formowania kszta\u0142t\u00f3w makaronu.<\/p>\n<p class=\" translation-block\">Nasz makaron ma \u015brednic\u0119 2,2 mm i d\u0142ugo\u015b\u0107 260 mm.<br> Czas  gotowania wynosi od 7 do 9 minut.<\/p>\n<p>&nbsp;<\/p>\n<p><img fetchpriority=\"high\" decoding=\"async\" class=\"alignnone size-medium wp-image-6004\" src=\"https:\/\/mybeautifulitaly.shop\/wp-content\/uploads\/2024\/08\/spaghetti_integrali-300x300.webp\" alt=\"\" width=\"300\" height=\"300\" srcset=\"https:\/\/mybeautifulitaly.shop\/wp-content\/uploads\/2024\/08\/spaghetti_integrali-300x300.webp 300w, https:\/\/mybeautifulitaly.shop\/wp-content\/uploads\/2024\/08\/spaghetti_integrali-150x150.webp 150w, https:\/\/mybeautifulitaly.shop\/wp-content\/uploads\/2024\/08\/spaghetti_integrali-12x12.webp 12w, https:\/\/mybeautifulitaly.shop\/wp-content\/uploads\/2024\/08\/spaghetti_integrali-600x600.webp 600w, https:\/\/mybeautifulitaly.shop\/wp-content\/uploads\/2024\/08\/spaghetti_integrali-100x100.webp 100w, https:\/\/mybeautifulitaly.shop\/wp-content\/uploads\/2024\/08\/spaghetti_integrali.webp 720w\" sizes=\"(max-width: 300px) 100vw, 300px\" \/><\/p>\n<p>&nbsp;<\/p>\n<p><img decoding=\"async\" class=\"alignnone wp-image-6007\" src=\"https:\/\/mybeautifulitaly.shop\/wp-content\/uploads\/2024\/08\/Whole_Weat_Spagetti_Time.jpg\" alt=\"\" width=\"182\" height=\"54\" srcset=\"https:\/\/mybeautifulitaly.shop\/wp-content\/uploads\/2024\/08\/Whole_Weat_Spagetti_Time.jpg 249w, https:\/\/mybeautifulitaly.shop\/wp-content\/uploads\/2024\/08\/Whole_Weat_Spagetti_Time-18x5.jpg 18w\" sizes=\"(max-width: 182px) 100vw, 182px\" \/><\/p>\n<p><img decoding=\"async\" class=\"alignnone wp-image-6008\" src=\"https:\/\/mybeautifulitaly.shop\/wp-content\/uploads\/2024\/08\/Whole_Weat_Spagetti_Size.jpg\" alt=\"\" width=\"190\" height=\"49\" srcset=\"https:\/\/mybeautifulitaly.shop\/wp-content\/uploads\/2024\/08\/Whole_Weat_Spagetti_Size.jpg 267w, https:\/\/mybeautifulitaly.shop\/wp-content\/uploads\/2024\/08\/Whole_Weat_Spagetti_Size-18x5.jpg 18w\" sizes=\"(max-width: 190px) 100vw, 190px\" \/><\/p>\n<p><img loading=\"lazy\" decoding=\"async\" class=\"alignnone wp-image-6009\" src=\"https:\/\/mybeautifulitaly.shop\/wp-content\/uploads\/2024\/08\/Whole_Weat_Spagetti_Diameter.jpg\" alt=\"\" width=\"179\" height=\"60\" srcset=\"https:\/\/mybeautifulitaly.shop\/wp-content\/uploads\/2024\/08\/Whole_Weat_Spagetti_Diameter.jpg 256w, https:\/\/mybeautifulitaly.shop\/wp-content\/uploads\/2024\/08\/Whole_Weat_Spagetti_Diameter-18x6.jpg 18w\" sizes=\"(max-width: 179px) 100vw, 179px\" \/><\/p>\n<p>&nbsp;<\/p>\n<h2>Warto\u015bci od\u017cywcze \u015brednie <b>Spaghetti pe\u0142noziarniste<\/b> za 100 gr<\/h2>\n<p>&#8212;&#8212;&#8212;&#8212;&#8212;&#8212;&#8212;&#8212;&#8212;&#8212;&#8212;&#8212;&#8212;&#8212;&#8212;&#8212;&#8212;&#8212;&#8212;&#8212;&#8212;&#8212;&#8212;&#8212;&#8212;&#8212;&#8212;&#8212;&#8212;&#8212;&#8212;&#8212;&#8212;&#8212;&#8212;&#8212;&#8212;&#8212;&#8212;&#8212;&#8212;&#8212;&#8212;&#8212;&#8212;&#8212;&#8212;&#8212;&#8212;&#8212;-<\/p>\n<p>Energia--------------------------------------------------------------1488 kJ 351 Kcal<\/p>\n<p class=\" translation-block\">T\u0142uszcz--------------------------------------------------------------1,9g<\/p>\n<p class=\" translation-block\">Nasycone kwasy t\u0142uszczowe-----------------------------------------0,3g<\/p>\n<p>W\u0119glowodany-------------------------------------------------------69,0 g<\/p>\n<p class=\" translation-block\">Cukry----------------------------------------------------------------4,3g<\/p>\n<p>B\u0142onnik--------------------------------------------------------------5,5 g<\/p>\n<p>Bia\u0142ka----------------------------------------------------------------13,0 g<\/p>\n<p>S\u00f3l------------------------------------------------------------------  &lt;0,1 g<\/p>\n<p><img loading=\"lazy\" decoding=\"async\" class=\"alignnone wp-image-5979\" src=\"https:\/\/mybeautifulitaly.shop\/wp-content\/uploads\/2024\/07\/Composition-300x51.jpg\" alt=\"\" width=\"424\" height=\"72\" srcset=\"https:\/\/mybeautifulitaly.shop\/wp-content\/uploads\/2024\/07\/Composition-300x51.jpg 300w, https:\/\/mybeautifulitaly.shop\/wp-content\/uploads\/2024\/07\/Composition-18x3.jpg 18w, https:\/\/mybeautifulitaly.shop\/wp-content\/uploads\/2024\/07\/Composition.jpg 600w\" sizes=\"(max-width: 424px) 100vw, 424px\" \/><\/p>\n<p>&nbsp;<\/p>\n<p>&nbsp;<\/p>","protected":false},"excerpt":{"rendered":"<p><b>Spaghetti pe\u0142noziarniste<\/b><\/p>\n<p><strong>Zdrowe i pyszne pe\u0142noziarniste spaghetti na po\u017cywne posi\u0142ki<\/strong><\/p>\n<p><img fetchpriority=\"high\" decoding=\"async\" class=\"alignnone size-medium wp-image-6004\" src=\"https:\/\/mybeautifulitaly.shop\/wp-content\/uploads\/2024\/08\/spaghetti_integrali-300x300.webp\" alt=\"\" width=\"300\" height=\"300\" srcset=\"https:\/\/mybeautifulitaly.shop\/wp-content\/uploads\/2024\/08\/spaghetti_integrali-300x300.webp 300w, https:\/\/mybeautifulitaly.shop\/wp-content\/uploads\/2024\/08\/spaghetti_integrali-150x150.webp 150w, https:\/\/mybeautifulitaly.shop\/wp-content\/uploads\/2024\/08\/spaghetti_integrali-12x12.webp 12w, https:\/\/mybeautifulitaly.shop\/wp-content\/uploads\/2024\/08\/spaghetti_integrali-600x600.webp 600w, https:\/\/mybeautifulitaly.shop\/wp-content\/uploads\/2024\/08\/spaghetti_integrali-100x100.webp 100w, https:\/\/mybeautifulitaly.shop\/wp-content\/uploads\/2024\/08\/spaghetti_integrali.webp 720w\" sizes=\"(max-width: 300px) 100vw, 300px\" \/><\/p>\n<p>&nbsp;<\/p>\n<p>&nbsp;<\/p>\n<p>&nbsp;<\/p>\n<p>&nbsp;<\/p>\n<p>&nbsp;<\/p>\n<p>&nbsp;<\/p>\n<p>&nbsp;<\/p>","protected":false},"featured_media":6004,"comment_status":"open","ping_status":"closed","template":"","meta":[],"product_brand":[],"product_cat":[98],"product_tag":[],"class_list":{"0":"post-6003","1":"product","2":"type-product","3":"status-publish","4":"has-post-thumbnail","6":"product_cat-italian-pasta","7":"entry","8":"has-media","10":"first","11":"outofstock","12":"taxable","13":"shipping-taxable","14":"purchasable","15":"product-type-simple","16":"col","17":"span_1_of_3","18":"wvn-content-left","19":"wvn-thumbs-layout-horizontal","20":"wvn-btn-normal","21":"wvn-tabs-layout-horizontal","22":"circle-sale"},"supplier_id":null,"supplier_sku":"","barcode":null,"atum_controlled":true,"out_stock_date":"2026-03-21 00:00:34","out_stock_threshold":null,"inheritable":false,"inbound_stock":null,"stock_on_hold":0,"sold_today":0,"sales_last_days":0,"reserved_stock":null,"customer_returns":null,"warehouse_damage":null,"lost_in_post":null,"other_logs":null,"out_stock_days":34,"lost_sales":309,"has_location":false,"update_date":"2026-04-24T04:16:38","atum_locations":[],"atum_stock_status":"outofstock","restock_status":false,"low_stock_amount":5,"sales_update_date":"2026-04-24T04:16:38","calc_backorders":null,"aioseo_notices":[],"_links":{"self":[{"href":"https:\/\/mybeautifulitaly.shop\/pl\/wp-json\/wp\/v2\/product\/6003","targetHints":{"allow":["GET"]}}],"collection":[{"href":"https:\/\/mybeautifulitaly.shop\/pl\/wp-json\/wp\/v2\/product"}],"about":[{"href":"https:\/\/mybeautifulitaly.shop\/pl\/wp-json\/wp\/v2\/types\/product"}],"replies":[{"embeddable":true,"href":"https:\/\/mybeautifulitaly.shop\/pl\/wp-json\/wp\/v2\/comments?post=6003"}],"wp:featuredmedia":[{"embeddable":true,"href":"https:\/\/mybeautifulitaly.shop\/pl\/wp-json\/wp\/v2\/media\/6004"}],"wp:attachment":[{"href":"https:\/\/mybeautifulitaly.shop\/pl\/wp-json\/wp\/v2\/media?parent=6003"}],"wp:term":[{"taxonomy":"product_brand","embeddable":true,"href":"https:\/\/mybeautifulitaly.shop\/pl\/wp-json\/wp\/v2\/product_brand?post=6003"},{"taxonomy":"product_cat","embeddable":true,"href":"https:\/\/mybeautifulitaly.shop\/pl\/wp-json\/wp\/v2\/product_cat?post=6003"},{"taxonomy":"product_tag","embeddable":true,"href":"https:\/\/mybeautifulitaly.shop\/pl\/wp-json\/wp\/v2\/product_tag?post=6003"}],"curies":[{"name":"wp","href":"https:\/\/api.w.org\/{rel}","templated":true}]}}