{"id":5999,"date":"2024-08-30T15:17:22","date_gmt":"2024-08-30T13:17:22","guid":{"rendered":"https:\/\/mybeautifulitaly.shop\/?post_type=product&#038;p=5999"},"modified":"2026-04-07T14:01:53","modified_gmt":"2026-04-07T12:01:53","slug":"pasta-fusilli-mancini","status":"publish","type":"product","link":"https:\/\/mybeautifulitaly.shop\/pl\/produkt\/pasta-fusilli-mancini\/","title":{"rendered":"MAKARON FUSILLI MANCINI"},"content":{"rendered":"<h1><strong>MAKARON MANCINI FUSILLI<\/strong><\/h1>\n<p>Makaron ten jest wykonany z pszenicy durum uprawianej w regionie Marche we W\u0142oszech. Ten rzemie\u015blniczy produkt oferuje wysok\u0105 jako\u015b\u0107 i autentyczny smak.<\/p>\n<p>Makaron Mancini FUSILLI jest formowany przy u\u017cyciu tradycyjnych form br\u0105zowych. Proces ten nadaje makaronowi chropowat\u0105 tekstur\u0119, idealn\u0105 do wch\u0142aniania sos\u00f3w i wzmacniania ka\u017cdego k\u0119sa. Dodatkowo, makaron jest powoli suszony w niskiej temperaturze przez okres do 44 godzin. Pomaga to zachowa\u0107 mocn\u0105 struktur\u0119 bia\u0142ka, zapewniaj\u0105c doskona\u0142\u0105 tekstur\u0119 \u201eal dente\u201d.<\/p>\n<p>FUSILLI ma spiralny kszta\u0142t, kt\u00f3ry doskonale trzyma sosy. Na przyk\u0142ad, \u015bwietnie komponuje si\u0119 z pesto, sosami \u015bmietanowymi i sosami na bazie pomidor\u00f3w. Jego spiralny kszta\u0142t sprawia, \u017ce jest r\u00f3wnie\u017c idealny do sa\u0142atek makaronowych.<\/p>\n<p><strong>Sugestie podania:<\/strong><\/p>\n<ul>\n<li>\u2022 Wypr\u00f3buj ze \u015bwie\u017cym sosem pesto, udekorowanym parmezanem i orzeszkami piniowymi.<\/li>\n<li>\u2022 Alternatywnie, po\u0142\u0105cz go z bogatym sosem pomidorowym na klasyczny posi\u0142ek.<\/li>\n<li>\u2022 Mo\u017cna go tak\u017ce u\u017cy\u0107 w zimnych sa\u0142atkach makaronowych ze \u015bwie\u017cymi warzywami i zio\u0142ami.<\/li>\n<\/ul>\n<p>Podsumowuj\u0105c, makaron Mancini FUSILLI przynosi autentyczny smak W\u0142och na Tw\u00f3j st\u00f3\u0142. Ciesz si\u0119 rzemios\u0142em i pasj\u0105 w ka\u017cdym opakowaniu. Smacznego!<\/p>\n<p><img fetchpriority=\"high\" decoding=\"async\" class=\"alignnone size-medium wp-image-6000\" src=\"https:\/\/mybeautifulitaly.shop\/wp-content\/uploads\/2024\/08\/fusilli-300x300.webp\" alt=\"\" width=\"300\" height=\"300\" srcset=\"https:\/\/mybeautifulitaly.shop\/wp-content\/uploads\/2024\/08\/fusilli-300x300.webp 300w, https:\/\/mybeautifulitaly.shop\/wp-content\/uploads\/2024\/08\/fusilli-150x150.webp 150w, https:\/\/mybeautifulitaly.shop\/wp-content\/uploads\/2024\/08\/fusilli-12x12.webp 12w, https:\/\/mybeautifulitaly.shop\/wp-content\/uploads\/2024\/08\/fusilli-600x600.webp 600w, https:\/\/mybeautifulitaly.shop\/wp-content\/uploads\/2024\/08\/fusilli-100x100.webp 100w, https:\/\/mybeautifulitaly.shop\/wp-content\/uploads\/2024\/08\/fusilli.webp 720w\" sizes=\"(max-width: 300px) 100vw, 300px\" \/><\/p>\n<p><img decoding=\"async\" class=\"alignnone wp-image-5995\" src=\"https:\/\/mybeautifulitaly.shop\/wp-content\/uploads\/2024\/08\/Maccheroni_Time.jpg\" alt=\"\" width=\"183\" height=\"57\" srcset=\"https:\/\/mybeautifulitaly.shop\/wp-content\/uploads\/2024\/08\/Maccheroni_Time.jpg 253w, https:\/\/mybeautifulitaly.shop\/wp-content\/uploads\/2024\/08\/Maccheroni_Time-18x6.jpg 18w\" sizes=\"(max-width: 183px) 100vw, 183px\" \/><\/p>\n<p><img decoding=\"async\" class=\"alignnone wp-image-5996\" src=\"https:\/\/mybeautifulitaly.shop\/wp-content\/uploads\/2024\/08\/Size.jpg\" alt=\"\" width=\"169\" height=\"49\" srcset=\"https:\/\/mybeautifulitaly.shop\/wp-content\/uploads\/2024\/08\/Size.jpg 227w, https:\/\/mybeautifulitaly.shop\/wp-content\/uploads\/2024\/08\/Size-18x5.jpg 18w\" sizes=\"(max-width: 169px) 100vw, 169px\" \/><\/p>\n<p><img loading=\"lazy\" decoding=\"async\" class=\"alignnone wp-image-5997\" src=\"https:\/\/mybeautifulitaly.shop\/wp-content\/uploads\/2024\/08\/Diameter.jpg\" alt=\"\" width=\"185\" height=\"63\" srcset=\"https:\/\/mybeautifulitaly.shop\/wp-content\/uploads\/2024\/08\/Diameter.jpg 255w, https:\/\/mybeautifulitaly.shop\/wp-content\/uploads\/2024\/08\/Diameter-18x6.jpg 18w\" sizes=\"(max-width: 185px) 100vw, 185px\" \/><\/p>\n<h2>Warto\u015bci od\u017cywcze \u015brednie Pasta Fusilli na 100 g<\/h2>\n<p>&#8212;&#8212;&#8212;&#8212;&#8212;&#8212;&#8212;&#8212;&#8212;&#8212;&#8212;&#8212;&#8212;&#8212;&#8212;&#8212;&#8212;&#8212;&#8212;&#8212;&#8212;&#8212;&#8212;&#8212;&#8212;&#8212;&#8212;&#8212;&#8212;&#8212;&#8212;&#8212;&#8212;&#8212;&#8212;&#8212;&#8212;&#8212;&#8212;&#8212;&#8212;&#8212;&#8212;&#8212;&#8212;&#8212;&#8212;&#8212;&#8212;&#8212;-<\/p>\n<p>Warto\u015b\u0107 energetyczna -------------------------------------533 kJ 365 Kcal<\/p>\n<p>T\u0142uszcz\u00a0 \u00a0 \u00a0 \u00a0 \u00a0 \u00a0 \u00a0 \u00a0 \u00a0 \u00a0 \u00a0 \u00a0 \u00a0 \u00a0 \u00a0 \u00a0 \u00a0 \u00a0 \u00a0 \u00a0 \u00a0 \u00a0 \u00a0 \u00a0 \u00a0 \u00a0 \u00a0 \u00a0 \u00a0 <small>\u00a0 \u00a0 \u00a0 \u00a0 \u00a0 \u00a0 \u00a0 \u00a0 \u00a0 \u00a0 \u00a0 \u00a0 \u00a0 \u00a0 \u00a0 \u00a0 \u00a0 \u00a0 \u00a0 \u00a0 \u00a0 \u00a0 \u00a0 \u00a0 \u00a0<\/small>1,1 g<\/p>\n<p class=\" translation-block\">Nasycone kwasy t\u0142uszczowe-------------------------------0,22g<\/p>\n<p>W\u0119glowodany---------------------------------------------75,0 g<\/p>\n<p class=\" translation-block\">Cukry-----------------------------------------------------3,6g<\/p>\n<p>B\u0142onnik----------------------------------------------------2,5 g<\/p>\n<p>Bia\u0142ka-----------------------------------------------------13,4 g<\/p>\n<p>S\u00f3l-------------------------------------------------------0,010 g<\/p>\n<p><script src=\"chrome-extension:\/\/ojgiocfokgljoliedfipmfmljbijekab\/scripts\/ctx.js\"><\/script><\/p>\n<p>Sk\u0142adniki: semolina\u00a0<strong>z pszenicy durum,<\/strong>\u00a0woda<\/p>\n<p>Kraj uprawy pszenicy: W\u0142ochy<\/p>\n<p>Makaron z semoliny z pszenicy durum<\/p>\n<p>Wyprodukowano i zapakowano przez Azienda Agricola Mancini (soc. agr. srl), Via Ernesto Paoletti, 1; 63815 Monte San Pietrangeli (FM), W\u0142ochy<\/p>\n<p>Produkt z W\u0142och<\/p>\n<p><img loading=\"lazy\" decoding=\"async\" class=\"alignnone wp-image-5979\" src=\"https:\/\/mybeautifulitaly.shop\/wp-content\/uploads\/2024\/07\/Composition-300x51.jpg\" alt=\"\" width=\"423\" height=\"72\" srcset=\"https:\/\/mybeautifulitaly.shop\/wp-content\/uploads\/2024\/07\/Composition-300x51.jpg 300w, https:\/\/mybeautifulitaly.shop\/wp-content\/uploads\/2024\/07\/Composition-18x3.jpg 18w, https:\/\/mybeautifulitaly.shop\/wp-content\/uploads\/2024\/07\/Composition.jpg 600w\" sizes=\"(max-width: 423px) 100vw, 423px\" \/><\/p>\n<p>&nbsp;<\/p>\n<p>&nbsp;<\/p>","protected":false},"excerpt":{"rendered":"<p><strong>MAKARON MANCINI FUSILLI<\/strong><\/p>\n<p>Makaron ten jest wykonany z pszenicy durum uprawianej w regionie Marche we W\u0142oszech. Ten rzemie\u015blniczy produkt oferuje wysok\u0105 jako\u015b\u0107 i autentyczny smak.<\/p>\n<p><img fetchpriority=\"high\" decoding=\"async\" class=\"alignnone size-medium wp-image-6000\" src=\"https:\/\/mybeautifulitaly.shop\/wp-content\/uploads\/2024\/08\/fusilli-300x300.webp\" alt=\"\" width=\"300\" height=\"300\" srcset=\"https:\/\/mybeautifulitaly.shop\/wp-content\/uploads\/2024\/08\/fusilli-300x300.webp 300w, https:\/\/mybeautifulitaly.shop\/wp-content\/uploads\/2024\/08\/fusilli-150x150.webp 150w, https:\/\/mybeautifulitaly.shop\/wp-content\/uploads\/2024\/08\/fusilli-12x12.webp 12w, https:\/\/mybeautifulitaly.shop\/wp-content\/uploads\/2024\/08\/fusilli-600x600.webp 600w, https:\/\/mybeautifulitaly.shop\/wp-content\/uploads\/2024\/08\/fusilli-100x100.webp 100w, https:\/\/mybeautifulitaly.shop\/wp-content\/uploads\/2024\/08\/fusilli.webp 720w\" sizes=\"(max-width: 300px) 100vw, 300px\" \/><\/p>\n<p>&nbsp;<\/p>\n<p>&nbsp;<\/p>\n<p>&nbsp;<\/p>\n<p>&nbsp;<\/p>","protected":false},"featured_media":6000,"comment_status":"open","ping_status":"closed","template":"","meta":[],"product_brand":[],"product_cat":[98],"product_tag":[],"class_list":{"0":"post-5999","1":"product","2":"type-product","3":"status-publish","4":"has-post-thumbnail","6":"product_cat-italian-pasta","7":"entry","8":"has-media","10":"first","11":"instock","12":"taxable","13":"shipping-taxable","14":"purchasable","15":"product-type-simple","16":"col","17":"span_1_of_3","18":"wvn-content-left","19":"wvn-thumbs-layout-horizontal","20":"wvn-btn-normal","21":"wvn-tabs-layout-horizontal","22":"circle-sale"},"supplier_id":null,"supplier_sku":"","barcode":null,"atum_controlled":true,"out_stock_date":null,"out_stock_threshold":null,"inheritable":false,"inbound_stock":null,"stock_on_hold":0,"sold_today":0,"sales_last_days":0,"reserved_stock":null,"customer_returns":null,"warehouse_damage":null,"lost_in_post":null,"other_logs":null,"out_stock_days":0,"lost_sales":0,"has_location":false,"update_date":"2026-04-24T04:16:38","atum_locations":[],"atum_stock_status":"instock","restock_status":false,"low_stock_amount":5,"sales_update_date":"2026-04-24T04:16:38","calc_backorders":null,"aioseo_notices":[],"_links":{"self":[{"href":"https:\/\/mybeautifulitaly.shop\/pl\/wp-json\/wp\/v2\/product\/5999","targetHints":{"allow":["GET"]}}],"collection":[{"href":"https:\/\/mybeautifulitaly.shop\/pl\/wp-json\/wp\/v2\/product"}],"about":[{"href":"https:\/\/mybeautifulitaly.shop\/pl\/wp-json\/wp\/v2\/types\/product"}],"replies":[{"embeddable":true,"href":"https:\/\/mybeautifulitaly.shop\/pl\/wp-json\/wp\/v2\/comments?post=5999"}],"wp:featuredmedia":[{"embeddable":true,"href":"https:\/\/mybeautifulitaly.shop\/pl\/wp-json\/wp\/v2\/media\/6000"}],"wp:attachment":[{"href":"https:\/\/mybeautifulitaly.shop\/pl\/wp-json\/wp\/v2\/media?parent=5999"}],"wp:term":[{"taxonomy":"product_brand","embeddable":true,"href":"https:\/\/mybeautifulitaly.shop\/pl\/wp-json\/wp\/v2\/product_brand?post=5999"},{"taxonomy":"product_cat","embeddable":true,"href":"https:\/\/mybeautifulitaly.shop\/pl\/wp-json\/wp\/v2\/product_cat?post=5999"},{"taxonomy":"product_tag","embeddable":true,"href":"https:\/\/mybeautifulitaly.shop\/pl\/wp-json\/wp\/v2\/product_tag?post=5999"}],"curies":[{"name":"wp","href":"https:\/\/api.w.org\/{rel}","templated":true}]}}