{"id":5991,"date":"2024-08-30T15:08:33","date_gmt":"2024-08-30T13:08:33","guid":{"rendered":"https:\/\/mybeautifulitaly.shop\/?post_type=product&#038;p=5991"},"modified":"2026-02-03T14:30:37","modified_gmt":"2026-02-03T13:30:37","slug":"pasta-maccheroni-mancini","status":"publish","type":"product","link":"https:\/\/mybeautifulitaly.shop\/pl\/produkt\/pasta-maccheroni-mancini\/","title":{"rendered":"MAKARON MACCHERONI MANCINI"},"content":{"rendered":"<h1 class=\"single-post-title product_title entry-title\">MAKARON MACCHERONI MANCINI<\/h1>\n<p>Odkryj doskona\u0142o\u015b\u0107 makaronu Mancini MACCHERONE, rzemie\u015blniczego produktu wytwarzanego z pszenicy durum uprawianej w malowniczym regionie Marche we W\u0142oszech. W Mancini ka\u017cdy etap produkcji jest starannie kontrolowany, aby zapewni\u0107 najwy\u017csz\u0105 jako\u015b\u0107 i autentyczny smak.<\/p>\n<p>Makaron Mancini MACCHERONE formowany jest przy u\u017cyciu tradycyjnych matryc z br\u0105zu. Suszy si\u0119 go powoli w niskich temperaturach, nawet przez 44 godziny, co pozwala utrzyma\u0107 mocn\u0105 struktur\u0119 bia\u0142ka i zapewnia idealn\u0105 konsystencj\u0119 \u201eal dente\u201d.<\/p>\n<p>MACCHERONE, dzi\u0119ki swojemu cylindrycznemu kszta\u0142towi i szorstkiej konsystencji, \u015bwietnie nadaje si\u0119 do wielu sos\u00f3w. Doskonale komponuje si\u0119 z sosami kremowymi, sosami na bazie mi\u0119sa oraz bogatymi daniami wegetaria\u0144skimi. Jego pusty \u015brodek doskonale utrzymuje sosy, dzi\u0119ki czemu ka\u017cdy k\u0119s jest pe\u0142en aromatu.<\/p>\n<h2><strong>Sugestie podania:<\/strong><\/h2>\n<ul>\n<li>\u2022 Spr\u00f3buj z domowym sosem pomidorowym, udekorowanym \u015bwie\u017c\u0105 bazyli\u0105 i parmezanem.<\/li>\n<li>\u2022 Po\u0142\u0105cz go z kremowym sosem Alfredo<\/li>\n<li>\u2022 U\u017cyj go do zapiekanek  posypuj\u0105c dobrze  topi\u0105cym si\u0119 serem i zio\u0142ami.<\/li>\n<\/ul>\n<p>Podsumowuj\u0105c, makaron Mancini MACCHERONE wnosi na Tw\u00f3j st\u00f3\u0142 odrobin\u0119 w\u0142oskiej autentyczno\u015bci. Ciesz si\u0119 kunsztem i pasj\u0105 w ka\u017cdym opakowaniu. Smacznego!<\/p>\n<p><img fetchpriority=\"high\" decoding=\"async\" class=\"alignnone size-medium wp-image-5992\" src=\"https:\/\/mybeautifulitaly.shop\/wp-content\/uploads\/2024\/08\/maccheroni-300x300.webp\" alt=\"\" width=\"300\" height=\"300\" srcset=\"https:\/\/mybeautifulitaly.shop\/wp-content\/uploads\/2024\/08\/maccheroni-300x300.webp 300w, https:\/\/mybeautifulitaly.shop\/wp-content\/uploads\/2024\/08\/maccheroni-150x150.webp 150w, https:\/\/mybeautifulitaly.shop\/wp-content\/uploads\/2024\/08\/maccheroni-12x12.webp 12w, https:\/\/mybeautifulitaly.shop\/wp-content\/uploads\/2024\/08\/maccheroni-600x600.webp 600w, https:\/\/mybeautifulitaly.shop\/wp-content\/uploads\/2024\/08\/maccheroni-100x100.webp 100w, https:\/\/mybeautifulitaly.shop\/wp-content\/uploads\/2024\/08\/maccheroni.webp 720w\" sizes=\"(max-width: 300px) 100vw, 300px\" \/><\/p>\n<p><img decoding=\"async\" class=\"alignnone wp-image-5995\" src=\"https:\/\/mybeautifulitaly.shop\/wp-content\/uploads\/2024\/08\/Maccheroni_Time.jpg\" alt=\"\" width=\"179\" height=\"56\" srcset=\"https:\/\/mybeautifulitaly.shop\/wp-content\/uploads\/2024\/08\/Maccheroni_Time.jpg 253w, https:\/\/mybeautifulitaly.shop\/wp-content\/uploads\/2024\/08\/Maccheroni_Time-18x6.jpg 18w\" sizes=\"(max-width: 179px) 100vw, 179px\" \/><\/p>\n<p><img decoding=\"async\" class=\"alignnone wp-image-5996\" src=\"https:\/\/mybeautifulitaly.shop\/wp-content\/uploads\/2024\/08\/Size.jpg\" alt=\"\" width=\"169\" height=\"49\" srcset=\"https:\/\/mybeautifulitaly.shop\/wp-content\/uploads\/2024\/08\/Size.jpg 227w, https:\/\/mybeautifulitaly.shop\/wp-content\/uploads\/2024\/08\/Size-18x5.jpg 18w\" sizes=\"(max-width: 169px) 100vw, 169px\" \/><\/p>\n<p><img loading=\"lazy\" decoding=\"async\" class=\"alignnone wp-image-5997\" src=\"https:\/\/mybeautifulitaly.shop\/wp-content\/uploads\/2024\/08\/Diameter.jpg\" alt=\"\" width=\"179\" height=\"61\" srcset=\"https:\/\/mybeautifulitaly.shop\/wp-content\/uploads\/2024\/08\/Diameter.jpg 255w, https:\/\/mybeautifulitaly.shop\/wp-content\/uploads\/2024\/08\/Diameter-18x6.jpg 18w\" sizes=\"(max-width: 179px) 100vw, 179px\" \/><\/p>\n<h2>Warto\u015bci od\u017cywcze \u015bredniego makaronu Maccheroni na 100 g<\/h2>\n<p>&#8212;&#8212;&#8212;&#8212;&#8212;&#8212;&#8212;&#8212;&#8212;&#8212;&#8212;&#8212;&#8212;&#8212;&#8212;&#8212;&#8212;&#8212;&#8212;&#8212;&#8212;&#8212;&#8212;&#8212;&#8212;&#8212;&#8212;&#8212;&#8212;&#8212;&#8212;&#8212;&#8212;&#8212;&#8212;&#8212;&#8212;&#8212;&#8212;&#8212;&#8212;&#8212;&#8212;&#8212;&#8212;&#8212;&#8212;&#8212;&#8212;&#8212;-<\/p>\n<p>Warto\u015b\u0107 energetyczna -------------------------------------533 kJ 365 Kcal<\/p>\n<p>T\u0142uszcz\u00a0 \u00a0 \u00a0 \u00a0 \u00a0 \u00a0 \u00a0 \u00a0 \u00a0 \u00a0 \u00a0 \u00a0 \u00a0 \u00a0 \u00a0 \u00a0 \u00a0 \u00a0 \u00a0 \u00a0 \u00a0 \u00a0 \u00a0 \u00a0 \u00a0 \u00a0 \u00a0 \u00a0 \u00a0 <small>\u00a0 \u00a0 \u00a0 \u00a0 \u00a0 \u00a0 \u00a0 \u00a0 \u00a0 \u00a0 \u00a0 \u00a0 \u00a0 \u00a0 \u00a0 \u00a0 \u00a0 \u00a0 \u00a0 \u00a0 \u00a0 \u00a0 \u00a0 \u00a0 \u00a0<\/small>1,1 g<\/p>\n<p class=\" translation-block\">Nasycone kwasy t\u0142uszczowe-------------------------------0,22g<\/p>\n<p>W\u0119glowodany---------------------------------------------75,0 g<\/p>\n<p class=\" translation-block\">Cukry-----------------------------------------------------3,6g<\/p>\n<p>B\u0142onnik----------------------------------------------------2,5 g<\/p>\n<p>Bia\u0142ka-----------------------------------------------------13,4 g<\/p>\n<p>S\u00f3l-------------------------------------------------------0,010 g<\/p>\n<p><script src=\"chrome-extension:\/\/ojgiocfokgljoliedfipmfmljbijekab\/scripts\/ctx.js\"><\/script><\/p>\n<p>Sk\u0142adniki: semolina\u00a0<strong>z pszenicy durum,<\/strong>\u00a0woda<\/p>\n<p>Kraj uprawy pszenicy: W\u0142ochy<\/p>\n<p>Makaron z semoliny z pszenicy durum<\/p>\n<p>Wyprodukowano i zapakowano przez Azienda Agricola Mancini (soc. agr. srl), Via Ernesto Paoletti, 1; 63815 Monte San Pietrangeli (FM), W\u0142ochy<\/p>\n<p>Produkt z W\u0142och<\/p>\n<p><img loading=\"lazy\" decoding=\"async\" class=\"wp-image-5979 alignleft\" src=\"https:\/\/mybeautifulitaly.shop\/wp-content\/uploads\/2024\/07\/Composition-300x51.jpg\" alt=\"\" width=\"424\" height=\"72\" srcset=\"https:\/\/mybeautifulitaly.shop\/wp-content\/uploads\/2024\/07\/Composition-300x51.jpg 300w, https:\/\/mybeautifulitaly.shop\/wp-content\/uploads\/2024\/07\/Composition-18x3.jpg 18w, https:\/\/mybeautifulitaly.shop\/wp-content\/uploads\/2024\/07\/Composition.jpg 600w\" sizes=\"(max-width: 424px) 100vw, 424px\" \/><\/p>\n<p>&nbsp;<\/p>\n<p>&nbsp;<\/p>\n<p>&nbsp;<\/p>","protected":false},"excerpt":{"rendered":"<p class=\"single-post-title product_title entry-title\">Makaron Maccheroni Mancini<\/p>\n<p>Wnosi odrobin\u0119 w\u0142oskiej autentyczno\u015bci na Tw\u00f3j st\u00f3\u0142, oferuj\u0105c niezr\u00f3wnane doznania kulinarne. Odkryj kunszt i pasj\u0119 kryj\u0105c\u0105 si\u0119 za ka\u017cdym opakowaniem makaronu Mancini.<\/p>\n<p><img fetchpriority=\"high\" decoding=\"async\" class=\"alignnone size-medium wp-image-5992\" src=\"https:\/\/mybeautifulitaly.shop\/wp-content\/uploads\/2024\/08\/maccheroni-300x300.webp\" alt=\"\" width=\"300\" height=\"300\" srcset=\"https:\/\/mybeautifulitaly.shop\/wp-content\/uploads\/2024\/08\/maccheroni-300x300.webp 300w, https:\/\/mybeautifulitaly.shop\/wp-content\/uploads\/2024\/08\/maccheroni-150x150.webp 150w, https:\/\/mybeautifulitaly.shop\/wp-content\/uploads\/2024\/08\/maccheroni-12x12.webp 12w, https:\/\/mybeautifulitaly.shop\/wp-content\/uploads\/2024\/08\/maccheroni-600x600.webp 600w, https:\/\/mybeautifulitaly.shop\/wp-content\/uploads\/2024\/08\/maccheroni-100x100.webp 100w, https:\/\/mybeautifulitaly.shop\/wp-content\/uploads\/2024\/08\/maccheroni.webp 720w\" sizes=\"(max-width: 300px) 100vw, 300px\" \/><\/p>\n<p>&nbsp;<\/p>\n<p>&nbsp;<\/p>\n<p>&nbsp;<\/p>\n<p>&nbsp;<\/p>\n<p>&nbsp;<\/p>\n<p>&nbsp;<\/p>","protected":false},"featured_media":5992,"comment_status":"open","ping_status":"closed","template":"","meta":[],"product_brand":[],"product_cat":[98],"product_tag":[],"class_list":{"0":"post-5991","1":"product","2":"type-product","3":"status-publish","4":"has-post-thumbnail","6":"product_cat-italian-pasta","7":"entry","8":"has-media","10":"first","11":"instock","12":"taxable","13":"shipping-taxable","14":"purchasable","15":"product-type-simple","16":"col","17":"span_1_of_3","18":"wvn-content-left","19":"wvn-thumbs-layout-horizontal","20":"wvn-btn-normal","21":"wvn-tabs-layout-horizontal","22":"circle-sale"},"supplier_id":null,"supplier_sku":"","barcode":null,"atum_controlled":true,"out_stock_date":null,"out_stock_threshold":null,"inheritable":false,"inbound_stock":null,"stock_on_hold":0,"sold_today":0,"sales_last_days":0,"reserved_stock":null,"customer_returns":null,"warehouse_damage":null,"lost_in_post":null,"other_logs":null,"out_stock_days":0,"lost_sales":0,"has_location":false,"update_date":"2026-04-24T04:16:38","atum_locations":[],"atum_stock_status":"instock","restock_status":false,"low_stock_amount":5,"sales_update_date":"2026-04-24T04:16:38","calc_backorders":null,"aioseo_notices":[],"_links":{"self":[{"href":"https:\/\/mybeautifulitaly.shop\/pl\/wp-json\/wp\/v2\/product\/5991","targetHints":{"allow":["GET"]}}],"collection":[{"href":"https:\/\/mybeautifulitaly.shop\/pl\/wp-json\/wp\/v2\/product"}],"about":[{"href":"https:\/\/mybeautifulitaly.shop\/pl\/wp-json\/wp\/v2\/types\/product"}],"replies":[{"embeddable":true,"href":"https:\/\/mybeautifulitaly.shop\/pl\/wp-json\/wp\/v2\/comments?post=5991"}],"wp:featuredmedia":[{"embeddable":true,"href":"https:\/\/mybeautifulitaly.shop\/pl\/wp-json\/wp\/v2\/media\/5992"}],"wp:attachment":[{"href":"https:\/\/mybeautifulitaly.shop\/pl\/wp-json\/wp\/v2\/media?parent=5991"}],"wp:term":[{"taxonomy":"product_brand","embeddable":true,"href":"https:\/\/mybeautifulitaly.shop\/pl\/wp-json\/wp\/v2\/product_brand?post=5991"},{"taxonomy":"product_cat","embeddable":true,"href":"https:\/\/mybeautifulitaly.shop\/pl\/wp-json\/wp\/v2\/product_cat?post=5991"},{"taxonomy":"product_tag","embeddable":true,"href":"https:\/\/mybeautifulitaly.shop\/pl\/wp-json\/wp\/v2\/product_tag?post=5991"}],"curies":[{"name":"wp","href":"https:\/\/api.w.org\/{rel}","templated":true}]}}