{"id":5980,"date":"2024-08-30T15:20:09","date_gmt":"2024-08-30T13:20:09","guid":{"rendered":"https:\/\/mybeautifulitaly.shop\/?post_type=product&#038;p=5980"},"modified":"2026-04-14T11:51:03","modified_gmt":"2026-04-14T09:51:03","slug":"pennette-rigate-mancini","status":"publish","type":"product","link":"https:\/\/mybeautifulitaly.shop\/pl\/produkt\/pennette-rigate-mancini\/","title":{"rendered":"PENNETTE RIGATE MANCINI"},"content":{"rendered":"<h1><strong>Mancini Penne Rigate<\/strong><\/h1>\n<p>Penne Rigate, jeden z najbardziej ukochanych rodzaj\u00f3w makaronu we W\u0142oszech, charakteryzuje si\u0119 szerok\u0105 rurk\u0105 z rowkami na zewn\u0119trznej stronie.<\/p>\n<p>Nazwa penne pochodzi od w\u0142oskiego s\u0142owa \u201epenna\u201d (oznaczaj\u0105cego pi\u00f3ro), a makaron ten wyst\u0119puje w dw\u00f3ch formach: liscio (g\u0142adki) i rigato (rowkowany).<\/p>\n<p>Mancini Penne Rigate s\u0105 wytwarzane z pszenicy durum uprawianej na polach nale\u017c\u0105cych do firmy w regionie Marche.<\/p>\n<p>Dzi\u0119ki tradycyjnym maszynom do wyt\u0142aczania z br\u0105zu, Mancini zapewnia makaron o chropowatej teksturze z wieloma porami, idealny do absorbowania sos\u00f3w.<\/p>\n<p>Makaron jest powoli suszony w niskiej temperaturze przez okres do 44 godzin, co pozwala zachowa\u0107 struktur\u0119 bia\u0142ka i zapewnia doskona\u0142\u0105 tekstur\u0119 al dente.<\/p>\n<p>Penne Rigate doskonale pasuj\u0105 do sos\u00f3w warzywnych, sos\u00f3w na bazie pomidor\u00f3w, takich jak puttanesca, czy pesto. To r\u00f3wnie\u017c doskona\u0142y wyb\u00f3r do sa\u0142atek makaronowych.<\/p>\n<p><img fetchpriority=\"high\" decoding=\"async\" class=\"alignnone size-medium wp-image-5982\" src=\"https:\/\/mybeautifulitaly.shop\/wp-content\/uploads\/2024\/07\/pennette_Mancini-300x300.webp\" alt=\"\" width=\"300\" height=\"300\" srcset=\"https:\/\/mybeautifulitaly.shop\/wp-content\/uploads\/2024\/07\/pennette_Mancini-300x300.webp 300w, https:\/\/mybeautifulitaly.shop\/wp-content\/uploads\/2024\/07\/pennette_Mancini-150x150.webp 150w, https:\/\/mybeautifulitaly.shop\/wp-content\/uploads\/2024\/07\/pennette_Mancini-12x12.webp 12w, https:\/\/mybeautifulitaly.shop\/wp-content\/uploads\/2024\/07\/pennette_Mancini-600x600.webp 600w, https:\/\/mybeautifulitaly.shop\/wp-content\/uploads\/2024\/07\/pennette_Mancini-100x100.webp 100w, https:\/\/mybeautifulitaly.shop\/wp-content\/uploads\/2024\/07\/pennette_Mancini.webp 720w\" sizes=\"(max-width: 300px) 100vw, 300px\" \/><\/p>\n<p>&nbsp;<\/p>\n<p><strong>Mancini Penne Rigate<\/strong><\/p>\n<p><img decoding=\"async\" class=\"alignnone wp-image-5988\" src=\"https:\/\/mybeautifulitaly.shop\/wp-content\/uploads\/2024\/07\/Time-1.jpg\" alt=\"\" width=\"183\" height=\"63\" srcset=\"https:\/\/mybeautifulitaly.shop\/wp-content\/uploads\/2024\/07\/Time-1.jpg 256w, https:\/\/mybeautifulitaly.shop\/wp-content\/uploads\/2024\/07\/Time-1-18x6.jpg 18w\" sizes=\"(max-width: 183px) 100vw, 183px\" \/><\/p>\n<p><img decoding=\"async\" class=\"alignnone wp-image-5989\" src=\"https:\/\/mybeautifulitaly.shop\/wp-content\/uploads\/2024\/07\/Size-1.jpg\" alt=\"\" width=\"167\" height=\"52\" srcset=\"https:\/\/mybeautifulitaly.shop\/wp-content\/uploads\/2024\/07\/Size-1.jpg 221w, https:\/\/mybeautifulitaly.shop\/wp-content\/uploads\/2024\/07\/Size-1-18x6.jpg 18w\" sizes=\"(max-width: 167px) 100vw, 167px\" \/><\/p>\n<p><img loading=\"lazy\" decoding=\"async\" class=\"alignnone wp-image-5990\" src=\"https:\/\/mybeautifulitaly.shop\/wp-content\/uploads\/2024\/07\/Diameter-1.jpg\" alt=\"\" width=\"152\" height=\"57\" srcset=\"https:\/\/mybeautifulitaly.shop\/wp-content\/uploads\/2024\/07\/Diameter-1.jpg 189w, https:\/\/mybeautifulitaly.shop\/wp-content\/uploads\/2024\/07\/Diameter-1-18x7.jpg 18w\" sizes=\"(max-width: 152px) 100vw, 152px\" \/><\/p>\n<p>&nbsp;<\/p>\n<h2>Warto\u015bci od\u017cywcze przeci\u0119tnie Penne Rigate na 100 g<\/h2>\n<p>\u2014\u2014\u2014\u2014\u2014\u2014\u2014\u2014\u2014\u2014\u2014\u2014\u2014\u2014\u2014\u2014\u2014\u2014\u2014\u2014\u2014\u2014\u2014\u2014\u2014\u2014\u2014\u2014\u2014\u2014\u2014\u2014\u2014\u2014\u2014\u2014\u2014\u2014\u2014\u2014\u2014\u2014\u2014\u2014\u2014\u2014\u2014\u2014\u2014\u2014 -<\/p>\n<p>Warto\u015b\u0107 energetyczna -------------------------------------533 kJ 365 Kcal<\/p>\n<p class=\" translation-block\">T\u0142uszcz----------------------------------------------------1,1g<\/p>\n<p class=\" translation-block\">Nasycone kwasy t\u0142uszczowe-------------------------------0,22g<\/p>\n<p>W\u0119glowodany---------------------------------------------75,0 g<\/p>\n<p class=\" translation-block\">Cukry------------------------------------------------------3,6g<\/p>\n<p>B\u0142onnik----------------------------------------------------2,5 g<\/p>\n<p>Bia\u0142ka-----------------------------------------------------13,4 g<\/p>\n<p>S\u00f3l-------------------------------------------------------0,010 g<\/p>\n<p><img loading=\"lazy\" decoding=\"async\" class=\"alignnone wp-image-5979\" src=\"https:\/\/mybeautifulitaly.shop\/wp-content\/uploads\/2024\/07\/Composition-300x51.jpg\" sizes=\"(max-width: 459px) 100vw, 459px\" srcset=\"https:\/\/mybeautifulitaly.shop\/wp-content\/uploads\/2024\/07\/Composition-300x51.jpg 300w, https:\/\/mybeautifulitaly.shop\/wp-content\/uploads\/2024\/07\/Composition-18x3.jpg 18w, https:\/\/mybeautifulitaly.shop\/wp-content\/uploads\/2024\/07\/Composition.jpg 600w\" alt=\"\" width=\"459\" height=\"78\" \/><\/p>\n<p>&nbsp;<\/p>","protected":false},"excerpt":{"rendered":"<h1><strong>Mancini Penne Rigate<\/strong><\/h1>\n<p>Dzi\u0119ki tradycyjnym maszynom do wyt\u0142aczania z br\u0105zu, Mancini zapewnia makaron o chropowatej teksturze z wieloma porami, idealny do absorbowania sos\u00f3w.<\/p>\n<p><img fetchpriority=\"high\" decoding=\"async\" class=\"alignnone size-medium wp-image-5982\" src=\"https:\/\/mybeautifulitaly.shop\/wp-content\/uploads\/2024\/07\/pennette_Mancini-300x300.webp\" alt=\"\" width=\"300\" height=\"300\" srcset=\"https:\/\/mybeautifulitaly.shop\/wp-content\/uploads\/2024\/07\/pennette_Mancini-300x300.webp 300w, https:\/\/mybeautifulitaly.shop\/wp-content\/uploads\/2024\/07\/pennette_Mancini-150x150.webp 150w, https:\/\/mybeautifulitaly.shop\/wp-content\/uploads\/2024\/07\/pennette_Mancini-12x12.webp 12w, https:\/\/mybeautifulitaly.shop\/wp-content\/uploads\/2024\/07\/pennette_Mancini-600x600.webp 600w, https:\/\/mybeautifulitaly.shop\/wp-content\/uploads\/2024\/07\/pennette_Mancini-100x100.webp 100w, https:\/\/mybeautifulitaly.shop\/wp-content\/uploads\/2024\/07\/pennette_Mancini.webp 720w\" sizes=\"(max-width: 300px) 100vw, 300px\" \/><\/p>\n<p>&nbsp;<\/p>\n<p>&nbsp;<\/p>\n<p>&nbsp;<\/p>\n<p>&nbsp;<\/p>\n<p>&nbsp;<\/p>\n<p>&nbsp;<\/p>\n<p>&nbsp;<\/p>","protected":false},"featured_media":5986,"comment_status":"open","ping_status":"closed","template":"","meta":[],"product_brand":[],"product_cat":[98],"product_tag":[],"class_list":{"0":"post-5980","1":"product","2":"type-product","3":"status-publish","4":"has-post-thumbnail","6":"product_cat-italian-pasta","7":"entry","8":"has-media","10":"first","11":"outofstock","12":"taxable","13":"shipping-taxable","14":"purchasable","15":"product-type-simple","16":"col","17":"span_1_of_3","18":"wvn-content-left","19":"wvn-thumbs-layout-horizontal","20":"wvn-btn-normal","21":"wvn-tabs-layout-horizontal","22":"circle-sale"},"supplier_id":null,"supplier_sku":"","barcode":null,"atum_controlled":true,"out_stock_date":"2026-04-14 11:51:03","out_stock_threshold":null,"inheritable":false,"inbound_stock":null,"stock_on_hold":0,"sold_today":0,"sales_last_days":1,"reserved_stock":null,"customer_returns":null,"warehouse_damage":null,"lost_in_post":null,"other_logs":null,"out_stock_days":9,"lost_sales":34,"has_location":false,"update_date":"2026-04-24T04:16:38","atum_locations":[],"atum_stock_status":"outofstock","restock_status":false,"low_stock_amount":5,"sales_update_date":"2026-04-24T04:16:38","calc_backorders":null,"aioseo_notices":[],"_links":{"self":[{"href":"https:\/\/mybeautifulitaly.shop\/pl\/wp-json\/wp\/v2\/product\/5980","targetHints":{"allow":["GET"]}}],"collection":[{"href":"https:\/\/mybeautifulitaly.shop\/pl\/wp-json\/wp\/v2\/product"}],"about":[{"href":"https:\/\/mybeautifulitaly.shop\/pl\/wp-json\/wp\/v2\/types\/product"}],"replies":[{"embeddable":true,"href":"https:\/\/mybeautifulitaly.shop\/pl\/wp-json\/wp\/v2\/comments?post=5980"}],"wp:featuredmedia":[{"embeddable":true,"href":"https:\/\/mybeautifulitaly.shop\/pl\/wp-json\/wp\/v2\/media\/5986"}],"wp:attachment":[{"href":"https:\/\/mybeautifulitaly.shop\/pl\/wp-json\/wp\/v2\/media?parent=5980"}],"wp:term":[{"taxonomy":"product_brand","embeddable":true,"href":"https:\/\/mybeautifulitaly.shop\/pl\/wp-json\/wp\/v2\/product_brand?post=5980"},{"taxonomy":"product_cat","embeddable":true,"href":"https:\/\/mybeautifulitaly.shop\/pl\/wp-json\/wp\/v2\/product_cat?post=5980"},{"taxonomy":"product_tag","embeddable":true,"href":"https:\/\/mybeautifulitaly.shop\/pl\/wp-json\/wp\/v2\/product_tag?post=5980"}],"curies":[{"name":"wp","href":"https:\/\/api.w.org\/{rel}","templated":true}]}}