{"id":5965,"date":"2024-08-30T15:31:54","date_gmt":"2024-08-30T13:31:54","guid":{"rendered":"https:\/\/mybeautifulitaly.shop\/?post_type=product&#038;p=5965"},"modified":"2026-04-14T11:51:04","modified_gmt":"2026-04-14T09:51:04","slug":"spaghetti-mancini-500-grames","status":"publish","type":"product","link":"https:\/\/mybeautifulitaly.shop\/pl\/produkt\/spaghetti-mancini-500-grames\/","title":{"rendered":"Spaghetti Mancini 500 gram\u00f3w"},"content":{"rendered":"<h1><strong>Spr\u00f3buj naszego spaghetti Mancini\u00a0<\/strong><\/h1>\n<p>Spr\u00f3buj naszego spaghetti Mancini wyj\u0105tkowej jako\u015bci, kt\u00f3re zaraz po ugotowaniu wydziela zachwycaj\u0105cy zapach \u015bwie\u017cego zbo\u017ca!<\/p>\n<p>Dzi\u0119ki starannie wyselekcjonowanym, najlepszym gatunkom pszenicy i powolnej metodzie przetwarzania, makaron ten ma czas, aby naprawd\u0119 dojrze\u0107.<\/p>\n<p>Odkryj g\u0142\u0119bi\u0119 smaku, nie spiesz si\u0119 i delektuj ka\u017cd\u0105 chwil\u0105.<\/p>\n<p>Proste sosy? Absolutnie! Im prostsze, tym bardziej wyraziste i satysfakcjonuj\u0105ce.<\/p>\n<p>Wskaz\u00f3wka:<\/p>\n<p><strong>Aby w pe\u0142ni doceni\u0107 ten kulinarny przysmak, producent zaleca klasyczne, minimalistyczne przygotowanie. Wysokiej jako\u015bci oliwa z oliwek lub mas\u0142o to klucz do rozp\u0142ywaj\u0105cej si\u0119 w ustach, aromatycznej uczty!<\/strong><\/p>\n<p>Informacje dodatkowe :<\/p>\n<ul>\n<li><strong>Czas gotowania: 9-11 minut<\/strong><\/li>\n<li><strong>Przechowywanie: ch\u0142odne, suche miejsce, z dala od bezpo\u015bredniego \u015bwiat\u0142a s\u0142onecznego<\/strong><\/li>\n<\/ul>\n<h1 class=\"product-single__title\">Spaghetti<\/h1>\n<p><img decoding=\"async\" class=\"alignnone wp-image-5974\" src=\"https:\/\/mybeautifulitaly.shop\/wp-content\/uploads\/2024\/07\/Time.jpg\" alt=\"\" width=\"147\" height=\"43\" srcset=\"https:\/\/mybeautifulitaly.shop\/wp-content\/uploads\/2024\/07\/Time.jpg 257w, https:\/\/mybeautifulitaly.shop\/wp-content\/uploads\/2024\/07\/Time-18x5.jpg 18w\" sizes=\"(max-width: 147px) 100vw, 147px\" \/><\/p>\n<p><img decoding=\"async\" class=\"alignnone wp-image-5976\" src=\"https:\/\/mybeautifulitaly.shop\/wp-content\/uploads\/2024\/07\/Size.jpg\" alt=\"\" width=\"147\" height=\"43\" srcset=\"https:\/\/mybeautifulitaly.shop\/wp-content\/uploads\/2024\/07\/Size.jpg 253w, https:\/\/mybeautifulitaly.shop\/wp-content\/uploads\/2024\/07\/Size-18x5.jpg 18w\" sizes=\"(max-width: 147px) 100vw, 147px\" \/><\/p>\n<p><img decoding=\"async\" class=\"alignnone wp-image-5975\" src=\"https:\/\/mybeautifulitaly.shop\/wp-content\/uploads\/2024\/07\/Diameter.jpg\" alt=\"\" width=\"148\" height=\"60\" srcset=\"https:\/\/mybeautifulitaly.shop\/wp-content\/uploads\/2024\/07\/Diameter.jpg 227w, https:\/\/mybeautifulitaly.shop\/wp-content\/uploads\/2024\/07\/Diameter-18x7.jpg 18w\" sizes=\"(max-width: 148px) 100vw, 148px\" \/><\/p>\n<h2>Warto\u015bci od\u017cywcze \u015brednie Spaghetti na 100 g<\/h2>\n<p>&#8212;&#8212;&#8212;&#8212;&#8212;&#8212;&#8212;&#8212;&#8212;&#8212;&#8212;&#8212;&#8212;&#8212;&#8212;&#8212;&#8212;&#8212;&#8212;&#8212;&#8212;&#8212;&#8212;&#8212;&#8212;&#8212;&#8212;&#8212;&#8212;&#8212;&#8212;&#8212;&#8212;&#8212;&#8212;&#8212;&#8212;&#8212;&#8212;&#8212;&#8212;&#8212;&#8212;&#8212;&#8212;&#8212;&#8212;&#8212;&#8212;&#8212;-<\/p>\n<p>Warto\u015b\u0107 energetyczna -------------------------------------533 kJ 365 Kcal<\/p>\n<p>T\u0142uszcz\u00a0 \u00a0 \u00a0 \u00a0 \u00a0 \u00a0 \u00a0 \u00a0 \u00a0 \u00a0 \u00a0 \u00a0 \u00a0 \u00a0 \u00a0 \u00a0 \u00a0 \u00a0 \u00a0 \u00a0 \u00a0 \u00a0 \u00a0 \u00a0 \u00a0 \u00a0 \u00a0 \u00a0 \u00a0 <small>\u00a0 \u00a0 \u00a0 \u00a0 \u00a0 \u00a0 \u00a0 \u00a0 \u00a0 \u00a0 \u00a0 \u00a0 \u00a0 \u00a0 \u00a0 \u00a0 \u00a0 \u00a0 \u00a0 \u00a0 \u00a0 \u00a0 \u00a0 \u00a0 \u00a0<\/small>1,1 g<\/p>\n<p class=\" translation-block\">Nasycone kwasy t\u0142uszczowe-------------------------------0,22g<\/p>\n<p>W\u0119glowodany---------------------------------------------75,0 g<\/p>\n<p class=\" translation-block\">Cukry-----------------------------------------------------3,6g<\/p>\n<p>B\u0142onnik----------------------------------------------------2,5 g<\/p>\n<p>Bia\u0142ka-----------------------------------------------------13,4 g<\/p>\n<p>S\u00f3l-------------------------------------------------------0,010 g<\/p>\n<p>Sk\u0142adniki: semolina\u00a0<strong>z pszenicy durum,<\/strong>\u00a0woda<\/p>\n<p>Kraj uprawy pszenicy: W\u0142ochy<\/p>\n<p>Makaron z semoliny z pszenicy durum<\/p>\n<p>Wyprodukowano i zapakowano przez Azienda Agricola Mancini (soc. agr. srl), Via Ernesto Paoletti, 1; 63815 Monte San Pietrangeli (FM), W\u0142ochy<\/p>\n<p>Produkt z W\u0142och<\/p>\n<p><img loading=\"lazy\" decoding=\"async\" class=\"alignnone wp-image-5979\" src=\"https:\/\/mybeautifulitaly.shop\/wp-content\/uploads\/2024\/07\/Composition-300x51.jpg\" alt=\"\" width=\"459\" height=\"78\" srcset=\"https:\/\/mybeautifulitaly.shop\/wp-content\/uploads\/2024\/07\/Composition-300x51.jpg 300w, https:\/\/mybeautifulitaly.shop\/wp-content\/uploads\/2024\/07\/Composition-18x3.jpg 18w, https:\/\/mybeautifulitaly.shop\/wp-content\/uploads\/2024\/07\/Composition.jpg 600w\" sizes=\"(max-width: 459px) 100vw, 459px\" \/><\/p>\n<p><img loading=\"lazy\" decoding=\"async\" class=\"alignnone size-medium wp-image-5967\" src=\"https:\/\/mybeautifulitaly.shop\/wp-content\/uploads\/2024\/07\/spaghetti_Mancini-300x300.webp\" alt=\"\" width=\"300\" height=\"300\" srcset=\"https:\/\/mybeautifulitaly.shop\/wp-content\/uploads\/2024\/07\/spaghetti_Mancini-300x300.webp 300w, https:\/\/mybeautifulitaly.shop\/wp-content\/uploads\/2024\/07\/spaghetti_Mancini-150x150.webp 150w, https:\/\/mybeautifulitaly.shop\/wp-content\/uploads\/2024\/07\/spaghetti_Mancini-12x12.webp 12w, https:\/\/mybeautifulitaly.shop\/wp-content\/uploads\/2024\/07\/spaghetti_Mancini-600x600.webp 600w, https:\/\/mybeautifulitaly.shop\/wp-content\/uploads\/2024\/07\/spaghetti_Mancini-100x100.webp 100w, https:\/\/mybeautifulitaly.shop\/wp-content\/uploads\/2024\/07\/spaghetti_Mancini.webp 720w\" sizes=\"(max-width: 300px) 100vw, 300px\" \/><\/p>\n<p>&nbsp;<\/p>\n<p>&nbsp;<\/p>\n<p>&nbsp;<\/p>","protected":false},"excerpt":{"rendered":"<p><strong>Poczuj zachwycaj\u0105cy aromat \u015bwie\u017cego zbo\u017ca zaraz po ugotowaniu! Nasze spaghetti doskonale komponuje si\u0119 z prostymi sosami \u2013 im pro\u015bciej, tym lepiej.<\/strong><\/p>\n<p><img loading=\"lazy\" decoding=\"async\" class=\"alignnone size-medium wp-image-5967\" src=\"https:\/\/mybeautifulitaly.shop\/wp-content\/uploads\/2024\/07\/spaghetti_Mancini-300x300.webp\" alt=\"\" width=\"300\" height=\"300\" srcset=\"https:\/\/mybeautifulitaly.shop\/wp-content\/uploads\/2024\/07\/spaghetti_Mancini-300x300.webp 300w, https:\/\/mybeautifulitaly.shop\/wp-content\/uploads\/2024\/07\/spaghetti_Mancini-150x150.webp 150w, https:\/\/mybeautifulitaly.shop\/wp-content\/uploads\/2024\/07\/spaghetti_Mancini-12x12.webp 12w, https:\/\/mybeautifulitaly.shop\/wp-content\/uploads\/2024\/07\/spaghetti_Mancini-600x600.webp 600w, https:\/\/mybeautifulitaly.shop\/wp-content\/uploads\/2024\/07\/spaghetti_Mancini-100x100.webp 100w, https:\/\/mybeautifulitaly.shop\/wp-content\/uploads\/2024\/07\/spaghetti_Mancini.webp 720w\" sizes=\"(max-width: 300px) 100vw, 300px\" \/><\/p>\n<p>&nbsp;<\/p>\n<p>&nbsp;<\/p>\n<p>&nbsp;<\/p>\n<p>&nbsp;<\/p>\n<p>&nbsp;<\/p>\n<p>&nbsp;<\/p>","protected":false},"featured_media":5970,"comment_status":"open","ping_status":"closed","template":"","meta":[],"product_brand":[],"product_cat":[98],"product_tag":[],"class_list":{"0":"post-5965","1":"product","2":"type-product","3":"status-publish","4":"has-post-thumbnail","6":"product_cat-italian-pasta","7":"entry","8":"has-media","10":"first","11":"instock","12":"taxable","13":"shipping-taxable","14":"purchasable","15":"product-type-simple","16":"col","17":"span_1_of_3","18":"wvn-content-left","19":"wvn-thumbs-layout-horizontal","20":"wvn-btn-normal","21":"wvn-tabs-layout-horizontal","22":"circle-sale"},"supplier_id":null,"supplier_sku":"","barcode":null,"atum_controlled":true,"out_stock_date":null,"out_stock_threshold":null,"inheritable":false,"inbound_stock":null,"stock_on_hold":0,"sold_today":0,"sales_last_days":1,"reserved_stock":null,"customer_returns":null,"warehouse_damage":null,"lost_in_post":null,"other_logs":null,"out_stock_days":0,"lost_sales":0,"has_location":false,"update_date":"2026-04-24T04:16:38","atum_locations":[],"atum_stock_status":"instock","restock_status":false,"low_stock_amount":5,"sales_update_date":"2026-04-24T04:16:38","calc_backorders":null,"aioseo_notices":[],"_links":{"self":[{"href":"https:\/\/mybeautifulitaly.shop\/pl\/wp-json\/wp\/v2\/product\/5965","targetHints":{"allow":["GET"]}}],"collection":[{"href":"https:\/\/mybeautifulitaly.shop\/pl\/wp-json\/wp\/v2\/product"}],"about":[{"href":"https:\/\/mybeautifulitaly.shop\/pl\/wp-json\/wp\/v2\/types\/product"}],"replies":[{"embeddable":true,"href":"https:\/\/mybeautifulitaly.shop\/pl\/wp-json\/wp\/v2\/comments?post=5965"}],"wp:featuredmedia":[{"embeddable":true,"href":"https:\/\/mybeautifulitaly.shop\/pl\/wp-json\/wp\/v2\/media\/5970"}],"wp:attachment":[{"href":"https:\/\/mybeautifulitaly.shop\/pl\/wp-json\/wp\/v2\/media?parent=5965"}],"wp:term":[{"taxonomy":"product_brand","embeddable":true,"href":"https:\/\/mybeautifulitaly.shop\/pl\/wp-json\/wp\/v2\/product_brand?post=5965"},{"taxonomy":"product_cat","embeddable":true,"href":"https:\/\/mybeautifulitaly.shop\/pl\/wp-json\/wp\/v2\/product_cat?post=5965"},{"taxonomy":"product_tag","embeddable":true,"href":"https:\/\/mybeautifulitaly.shop\/pl\/wp-json\/wp\/v2\/product_tag?post=5965"}],"curies":[{"name":"wp","href":"https:\/\/api.w.org\/{rel}","templated":true}]}}