{"id":5933,"date":"2024-08-30T15:30:13","date_gmt":"2024-08-30T13:30:13","guid":{"rendered":"https:\/\/mybeautifulitaly.shop\/?post_type=product&#038;p=5933"},"modified":"2026-04-07T14:02:38","modified_gmt":"2026-04-07T12:02:38","slug":"spaghetti-chitarra-mancini-500-grames","status":"publish","type":"product","link":"https:\/\/mybeautifulitaly.shop\/pl\/produkt\/spaghetti-chitarra-mancini-500-grames\/","title":{"rendered":"SPAGHETTI CHITARRA MANCINI 500 gram\u00f3w"},"content":{"rendered":"<h1><strong>Spaghetti CHITARRA:<\/strong><\/h1>\n<p><strong>W przeciwie\u0144stwie do klasycznego spaghetti, kt\u00f3re jest d\u0142ugie i cylindryczne, spaghetti chittara maj\u0105 kwadratowy kszta\u0142t i mniejsz\u0105 \u015brednic\u0119. Bior\u0105 swoj\u0105 nazw\u0119 od narz\u0119dzia u\u017cywanego do nadawania im grubo\u015bci i porowatej tekstury. W rzeczywisto\u015bci jest to prostok\u0105tna forma zwana \u201egitar\u0105\u201d (po w\u0142osku chitarra).<\/strong><\/p>\n<p><strong>Opisywany jako \u201emakaron wst\u0105\u017ckowy\u201d, Spaghetti Chitarra firmy Mancini ma d\u0142ugo\u015b\u0107 260 mm i kwadratowy przekr\u00f3j 2 mm z ka\u017cdej strony.<\/strong><\/p>\n<p><strong>Produkowane s\u0105 wy\u0142\u0105cznie z wody i odpowiedzialnie uprawianej pszenicy durum. Ta technika produkcji pozwala Mancini stworzy\u0107 makaron o niepor\u00f3wnywalnej jako\u015bci.<\/strong><\/p>\n<p><strong>Te rzemie\u015blnicze makarony, wielokrotnie nagradzane we w\u0142oskiej miejscowo\u015bci Marches, s\u0105 szczeg\u00f3lnie smaczne, a ich konsystencja pozwala sosom idealnie przylega\u0107 do ich powierzchni.<\/strong><\/p>\n<p><img fetchpriority=\"high\" decoding=\"async\" class=\"alignnone size-medium wp-image-5935\" src=\"https:\/\/mybeautifulitaly.shop\/wp-content\/uploads\/2024\/07\/chitarra-dettaglio-300x167.webp\" alt=\"\" width=\"300\" height=\"167\" srcset=\"https:\/\/mybeautifulitaly.shop\/wp-content\/uploads\/2024\/07\/chitarra-dettaglio-300x167.webp 300w, https:\/\/mybeautifulitaly.shop\/wp-content\/uploads\/2024\/07\/chitarra-dettaglio-1024x571.webp 1024w, https:\/\/mybeautifulitaly.shop\/wp-content\/uploads\/2024\/07\/chitarra-dettaglio-768x428.webp 768w, https:\/\/mybeautifulitaly.shop\/wp-content\/uploads\/2024\/07\/chitarra-dettaglio-18x10.webp 18w, https:\/\/mybeautifulitaly.shop\/wp-content\/uploads\/2024\/07\/chitarra-dettaglio-1320x736.webp 1320w, https:\/\/mybeautifulitaly.shop\/wp-content\/uploads\/2024\/07\/chitarra-dettaglio-600x334.webp 600w, https:\/\/mybeautifulitaly.shop\/wp-content\/uploads\/2024\/07\/chitarra-dettaglio.webp 1487w\" sizes=\"(max-width: 300px) 100vw, 300px\" \/><\/p>\n<h1 class=\"product-single__title\">Chitarra<\/h1>\n<p><img decoding=\"async\" class=\"alignnone wp-image-5939\" src=\"https:\/\/mybeautifulitaly.shop\/wp-content\/uploads\/2024\/07\/Temps-de-cuisson-Chitarra.jpg\" alt=\"\" width=\"154\" height=\"43\" srcset=\"https:\/\/mybeautifulitaly.shop\/wp-content\/uploads\/2024\/07\/Temps-de-cuisson-Chitarra.jpg 286w, https:\/\/mybeautifulitaly.shop\/wp-content\/uploads\/2024\/07\/Temps-de-cuisson-Chitarra-18x5.jpg 18w\" sizes=\"(max-width: 154px) 100vw, 154px\" \/><\/p>\n<p><img decoding=\"async\" class=\"alignnone wp-image-5941\" src=\"https:\/\/mybeautifulitaly.shop\/wp-content\/uploads\/2024\/07\/Size-Chitarra.jpg\" alt=\"\" width=\"146\" height=\"40\" srcset=\"https:\/\/mybeautifulitaly.shop\/wp-content\/uploads\/2024\/07\/Size-Chitarra.jpg 249w, https:\/\/mybeautifulitaly.shop\/wp-content\/uploads\/2024\/07\/Size-Chitarra-18x5.jpg 18w\" sizes=\"(max-width: 146px) 100vw, 146px\" \/><\/p>\n<p><img loading=\"lazy\" decoding=\"async\" class=\"alignnone wp-image-5940\" src=\"https:\/\/mybeautifulitaly.shop\/wp-content\/uploads\/2024\/07\/Section_Taille.jpg\" alt=\"\" width=\"156\" height=\"55\" srcset=\"https:\/\/mybeautifulitaly.shop\/wp-content\/uploads\/2024\/07\/Section_Taille.jpg 255w, https:\/\/mybeautifulitaly.shop\/wp-content\/uploads\/2024\/07\/Section_Taille-18x6.jpg 18w\" sizes=\"(max-width: 156px) 100vw, 156px\" \/><\/p>\n<h2>Warto\u015bci od\u017cywcze \u015brednie Spaghetti Chitarra na 100 g<\/h2>\n<p>&#8212;&#8212;&#8212;&#8212;&#8212;&#8212;&#8212;&#8212;&#8212;&#8212;&#8212;&#8212;&#8212;&#8212;&#8212;&#8212;&#8212;&#8212;&#8212;&#8212;&#8212;&#8212;&#8212;&#8212;&#8212;&#8212;&#8212;&#8212;&#8212;&#8212;&#8212;&#8212;&#8212;&#8212;&#8212;&#8212;&#8212;&#8212;&#8212;&#8212;&#8212;&#8212;&#8212;&#8212;&#8212;&#8212;&#8212;&#8212;&#8212;&#8212;-<\/p>\n<p>Energia----------------------------------------------------1533 kJ 365 Kcal<\/p>\n<p>T\u0142uszcz\u00a0 \u00a0 \u00a0 \u00a0 \u00a0 \u00a0 \u00a0 \u00a0 \u00a0 \u00a0 \u00a0 \u00a0 \u00a0 \u00a0 \u00a0 \u00a0 \u00a0 \u00a0 \u00a0 \u00a0 \u00a0 \u00a0 \u00a0 \u00a0 \u00a0 \u00a0 \u00a0 \u00a0 \u00a0 <small>\u00a0 \u00a0 \u00a0 \u00a0 \u00a0 \u00a0 \u00a0 \u00a0 \u00a0 \u00a0 \u00a0 \u00a0 \u00a0 \u00a0 \u00a0 \u00a0 \u00a0 \u00a0 \u00a0 \u00a0 \u00a0 \u00a0 \u00a0 \u00a0 \u00a0<\/small>1,1 g<\/p>\n<p class=\" translation-block\">Nasycone Kwasy t\u0142uszczowe-------------------------------0,22g<\/p>\n<p>W\u0119glowodany---------------------------------------------75,0 g<\/p>\n<p class=\" translation-block\">Cukry------------------------------------------------------3,6g<\/p>\n<p>B\u0142onnik----------------------------------------------------2,5 g<\/p>\n<p>Bia\u0142ka------------------------------------------------------3,4 g<\/p>\n<p>S\u00f3l--------------------------------------------------------0,010 g<\/p>\n<p><script src=\"chrome-extension:\/\/ojgiocfokgljoliedfipmfmljbijekab\/scripts\/ctx.js\"><\/script><\/p>\n<p>Sk\u0142adniki: semolina\u00a0<strong>z pszenicy durum,<\/strong>\u00a0woda<\/p>\n<p>Kraj uprawy pszenicy: W\u0142ochy<\/p>\n<p>Makaron z semoliny z pszenicy durum<\/p>\n<p>Wyprodukowano i zapakowano przez Azienda Agricola Mancini (soc. agr. srl), Via Ernesto Paoletti, 1; 63815 Monte San Pietrangeli (FM), W\u0142ochy<\/p>\n<p>Produkt z W\u0142och<\/p>\n<p><img loading=\"lazy\" decoding=\"async\" class=\"alignnone wp-image-5979\" src=\"https:\/\/mybeautifulitaly.shop\/wp-content\/uploads\/2024\/07\/Composition-300x51.jpg\" alt=\"\" width=\"453\" height=\"77\" srcset=\"https:\/\/mybeautifulitaly.shop\/wp-content\/uploads\/2024\/07\/Composition-300x51.jpg 300w, https:\/\/mybeautifulitaly.shop\/wp-content\/uploads\/2024\/07\/Composition-18x3.jpg 18w, https:\/\/mybeautifulitaly.shop\/wp-content\/uploads\/2024\/07\/Composition.jpg 600w\" sizes=\"(max-width: 453px) 100vw, 453px\" \/><\/p>\n<p>&nbsp;<\/p>\n<p>&nbsp;<\/p>\n<p>&nbsp;<\/p>\n<p>&nbsp;<\/p>","protected":false},"excerpt":{"rendered":"<p><strong>Chitarra \u2013 nasza rada<\/strong><\/p>\n<p><strong>Mancini Spaghetti Chitarra doskonale komponuje si\u0119 z bogatymi i pikantnymi sosami, takimi jak sos pomidorowy czy sos na bazie mi\u0119sa.<\/strong><\/p>\n<p><strong>Makaron nale\u017cy ugotowa\u0107 \u201eal dente\u201d. Czas gotowania wynosi zatem od 8 do 10 minut.<\/strong><\/p>\n<p><img loading=\"lazy\" decoding=\"async\" class=\"alignnone size-medium wp-image-5937\" src=\"https:\/\/mybeautifulitaly.shop\/wp-content\/uploads\/2024\/07\/pates-spaghetti-chitarra-mancini-244x300.jpg\" alt=\"\" width=\"244\" height=\"300\" srcset=\"https:\/\/mybeautifulitaly.shop\/wp-content\/uploads\/2024\/07\/pates-spaghetti-chitarra-mancini-244x300.jpg 244w, https:\/\/mybeautifulitaly.shop\/wp-content\/uploads\/2024\/07\/pates-spaghetti-chitarra-mancini-10x12.jpg 10w, https:\/\/mybeautifulitaly.shop\/wp-content\/uploads\/2024\/07\/pates-spaghetti-chitarra-mancini.jpg 520w\" sizes=\"(max-width: 244px) 100vw, 244px\" \/><\/p>\n<p>&nbsp;<\/p>\n<p>&nbsp;<\/p>\n<p>&nbsp;<\/p>\n<p>&nbsp;<\/p>","protected":false},"featured_media":6092,"comment_status":"open","ping_status":"closed","template":"","meta":[],"product_brand":[],"product_cat":[98],"product_tag":[102,101,99,100],"class_list":{"0":"post-5933","1":"product","2":"type-product","3":"status-publish","4":"has-post-thumbnail","6":"product_cat-italian-pasta","7":"product_tag-makaron-mancini","8":"product_tag-mancini-pastificio-agricolo","9":"product_tag-spaghetti-chitarra-500-grames","10":"product_tag-spaghetti-mancini","11":"entry","12":"has-media","14":"first","15":"instock","16":"taxable","17":"shipping-taxable","18":"purchasable","19":"product-type-simple","20":"col","21":"span_1_of_3","22":"wvn-content-left","23":"wvn-thumbs-layout-horizontal","24":"wvn-btn-normal","25":"wvn-tabs-layout-horizontal","26":"circle-sale"},"supplier_id":null,"supplier_sku":"CHB5","barcode":null,"atum_controlled":true,"out_stock_date":null,"out_stock_threshold":null,"inheritable":false,"inbound_stock":null,"stock_on_hold":0,"sold_today":0,"sales_last_days":0,"reserved_stock":null,"customer_returns":null,"warehouse_damage":null,"lost_in_post":null,"other_logs":null,"out_stock_days":0,"lost_sales":0,"has_location":false,"update_date":"2026-04-24T04:16:38","atum_locations":[],"atum_stock_status":"instock","restock_status":false,"low_stock_amount":5,"sales_update_date":"2026-04-24T04:16:38","calc_backorders":null,"aioseo_notices":[],"_links":{"self":[{"href":"https:\/\/mybeautifulitaly.shop\/pl\/wp-json\/wp\/v2\/product\/5933","targetHints":{"allow":["GET"]}}],"collection":[{"href":"https:\/\/mybeautifulitaly.shop\/pl\/wp-json\/wp\/v2\/product"}],"about":[{"href":"https:\/\/mybeautifulitaly.shop\/pl\/wp-json\/wp\/v2\/types\/product"}],"replies":[{"embeddable":true,"href":"https:\/\/mybeautifulitaly.shop\/pl\/wp-json\/wp\/v2\/comments?post=5933"}],"wp:featuredmedia":[{"embeddable":true,"href":"https:\/\/mybeautifulitaly.shop\/pl\/wp-json\/wp\/v2\/media\/6092"}],"wp:attachment":[{"href":"https:\/\/mybeautifulitaly.shop\/pl\/wp-json\/wp\/v2\/media?parent=5933"}],"wp:term":[{"taxonomy":"product_brand","embeddable":true,"href":"https:\/\/mybeautifulitaly.shop\/pl\/wp-json\/wp\/v2\/product_brand?post=5933"},{"taxonomy":"product_cat","embeddable":true,"href":"https:\/\/mybeautifulitaly.shop\/pl\/wp-json\/wp\/v2\/product_cat?post=5933"},{"taxonomy":"product_tag","embeddable":true,"href":"https:\/\/mybeautifulitaly.shop\/pl\/wp-json\/wp\/v2\/product_tag?post=5933"}],"curies":[{"name":"wp","href":"https:\/\/api.w.org\/{rel}","templated":true}]}}