{"id":5175,"date":"2024-05-16T14:00:18","date_gmt":"2024-05-16T12:00:18","guid":{"rendered":"https:\/\/mybeautifulitaly.shop\/?page_id=5175"},"modified":"2024-05-27T17:06:02","modified_gmt":"2024-05-27T15:06:02","slug":"regulations-of-the-online-store","status":"publish","type":"page","link":"https:\/\/mybeautifulitaly.shop\/pl\/regulations-of-the-online-store\/","title":{"rendered":"REGULAMIN SKLEPU INTERNETOWEGO"},"content":{"rendered":"<div data-elementor-type=\"wp-page\" data-elementor-id=\"5175\" class=\"elementor elementor-5175\">\n\t\t\t\t<div class=\"elementor-element elementor-element-684ae2d e-flex e-con-boxed e-con e-parent\" data-id=\"684ae2d\" data-element_type=\"container\" data-e-type=\"container\">\n\t\t\t\t\t<div class=\"e-con-inner\">\n\t\t\t\t<div class=\"elementor-element elementor-element-718ff2a elementor-widget elementor-widget-text-editor\" data-id=\"718ff2a\" data-element_type=\"widget\" data-e-type=\"widget\" data-widget_type=\"text-editor.default\">\n\t\t\t\t<div class=\"elementor-widget-container\">\n\t\t\t\t\t\t\t\t\t<p><strong>Regulamin sklepu internetowego<\/strong><\/p><ol><li><strong>Definicje<\/strong><\/li><\/ol><p><strong>U\u017cyte w Regulaminie poj\u0119cia oznaczaj\u0105:<\/strong><\/p><ol><li>Klient \u2013 (osoba fizyczna, osoba prawna lub jednostka organizacyjna nieb\u0119d\u0105ca osob\u0105 prawn\u0105, kt\u00f3rej przepisy szczeg\u00f3lne przyznaj\u0105 zdolno\u015b\u0107 prawn\u0105, kt\u00f3ra sk\u0142ada Zam\u00f3wienie w Sklepie)<\/li><li>Konsument \u2013 zgodnie z art. 22[1] Kodeksu cywilnego oznacza osob\u0119 fizyczn\u0105 dokonuj\u0105c\u0105 z przedsi\u0119biorc\u0105 czynno\u015bci prawnej niezwi\u0105zanej bezpo\u015brednio z jej dzia\u0142alno\u015bci\u0105 gospodarcz\u0105 lub zawodow\u0105.<\/li><li>Kodeks cywilny \u2013 ustawa z dnia 23 kwietnia 1964 r. (Dz. U. Nr 16, poz. 93, ze zm.);<\/li><li>Regulamin \u2013 niniejszy Regulamin okre\u015blaj\u0105cy og\u00f3lne warunki sprzeda\u017cy oraz zasady \u015bwiadczenia us\u0142ug drog\u0105 elektroniczn\u0105 w ramach sklepu internetowego mybeautifulIitaly.shop<\/li><li>Sklep internetowy (Sklep) \u2013 serwis internetowy dost\u0119pny pod adresem https:\/\/mybeautifulitaly.shop, za po\u015brednictwem kt\u00f3rego Klient mo\u017ce w szczeg\u00f3lno\u015bci sk\u0142ada\u0107 Zam\u00f3wienia;<\/li><li>Towar \u2013 produkty prezentowane w Sklepie Internetowym;<\/li><li>Umowa sprzeda\u017cy \u2013 umowa sprzeda\u017cy Towar\u00f3w w rozumieniu Kodeksu Cywilnego, zawierana pomi\u0119dzy mybeautifulitaly.shop a Klientem, zawierana z wykorzystaniem strony internetowej Sklepu;<\/li><li>Ustawa o prawach konsumenta \u2013 ustawa z dnia 30 maja 2014 r. o prawach konsumenta (Dz.U. 2014, poz. 827);<\/li><li>Ustawa o \u015bwiadczeniu us\u0142ug drog\u0105 elektroniczn\u0105 \u2013 ustawa z dnia 18 lipca 2002 r. o \u015bwiadczeniu us\u0142ug drog\u0105 elektroniczn\u0105 (Dz. U. Nr 144, poz. 1204 ze zm.);<\/li><li>Zam\u00f3wienie \u2013 o\u015bwiadczenie woli Klienta, zmierzaj\u0105ce bezpo\u015brednio do zawarcia Umowy Sprzeda\u017cy, okre\u015blaj\u0105ce w szczeg\u00f3lno\u015bci rodzaj i liczb\u0119 Towaru.<\/li><\/ol><ol><li><strong>Postanowienia og\u00f3lne<\/strong><\/li><li>Niniejszy Regulamin okre\u015bla zasady korzystania ze sklepu internetowego dost\u0119pnego pod adresem https:\/\/mybeautifulitaly.shop.<\/li><li>Niniejszy Regulamin jest regulaminem, o kt\u00f3rym mowa w art. 8 ustawy o \u015bwiadczeniu us\u0142ug drog\u0105 elektroniczn\u0105.<\/li><li>Sklep internetowy mybeautifulitaly.shop, dzia\u0142aj\u0105cy pod adresem FHU KARENA 04-041 Warszawa, ul. Ostrobramska 101A woj. mazowieckie, \nNIP: 1130834158, REGON: 012735650. Niniejszy Regulamin okre\u015bla w szczeg\u00f3lno\u015bci:<\/li><\/ol><p>\u2013 zasady rejestracji i korzystania z konta w sklepie internetowym;<\/p><p>\u2013 zasady i warunki sk\u0142adania Zam\u00f3wie\u0144 drog\u0105 elektroniczn\u0105 w sklepie internetowym;<\/p><p>\u2013 zasady zawierania Um\u00f3w Sprzeda\u017cy z wykorzystaniem us\u0142ug \u015bwiadczonych w ramach Sklepu Internetowego.<\/p><ol start=\"5\"><li>Korzystanie ze sklepu internetowego mo\u017cliwe jest pod warunkiem spe\u0142nienia przez system teleinformatyczny, z kt\u00f3rego korzysta Klient, nast\u0119puj\u0105cych minimalnych wymaga\u0144 technicznych: Aplet Java<\/li><li>W celu korzystania ze sklepu internetowego Klient powinien we w\u0142asnym zakresie uzyska\u0107 dost\u0119p do stanowiska komputerowego lub urz\u0105dzenia ko\u0144cowego z dost\u0119pem do Internetu.<\/li><li>Zgodnie z obowi\u0105zuj\u0105cym prawem mybeautifulitaly.shop zastrzega sobie mo\u017cliwo\u015b\u0107 ograniczenia \u015bwiadczenia us\u0142ug za po\u015brednictwem Sklepu internetowego do os\u00f3b, kt\u00f3re uko\u0144czy\u0142y 18 rok \u017cycia. W takim przypadku potencjalni klienci zostan\u0105 o powy\u017cszym powiadomieni.<\/li><li>Klienci mog\u0105 uzyska\u0107 dost\u0119p do niniejszego Regulaminu w ka\u017cdej chwili poprzez odno\u015bnik znajduj\u0105cy si\u0119 na stronie g\u0142\u00f3wnej serwisu https:\/\/mybeautifulitaly.shop, pobra\u0107 go oraz wydrukowa\u0107.<\/li><\/ol><p><strong>III. Zasady korzystania ze Sklepu Internetowego<\/strong><\/p><ol><li>Rejestracja w sklepie internetowym jest opcjonalna. Klient mo\u017ce z\u0142o\u017cy\u0107 zam\u00f3wienie bez konieczno\u015bci rejestracji w sklepie, po zapoznaniu si\u0119 i zaakceptowaniu niniejszego Regulaminu.<\/li><\/ol><p>Rejestracja nast\u0119puje poprzez wype\u0142nienie i zaakceptowanie formularza rejestracyjnego dost\u0119pnego na jednej ze stron sklepu<\/p><p>Warunkiem rejestracji jest wyra\u017cenie zgody na tre\u015b\u0107 Regulaminu oraz podanie danych osobowych oznaczonych jako obowi\u0105zkowe.<\/p><p>mybeautifulitaly.shop mo\u017ce pozbawi\u0107 Klienta prawa do korzystania ze sklepu internetowego, a tak\u017ce mo\u017ce ograniczy\u0107 jego doit\u0119p do cz\u0119\u015bci lub ca\u0142o\u015bci zasob\u00f3w sklepu internetowego ze skutkiem natychmiastowym, w przypadku naruszenia przez Klienta Regulaminu a w szczeg\u00f3lno\u015bci gdy Klient:<\/p><p>\u2013 podczas rejestracji w sklepie internetowym poda\u0142e\u015b dane, kt\u00f3re s\u0105 nieprawdziwe, niedok\u0142adne lub nieaktualne, wprowadzaj\u0105ce w b\u0142\u0105d lub naruszaj\u0105ce prawa os\u00f3b trzecich,<\/p><p>\u2013 za po\u015brednictwem sklepu internetowego naruszy\u0142 dobra osobiste os\u00f3b trzecich, w szczeg\u00f3lno\u015bci dobra osobiste innych klient\u00f3w sklepu internetowego,<\/p><p>\u2013 dopu\u015bci si\u0119 innego zachowania, kt\u00f3re zostanie uznane przez mybeautifulitaly.shop za zachowanie niezgodne z obowi\u0105zuj\u0105cym prawem lub og\u00f3lnymi zasadami korzystania z sieci Internet lub godz\u0105ce w dobre imi\u0119 mybeautifulitaly.shop.<\/p><p>Osoba, kt\u00f3ra zosta\u0142a pozbawiona prawa do korzystania ze sklepu internetowego, nie mo\u017ce dokona\u0107 ponownej rejestracji bez uprzedniej zgody mybeautifulitaly.shop<\/p><ol start=\"2\"><li>W celu zapewnienia bezpiecze\u0144stwa przekazywania wiadomo\u015bci i danych w zwi\u0105zku ze \u015bwiadczonymi w Serwisie us\u0142ugami, sklep internetowy podejmuje \u015brodki techniczne i organizacyjne odpowiednie do stopnia zagro\u017cenia bezpiecze\u0144stwa \u015bwiadczonych us\u0142ug, w szczeg\u00f3lno\u015bci \u015brodki zapobiegaj\u0105ce osobom nieupowa\u017cnionym pozyskiwania i modyfikowania danych osobowych przesy\u0142anych w sieci Internet. .<\/li><li>Klient zobowi\u0105zany jest w szczeg\u00f3lno\u015bci do:<\/li><\/ol><p>\u2013 korzystania ze sklepu internetowego w spos\u00f3b zgodny z przepisami obowi\u0105zuj\u0105cego na terytorium Rzeczypospolitej Polskiej prawa, postanowieniami Regulaminu, a tak\u017ce z og\u00f3lnymi zasadami korzystania z sieci Internet.<\/p><p>\u2013 niedostarczania i nieprzekazywania tre\u015bci zabronionych przez przepisy prawa, np. tre\u015bci propaguj\u0105cych przemoc, znies\u0142awiaj\u0105cych lub naruszaj\u0105cych dobra osobiste i inne prawa os\u00f3b trzecich,<\/p><p>\u2013 korzystania ze sklepu internetowego w spos\u00f3b niezak\u0142\u00f3caj\u0105cy jego funkcjonowania, w szczeg\u00f3lno\u015bci poprzez u\u017cycie okre\u015blonego oprogramowania lub urz\u0105dze\u0144,<\/p><p>\u2013 niepodejmowania dzia\u0142a\u0144 takich jak: wysy\u0142anie lub zamieszczanie w sklepie internetowym niezam\u00f3wionej informacji handlowej (spam),<\/p><p>\u2013 korzystania ze klepu internetowego w spos\u00f3b nieuci\u0105\u017cliwy dla innych Klient\u00f3w oraz dla mybeautifulitaly.shop,<\/p><p>\u2013 korzystania z wszelkich tre\u015bci zamieszczonych w sklepie internetowym wy\u0142\u0105cznie w zakresie w\u0142asnego u\u017cytku osobistego<\/p><p><strong>IV. Procedura zawarcia Umowy Sprzeda\u017cy<\/strong><\/p><ol><li>W celu zawarcia Umowy sprzeda\u017cy za po\u015brednictwem sklepu internetowego nale\u017cy wej\u015b\u0107 na stron\u0119 internetow\u0105 https:\/\/mybeautifulitaly.shop i dokona\u0107 wyboru Towaru dokonuj\u0105c dalszych czynno\u015bci technicznych w oparciu o wy\u015bwietlane Klientowi komunikaty oraz informacje dost\u0119pne na stronie.<\/li><li>Klient dokonuje wyboru zam\u00f3wionych Towar\u00f3w poprzez dodanie ich do koszyka.<\/li><li>W trakcie sk\u0142adania Zam\u00f3wienia \u2013 do momentu naci\u015bni\u0119cia przycisku potwierdzaj\u0105cego z\u0142o\u017cenie Zam\u00f3wienia \u2013 Klient ma mo\u017cliwo\u015b\u0107 modyfikacji wprowadzonych danych oraz wybranego Towaru. W tym celu nale\u017cy kierowa\u0107 si\u0119 komunikatami wy\u015bwietlanymi Klientowi oraz informacjami dost\u0119pnymi na stronie internetowej.<\/li><li>Po podaniu przez Klienta korzystaj\u0105cego ze sklepu internetowego wszystkich niezb\u0119dnych danych, wy\u015bwietlone zostanie podsumowanie z\u0142o\u017conego Zam\u00f3wienia. Podsumowanie z\u0142o\u017conego Zam\u00f3wienia b\u0119dzie zawiera\u0142o m.in.: opis wybranego towaru lub us\u0142ugi, \u0142\u0105czn\u0105 cen\u0119 oraz wszelkie pozosta\u0142e koszty.<\/li><li>W celu wys\u0142ania Zam\u00f3wienia konieczna jest akceptacja tre\u015bci Regulaminu, podanie danych osobowych oznaczonych jako obowi\u0105zkowe oraz naci\u015bni\u0119cie przycisku potwierdzaj\u0105cego z\u0142o\u017cenie Zam\u00f3wienia.<\/li><li>Informacje o Towarach podane na stronie sklepu stanowi\u0105 ofert\u0119 w rozumieniu art. 66 Kodeksu Cywilnego. Wys\u0142anie Zam\u00f3wienia przez Klienta stanowi o\u015bwiadczenie woli zawarcia Umowy Sprzeda\u017cy z mybeautifulitaly.shop, zgodnie z Regulaminem.<\/li><\/ol><p>Umow\u0119 uwa\u017ca si\u0119 za zawart\u0105 z chwil\u0105 wprowadzenia Zam\u00f3wienia Klienta do systemu informatycznego sklepu internetowego, pod warunkiem zgodno\u015bci Zam\u00f3wienia z Regulaminem.<\/p><p>Po zawarciu umowy Klient otrzymuje wiadomo\u015b\u0107 e-mail zawieraj\u0105c\u0105 potwierdzenie wszystkich istotnych element\u00f3w Zam\u00f3wienia.<\/p><p>7. Umowa sprzeda\u017cy zawierana jest w j\u0119zyku polskim, o tre\u015bci zgodnej z Regulaminem.<\/p><p>8. Klienci mog\u0105 uzyska\u0107 dost\u0119p do niniejszego Regulaminu w ka\u017cdym czasie poprzez odno\u015bnik znajduj\u0105cy si\u0119 na stronie g\u0142\u00f3wnej serwisu pod adresem mybeautifulitaly.shop, pobra\u0107 go oraz wydrukowa\u0107.<\/p><p>Istotne postanowienia Umowy Sprzeda\u017cy Towaru s\u0105 rejestrowane, zabezpieczane, udost\u0119pniane i potwierdzane Klientowi poprzez przes\u0142anie ich na podany adres e-mail oraz do\u0142\u0105czenie do przesy\u0142ki zawieraj\u0105cej Towar wydruku potwierdzenia, specyfikacji Zam\u00f3wienia i faktury VAT.<\/p><p><strong>V. Dostawa<\/strong><\/p><ol><li>Dostawa Towar\u00f3w jest ograniczona do obszaru Rzeczypospolitej Polskiej.<\/li><li>Dostawa zam\u00f3wionego towaru jest realizowana za \npo\u015brednictwem:<\/li><\/ol><p>\u2013 Kuriera<\/p><p>\u2013 paczkomat\u00f3w<\/p><p>Istnieje mo\u017cliwo\u015b\u0107 odbioru osobistego w naszym biurze: FHU KARENA \n04-041 Warszawa, Ostrobramska 101A, woj mazowieckie, od poniedzia\u0142ku do 9:00 \u2013 16:00 z wyj\u0105tkiem \u015bwi\u0105t.<\/p><p>Koszt dostawy zostanie wskazany sk\u0142adania zam\u00f3wienia.<\/p><ol start=\"3\"><li>Czas dostawy wynosi 3-5 dni roboczych i liczony jest od dnia wys\u0142ania przez Klienta Zam\u00f3wienia.<\/li><li>Uszkodzenia Towaru powsta\u0142e w trakcie dostawy.<\/li><\/ol><p>W przypadku konsumenckiego zakupu na odleg\u0142o\u015b\u0107 nasz Sklep zawsze ponosi ryzyko przypadkowego uszkodzenia lub utraty towaru w transporcie. Je\u017celi towary zostan\u0105 dostarczone z oczywistymi uszkodzeniami, powsta\u0142ymi w czasie transportu, uprzejmie prosimy o mo\u017cliwie jak najszybsze zg\u0142oszenie takiej wady u dor\u0119czyciela i kontakt z nami. Op\u00f3\u017anienie w zg\u0142oszeniu takiej reklamacji lub nawi\u0105zaniu kontaktu nie ma \u017cadnych konsekwencji dla Pa\u0144stwa ustawowych roszcze\u0144 i ich zaspokojenia, w szczeg\u00f3lno\u015bci dla Pa\u0144stwa praw z tytu\u0142u ustawowej r\u0119kojmi za wady (pkt. VIII Regulaminu). Szybsze zg\u0142oszenie zauwa\u017conych uszkodze\u0144, powsta\u0142ych podczas transportu stanowi dla nas pomoc przy dochodzeniu naszych w\u0142asnych roszcze\u0144 wobec przewo\u017anika lub ubezpieczyciela transportu.<\/p><p>W przypadku Klienta nieb\u0119d\u0105cego jednocze\u015bnie Konsumentem: ryzyko przypadkowego uszkodzenia lub utraty Towaru przechodzi ze Sklepu internetowego na kupuj\u0105cego w momencie powierzenia Towaru przewo\u017anikowi trudni\u0105cemu si\u0119 przewozem rzeczy danego rodzaju, b\u0105d\u017a wyznaczonej przez kupuj\u0105cego osobie lub firmie kurierskiej.<\/p><p><strong>VI. Ceny i metody p\u0142atno\u015bci<\/strong><\/p><ol><li>Ceny Towar\u00f3w podawane s\u0105 w z\u0142otych polskich (oraz w walucie kraju, w kt\u00f3rym znajduje si\u0119 Klient) i zawieraj\u0105 wszystkie sk\u0142adniki, w tym podatek VAT, c\u0142a oraz wszelkie inne sk\u0142adniki.<\/li><li>Klient ma mo\u017cliwo\u015b\u0107 zap\u0142aty:<\/li><\/ol><p>\u2013 przelewem<\/p><p>\u2013 p\u0142atno\u015b\u0107 w systemie PayU<\/p><p>Op\u0142ata dodatkowa: 0,0 z\u0142<\/p><p>\u2013 p\u0142atno\u015b\u0107 w systemie Paypal<\/p><p>VII. Prawo do odst\u0105pienia od umowy<\/p><p>- Konsument ma prawo odst\u0105pi\u0107 od umowy w ci\u0105gu 14 dni bez podania przyczyny.Termin do odst\u0105pienia od umowy wygasa po up\u0142ywie 14 dni od dnia, w kt\u00f3rym Konsument wszed\u0142 w posiadanie towaru.\n\n- Aby skorzysta\u0107 z prawa od odst\u0105pienia od umowy, Konsument musi poinformowa\u0107 nas\n ( podaj\n  dane kontaktowe ) o swojej decyzji oodst\u0105pieniu od niniejszej umowy w drodze jednoznacznego o\u015bwiadczenia ( na przyk\u0142ad pismo wys\u0142ane poczt\u0105, lub poczta elektroniczn\u0105 ).\n\n- Konsument mo\u017ce skorzysta\u0107 z wzoru formularza odst\u0105pienia od umowy, jednak nie jest to obowi\u0105zkowe.\n\n- Aby zachowa\u0107 termin do odst\u0105pienia od umowy, wystarczy, aby Konsument wys\u0142a\u0142 nformacj\u0119 dotycz\u0105c\u0105 wykonania przys\u0142uguj\u0105cego mu prawa odst\u0105pienia od umowy przed up\u0142ywem terminu do odst\u0105pienia od umowy.<\/p><p>VIII. Reklamacje dotycz\u0105ce Towaru<\/p><p>Dotyczy Klienta b\u0119d\u0105cego Konsumentem:<\/p><p>Jeste\u015bmy zobowi\u0105zani dostarczy\u0107 towar wolny od wad. Ustawowe prawo odpowiedzialno\u015bci za wady rzeczy sprzedanej (r\u0119kojmia za wady) ma zastosowanie w zakresie okre\u015blonym w art. 556 i art. 556[1]-556[3] i nast. Kodeksu Cywilnego.<\/p><p>Reklamacje mo\u017cna sk\u0142ada\u0107:<\/p><p>\u2013 pisemnie na adres: FHU KARENA 04-041 Warszawa, Ostrobramska 101 A, woj. mazowieckie.<\/p><p>\u2013 poczt\u0105 elektroniczn\u0105 na adres: contact@mybeautifulitaly.shop.<\/p><p>W przypadku korzystania z uprawnie\u0144 z tytu\u0142u r\u0119kojmi \u2013 je\u017celi uznamy to za konieczne do rozpatrzenia reklamacji, maj\u0105 Pa\u0144stwo obowi\u0105zek dostarczy\u0107 wadliwy towar na nasz koszt na wskazany powy\u017cej adres pocztowy. Je\u017celi ze wzgl\u0119du na rodzaj towaru lub spos\u00f3b jego zamontowania dostarczenie towaru by\u0142oby nadmiernie utrudnione, maj\u0105 Pa\u0144stwo obowi\u0105zek udost\u0119pni\u0107 nam go w miejscu, w kt\u00f3rym si\u0119 on znajduje. Zobowi\u0105zujemy si\u0119 do ustosunkowania si\u0119 do reklamacji niezw\u0142ocznie, nie p\u00f3\u017aniej ni\u017c w terminie 14 dni od dnia jej z\u0142o\u017cenia.<\/p><p>Przy sk\u0142adaniu reklamacji zaleca si\u0119 (1) podanie informacji dotycz\u0105cych przedmiotu reklamacji, w szczeg\u00f3lno\u015bci rodzaju i daty wyst\u0105pienia wady; (2) okre\u015blenie \u017c\u0105dania dotycz\u0105cego sposobu usuni\u0119cia wady (wymiana towaru na nowy, naprawa towaru, obni\u017cenie ceny, odst\u0105pienie od umowy \u2013 je\u017celi wada jest istotna); oraz (3) podanie danych kontaktowych sk\u0142adaj\u0105cego reklamacj\u0119 \u2013 u\u0142atwi to i przyspieszy rozpatrzenie reklamacji przez Sklep. Zalecenia okre\u015blone w zdaniu poprzednim maj\u0105 jedynie charakter niewi\u0105\u017c\u0105cy i nie wp\u0142ywaj\u0105 w \u017caden spos\u00f3b na skuteczno\u015b\u0107 reklamacji z\u0142o\u017conych bez podania zalecanych informacji.<\/p><p>Dotyczy Klienta nieb\u0119d\u0105cego Konsumentem:<\/p><p>W przypadku Umowy Sprzeda\u017cy zawieranej z Klientem nieb\u0119d\u0105cym Konsumentem, na podstawie art. 558 \u00a7 1 Kodeksu Cywilnego odpowiedzialno\u015b\u0107 sklepu internetowego z tytu\u0142u r\u0119kojmi za wady Towaru zostaje wy\u0142\u0105czona. Wy\u0142\u0105czenie to jest nieskuteczne, je\u015bli wad\u0119 podst\u0119pnie zataimy<\/p><p><strong>IX. Reklamacje dotycz\u0105ce \u015bwiadczenia us\u0142ug drog\u0105 elektroniczn\u0105<\/strong><\/p><p>1. Mybeautifulitaly.shop podejmuje dzia\u0142ania w celu zapewnienia w pe\u0142ni poprawnego dzia\u0142ania sklepu internetowego, w takim zakresie, jaki wynika z aktualnej wiedzy technicznej i zobowi\u0105zuje si\u0119 usun\u0105\u0107 w rozs\u0105dnym terminie wszelkie nieprawid\u0142owo\u015bci zg\u0142oszone przez Klient\u00f3w.<br \/>2. Klient mo\u017ce zg\u0142osi\u0107 nam wszelkie nieprawid\u0142owo\u015bci lub przerwy w funkcjonowaniu strony sklepu internetowego. Wszelkie nieprawid\u0142owo\u015bci zwi\u0105zane z funkcjonowaniem Sklepu prosimy zg\u0142asza\u0107 drog\u0105 elektroniczn\u0105 na adres: contact@mybeautifulitaly.shop<br \/>3. W reklamacji dotycz\u0105cej nieprawid\u0142owo\u015bci zwi\u0105zanych z funkcjonowaniem strony sklepu internetowego nale\u017cy wskaza\u0107 rodzaj i dat\u0119 wyst\u0105pienia nieprawid\u0142owo\u015bci.<br \/>4. Zobowi\u0105zujemy si\u0119 do ustosunkowania si\u0119 do reklamacji niezw\u0142ocznie, nie p\u00f3\u017aniej ni\u017c w terminie 14 dni od dnia jej z\u0142o\u017cenia.<\/p><p><strong>X. Pozas\u0105dowe sposoby rozpatrywania reklamacji i dochodzenia roszcze\u0144<\/strong><br \/>1. Informujemy, \u017ce istnieje mo\u017cliwo\u015b\u0107 skorzystania z pozas\u0105dowych sposob\u00f3w rozpatrywania reklamacji i dochodzenia roszcze\u0144. Ich u\u017cycie jest dobrowolne i mo\u017ce nast\u0105pi\u0107 jedynie w przypadku, gdy obie strony sporu wyra\u017c\u0105 na to zgod\u0119.<br \/>\u2013 Konsument mo\u017ce wyst\u0105pi\u0107 do Inspekcji Handlowej o wszcz\u0119cie post\u0119powania w sprawie pozas\u0105dowego rozwi\u0105zywania spor\u00f3w konsumenckich dotycz\u0105cych zawartej Umowy sprzeda\u017cy, zgodnie z art. 36 ustawy z dnia 15 grudnia 2000 r. o Inspekcji Handlowej (Dz.U. 2001 nr 4 poz. 25 ze zm.).<br \/>\u2013 Konsument mo\u017ce tak\u017ce \u017c\u0105da\u0107 rozpoznania sporu dotycz\u0105cego zawartej Umowy sprzeda\u017cy przez sta\u0142y s\u0105d polubowny dzia\u0142aj\u0105cy przy w\u0142a\u015bciwym wojew\u00f3dzkim inspektoracie Inspekcji Handlowej, zgodnie z art. 37 ustawy z dnia 15 grudnia 2000 r. o Inspekcji Handlowej (Dz.U. 2001 nr 4 poz. 25 ze zm.).<br \/>\u2013 Komisja Europejska udost\u0119pnia tak\u017ce platform\u0119 internetowego rozstrzygania spor\u00f3w pomi\u0119dzy Konsumentami a Przedsi\u0119biorcami (platforma ODR). Jest dost\u0119pny pod adresem: http:\/\/ec.europa.eu\/consumers\/odr\/.<br \/>2. Szczeg\u00f3\u0142owe informacje dotycz\u0105ce rozwi\u0105zywania spor\u00f3w konsumenckich, w tym mo\u017cliwo\u015bci skorzystania przez Konsumenta z pozas\u0105dowych sposob\u00f3w rozpatrywania reklamacji, dochodzenia roszcze\u0144 oraz zasady dost\u0119pu do tych procedur dost\u0119pne s\u0105 w siedzibach oraz na stronach internetowych Sklepu. wojew\u00f3dzkich inspektorat\u00f3w Inspekcji Handlowej oraz pod adresem: https:\/\/uokik.gov.pl\/spory_konsumenckie.php.<\/p><ol><li><strong>Postanowienia ko\u0144cowe<\/strong><\/li><li>S\u0105dem w\u0142a\u015bciwym do rozstrzygania spor\u00f3w z Konsumentami jest s\u0105d w\u0142a\u015bciwy miejscowo zgodnie z obowi\u0105zuj\u0105cymi przepisami Kodeksu post\u0119powania cywilnego.<\/li><li>Rozstrzyganie ewentualnych spor\u00f3w powsta\u0142ych pomi\u0119dzy F.H.U Karena, a Klientem nieb\u0119d\u0105cym Konsumentem zostaje poddane s\u0105dowi w\u0142a\u015bciwemu ze wzgl\u0119du na nasz\u0105 siedzib\u0119.<\/li><li>W sprawach nieuregulowanych w niniejszym Regulaminie zastosowanie maj\u0105 przepisy obowi\u0105zuj\u0105cego prawa, w szczeg\u00f3lno\u015bci przepisy ustawy z dnia 23 kwietnia 1964 r. Kodeks cywilny (tekst jednolity Dz. U. z 2014 r., poz. 121 ze zm.) oraz ustawy z dnia 30 maja 2014 r. o prawach konsumenta (Dz. U. z 2014 r., poz. 827). W przypadku sprzeczno\u015bci niniejszego Regulaminu z prawami Klient\u00f3w i postanowieniami wynikaj\u0105cymi z przepis\u00f3w powszechnie obowi\u0105zuj\u0105cych, zastosowanie maj\u0105 powszechnie obowi\u0105zuj\u0105ce przepisy prawa polskiego.<\/li><\/ol><div><p>F.H.U KARENA Renata Gruchal-Friant<\/p><p><span style=\"font-size: 16px; color: var( --e-global-color-365267e ); letter-spacing: var( --e-global-typography-de12582-letter-spacing ); word-spacing: var( --e-global-typography-de12582-word-spacing ); text-align: var(--text-align);\">ul. Ostrobramska 101 A<\/span><\/p><p>04-041 Warszawa <BR> II Pi\u0119tro Firma KARENA\u00a0<br \/>NIP 113-083-41-58<\/p><p>REGON 012735650<\/p><\/div><p>\u00a0<\/p>\t\t\t\t\t\t\t\t<\/div>\n\t\t\t\t<\/div>\n\t\t\t\t\t<\/div>\n\t\t\t\t<\/div>\n\t\t\t\t<\/div>","protected":false},"excerpt":{"rendered":"<p>Regulation of the online store Definitions The terms used in the Regulations mean: Customer &#8211; a natural person, a legal person or an organizational unit that is not a legal person, which is granted legal capacity by special provisions, who places an Order in the Store; Consumer \u2013 in accordance with Art. 22[1] of the [&hellip;]<\/p>","protected":false},"author":2,"featured_media":0,"parent":0,"menu_order":0,"comment_status":"closed","ping_status":"closed","template":"","meta":{"footnotes":""},"class_list":["post-5175","page","type-page","status-publish","hentry","entry","wvn-thumbs-layout-horizontal","wvn-btn-normal","wvn-tabs-layout-horizontal","has-no-thumbnails","circle-sale"],"aioseo_notices":[],"_links":{"self":[{"href":"https:\/\/mybeautifulitaly.shop\/pl\/wp-json\/wp\/v2\/pages\/5175","targetHints":{"allow":["GET"]}}],"collection":[{"href":"https:\/\/mybeautifulitaly.shop\/pl\/wp-json\/wp\/v2\/pages"}],"about":[{"href":"https:\/\/mybeautifulitaly.shop\/pl\/wp-json\/wp\/v2\/types\/page"}],"author":[{"embeddable":true,"href":"https:\/\/mybeautifulitaly.shop\/pl\/wp-json\/wp\/v2\/users\/2"}],"replies":[{"embeddable":true,"href":"https:\/\/mybeautifulitaly.shop\/pl\/wp-json\/wp\/v2\/comments?post=5175"}],"version-history":[{"count":56,"href":"https:\/\/mybeautifulitaly.shop\/pl\/wp-json\/wp\/v2\/pages\/5175\/revisions"}],"predecessor-version":[{"id":5502,"href":"https:\/\/mybeautifulitaly.shop\/pl\/wp-json\/wp\/v2\/pages\/5175\/revisions\/5502"}],"wp:attachment":[{"href":"https:\/\/mybeautifulitaly.shop\/pl\/wp-json\/wp\/v2\/media?parent=5175"}],"curies":[{"name":"wp","href":"https:\/\/api.w.org\/{rel}","templated":true}]}}