{"id":3,"date":"2024-04-25T14:39:35","date_gmt":"2024-04-25T12:39:35","guid":{"rendered":"http:\/\/mybeautifulitaly.shop\/?page_id=3"},"modified":"2024-06-01T19:48:38","modified_gmt":"2024-06-01T17:48:38","slug":"privacy-policy","status":"publish","type":"page","link":"https:\/\/mybeautifulitaly.shop\/pl\/privacy-policy\/","title":{"rendered":"POLITYKA PRYWATNO\u015aCI"},"content":{"rendered":"<div data-elementor-type=\"wp-page\" data-elementor-id=\"3\" class=\"elementor elementor-3\">\n\t\t\t\t<div class=\"elementor-element elementor-element-51f71464 e-flex e-con-boxed e-con e-parent\" data-id=\"51f71464\" data-element_type=\"container\" data-e-type=\"container\">\n\t\t\t\t\t<div class=\"e-con-inner\">\n\t\t\t\t<div class=\"elementor-element elementor-element-245b970c elementor-widget elementor-widget-text-editor\" data-id=\"245b970c\" data-element_type=\"widget\" data-e-type=\"widget\" data-widget_type=\"text-editor.default\">\n\t\t\t\t<div class=\"elementor-widget-container\">\n\t\t\t\t\t\t\t\t\t<p><strong><span style=\"text-decoration: underline;\">Polityka prywatno\u015bci Sklepu internetowego mybeautifulitaly.shop<\/span><\/strong><\/p><p><span style=\"text-decoration: underline;\"><strong>Kto przetwarza dane osobowe i w jakim celu?<\/strong><\/span><\/p><p>Dane osobowe podane przez Pa\u0144stwa w zwi\u0105zku z rejestracj\u0105 i korzystaniem ze Sklepu Internetowego mybeautifulitaly.shop  przetwarzane s\u0105 przez W\u0142a\u015bciciela Sklepu F.H.U Karena, NIP: 1130834158, zwanego \u201eW\u0142a\u015bcicielem\u201d, kt\u00f3ry pe\u0142ni funkcj\u0119 administratora danych w zakresie rozumieniu ustawy z dnia 29 sierpnia 1997 r. o ochronie danych osobowych.<\/p><p>Powierzone nam dane osobowe, w szczeg\u00f3lno\u015bci imi\u0119 i nazwisko, adres, adres e-mail, numer telefonu, przetwarzamy:<\/p><ol><li>W zakresie niezb\u0119dnym do nawi\u0105zania, ukszta\u0142towania tre\u015bci, modyfikacji, zako\u0144czenia oraz prawid\u0142owej realizacji us\u0142ug \u015bwiadczonych drog\u0105 elektroniczn\u0105 i realizacji z\u0142o\u017conych przez Pa\u0144stwa zam\u00f3wie\u0144;<\/li><li>w celu rozpatrzenia z\u0142o\u017conej przez Pa\u0144stwa reklamacji oraz zwrotu pieni\u0119dzy w przypadku odst\u0105pienia od umowy (zwrot towaru);<\/li><li>Je\u017celi wyrazisz zgod\u0119 na otrzymywanie informacji handlowych drog\u0105 elektroniczn\u0105, Twoje dane osobowe b\u0119d\u0105 przez nas przetwarzane tak\u017ce w celu przekazywania Ci informacji o naszym sklepie, ofertach, promocjach oraz informacji o produktach i us\u0142ugach podmiot\u00f3w z nami wsp\u00f3\u0142pracuj\u0105cych (za nasz\u0105 wiedz\u0105 i wyra\u017anym zgoda).<\/li><\/ol><p>Podanie danych osobowych jest dobrowolne, jednak\u017ce niewyra\u017cenie zgody na przetwarzanie Twoich danych osobowych mo\u017ce uniemo\u017cliwi\u0107 nam \u015bwiadczenie Ci us\u0142ug drog\u0105 elektroniczn\u0105 oraz realizacj\u0119 Twoich zakup\u00f3w w Sklepie Internetowym mybeautifulitaly.shop.<\/p><p>Powierzaj\u0105c nam swoje dane osobowe masz prawo dost\u0119pu do nich, ich aktualizacji oraz \u017c\u0105dania ich usuni\u0119cia. Mo\u017cesz samodzielnie edytowa\u0107 i usuwa\u0107 podane przez Ciebie dane osobowe w sekcji Konto Klienta. Mo\u017cesz tak\u017ce za\u017c\u0105da\u0107 usuni\u0119cia ca\u0142ego Konta Klienta wysy\u0142aj\u0105c stosowne \u017c\u0105danie na adres email: contact@mybeautifulitaly.shop z adresu e-mail aktualnie zarejestrowanego w naszym sklepie. Je\u017celi chcesz zrezygnowa\u0107 z otrzymywania newslettera, mo\u017cesz to zrobi\u0107 samodzielnie (zak\u0142adka Konto Klienta, link \u201eNewsletter\u201d), kontaktuj\u0105c si\u0119 z Centrum Obs\u0142ugi Klienta z adresu e-mail aktualnie zarejestrowanego w Sklepie mybeautifulitaly.shop. Informacja o mo\u017cliwo\u015bci rezygnacji z newslettera znajduje si\u0119 tak\u017ce w stopce ka\u017cdego newslettera.<\/p><p><span style=\"text-decoration: underline;\"><strong>Prawa Klienta wynikaj\u0105ce z RODO<\/strong><\/span><\/p><p>Dane osobowe przetwarzane s\u0105 wy\u0142\u0105cznie w celach niezb\u0119dnych, w oparciu o odpowiedni\u0105 przes\u0142ank\u0119 zgodn\u0105 z og\u00f3lnym rozporz\u0105dzeniem o ochronie danych (RODO).<\/p><p>Zawsze przys\u0142uguj\u0105 Ci nast\u0119puj\u0105ce prawa w zwi\u0105zku z przetwarzaniem tych danych:<\/p><ul><li>Prawo dost\u0119pu do danych \u2013 masz prawo do informacji o zakresie i celu przetwarzania Twoich danych osobowych;<\/li><li>Prawo do sprostowania danych \u2013 masz prawo do poprawiania danych;<\/li><li>Prawo do bycia zapomnianym \u2013 masz prawo do trwa\u0142ego usuni\u0119cia danych;<\/li><li>Prawo do ograniczenia przetwarzania danych \u2013 masz prawo zawiesi\u0107 przetwarzanie danych, np. do czasu ich poprawienia lub wyja\u015bnienia celu i zakresu przetwarzania;<\/li><li>Prawo do przenoszenia danych \u2013 masz prawo przenie\u015b\u0107 dane do innego administratora danych w formacie nadaj\u0105cym si\u0119 do odczytu maszynowego;<\/li><li>Prawo do sprzeciwu \u2013 masz prawo wnie\u015b\u0107 sprzeciw wobec przetwarzania danych;<\/li><li>Prawo do sprzeciwu wobec profilowania \u2013 masz prawo wnie\u015b\u0107 sprzeciw wobec wykorzystywania Twoich danych do decyzji opartych na zautomatyzowanym przetwarzaniu danych.<\/li><\/ul><p><span style=\"text-decoration: underline;\"><strong>Zasady bezpiecze\u0144stwa:<\/strong><\/span><\/p><p>W\u0142a\u015bciciel sklepu internetowego mybeautifulitaly.shop zapewnia bezpiecze\u0144stwo danych osobowych poprzez odpowiednie \u015brodki techniczne i organizacyjne, maj\u0105ce na celu zapobieganie niezgodnemu z prawem przetwarzaniu danych, przypadkowej utracie, zniszczeniu lub uszkodzeniu. Ponadto dok\u0142adamy wszelkich stara\u0144, aby dane osobowe by\u0142y:<\/p><ul><li>Poprawne i przetwarzane zgodnie z prawem,<\/li><li>pozyskiwane wy\u0142\u0105cznie dla okre\u015blonych cel\u00f3w i nieprzetwarzane dalej w spos\u00f3b niezgodny z tymi celami,<\/li><li>Odpowiednie i nie nadmierne,<\/li><li>Dok\u0142adne i aktualne,<\/li><li>Nie przechowywane d\u0142u\u017cej ni\u017c to konieczne,<\/li><li>Przetwarzane zgodnie z prawami os\u00f3b fizycznych (zainteresowanych), w tym prawem do odmowy udost\u0119pniania,<\/li><li>Bezpiecznie przechowywane,<\/li><li>Nie przenoszone bez odpowiedniego zabezpieczenia.<\/li><\/ul><p><span style=\"text-decoration: underline;\"><strong>Specyfikacja:<\/strong><\/span><\/p><p>Informacje techniczne \u2013 pliki cookies. Podczas korzystania ze Sklepu Internetowego mybeautifulitaly.shop na Twoim urz\u0105dzeniu ko\u0144cowym (komputerze, smartfonie, tablecie itp.) zapisywane s\u0105 niewielkie pliki, zwane cookies, zawieraj\u0105ce informacje niezb\u0119dne do prawid\u0142owego funkcjonowania sklepu. Dzi\u0119ki zapisaniu tych plik\u00f3w mo\u017cliwe jest m.in. zapami\u0119tanie danych do logowania, co eliminuje konieczno\u015b\u0107 ich ka\u017cdorazowego wpisywania, przechowywanie produkt\u00f3w dodanych do koszyka oraz dostosowywanie zawarto\u015bci strony do Twoich zainteresowa\u0144. Pliki cookies umo\u017cliwiaj\u0105 r\u00f3wnie\u017c zbieranie danych statystycznych z mybeautifulitaly.shop, co pozwala nam rozwija\u0107 sklep zgodnie z preferencjami naszych Klient\u00f3w.<\/p><p>Cookies nie zawieraj\u0105 \u017cadnych informacji identyfikuj\u0105cych Ci\u0119, nie wyrz\u0105dzaj\u0105 szkody Twojemu urz\u0105dzeniu i nie zmieniaj\u0105 jego ustawie\u0144 ani ustawie\u0144 zainstalowanego na nim oprogramowania. Zawarto\u015b\u0107 tych plik\u00f3w mo\u017ce odczyta\u0107 jedynie serwer, kt\u00f3ry je utworzy\u0142.<\/p><p>Podczas korzystania ze Sklepu Internetowego mybeautifulitaly.shop stosujemy dwa rodzaje plik\u00f3w cookies: sesyjne i sta\u0142e. Cookies sesyjne s\u0105 plikami tymczasowymi, przechowywanymi na Twoim urz\u0105dzeniu do czasu wylogowania si\u0119 ze Sklepu Internetowego mybeautifulitaly.shop, opuszczenia Sklepu Internetowego mybeautifulitaly.shop lub zamkni\u0119cia przegl\u0105darki. \u201eSta\u0142e\u201d pliki cookies przechowywane s\u0105 w Twoim urz\u0105dzeniu przez czas okre\u015blony w parametrach tych plik\u00f3w lub do czasu ich usuni\u0119cia przez Ciebie.<\/p><p><span style=\"text-decoration: underline;\"><strong>Jakich plik\u00f3w cookies u\u017cywamy?<\/strong><\/span><\/p><p>Pliki cookies niezb\u0119dne do dzia\u0142ania Sklepu \u2013 pliki te umo\u017cliwiaj\u0105 prawid\u0142owe funkcjonowanie Sklepu Internetowego mybeautifulitaly.shop, logowanie do Sklepu, poruszanie si\u0119 po Sklepie, dokonywanie zakup\u00f3w oraz pobieranie zakupionych plik\u00f3w ze Sklepu. Bez ich zapisania na Twoim urz\u0105dzeniu korzystanie ze Sklepu jest niemo\u017cliwe. Pliki cookies zapewniaj\u0105 bezpiecze\u0144stwo transakcji dokonywanych w ramach Sklepu. Bez tych plik\u00f3w nie mo\u017cna dokona\u0107 bezpiecznych transakcji.<\/p><p>Cookies statystyczne \u2013 pozwalaj\u0105 nam zbiera\u0107 informacje statystyczne o sposobie korzystania ze Sklepu.<\/p><p>Funkcjonalne pliki cookies \u2013 pliki umo\u017cliwiaj\u0105ce nam zapami\u0119tanie Twoich ustawie\u0144 i preferencji. Dzi\u0119ki zapisaniu tych plik\u00f3w na Twoim urz\u0105dzeniu m.in. nie b\u0119dziesz musia\u0142 ka\u017cdorazowo wpisywa\u0107 loginu i has\u0142a, a wy\u015bwietlone zostan\u0105 produkty dopasowane do Twoich zainteresowa\u0144.<\/p><p>Cookies reklamowe \u2013 pliki umo\u017cliwiaj\u0105ce otrzymywanie spersonalizowanych reklam. Pliki te mog\u0105 by\u0107 wykorzystywane przez Sklep lub podmioty wsp\u00f3\u0142pracuj\u0105ce ze Sklepem \u015bwiadcz\u0105ce us\u0142ugi reklamowe, umo\u017cliwiaj\u0105ce wy\u015bwietlanie reklam dostosowanych do Twoich zainteresowa\u0144 oraz ograniczaj\u0105ce liczb\u0119 wy\u015bwietle\u0144 reklamy, czyni\u0105ce reklamy mniej inwazyjnymi itp. Spo\u0142eczno\u015bciowe pliki cookies \u2013 umo\u017cliwiaj\u0105 integracj\u0119 z serwisami spo\u0142eczno\u015bciowymi (np. Facebook, Google+, Pinterest), z kt\u00f3rych korzystasz, ze Sklepem.<\/p><p><span style=\"text-decoration: underline;\"><strong>Co zrobi\u0107 je\u015bli nie wyra\u017casz zgody na przechowywanie plik\u00f3w na Twoim urz\u0105dzeniu?<\/strong><\/span><\/p><p>Wi\u0119kszo\u015b\u0107 ustawie\u0144 przegl\u0105darki domy\u015blnie dopuszcza zapisywanie plik\u00f3w cookies. Je\u017celi nie wyra\u017casz zgody na przechowywanie tych plik\u00f3w na Twoim urz\u0105dzeniu, musisz odpowiednio zmieni\u0107 ustawienia swojej przegl\u0105darki internetowej. Zmiana mo\u017ce polega\u0107 na zaprzestaniu przechowywania plik\u00f3w cookies na Twoim urz\u0105dzeniu b\u0105d\u017a informowaniu Ci\u0119 o ka\u017cdorazowym zapisaniu pliku na Twoim urz\u0105dzeniu. Mo\u017cesz tak\u017ce po ka\u017cdej wizycie w Sklepie usuwa\u0107 pliki ze swojego urz\u0105dzenia. Szczeg\u00f3\u0142owe informacje o mo\u017cliwo\u015bci i sposobach obs\u0142ugi plik\u00f3w cookies dost\u0119pne s\u0105 w ustawieniach oraz sekcji \u201ePomoc\u201d Twojej przegl\u0105darki internetowej. Pami\u0119taj jednak, \u017ce ograniczenia stosowania plik\u00f3w cookies mog\u0105 utrudni\u0107 lub uniemo\u017cliwi\u0107 korzystanie ze Sklepu.<\/p><p>Ustawienia przegl\u0105darki Twojego urz\u0105dzenia umo\u017cliwiaj\u0105ce zapisywanie plik\u00f3w oznaczaj\u0105, \u017ce wyra\u017casz zgod\u0119 na przechowywanie tych plik\u00f3w na Twoim urz\u0105dzeniu.<\/p><p><span style=\"text-decoration: underline;\"><strong>Inne informacje techniczne<\/strong><\/span><\/p><p>Twoje dane osobowe przechowywane s\u0105 w bazie danych, w kt\u00f3rej wdro\u017cono \u015brodki techniczne i organizacyjne zapewniaj\u0105ce ochron\u0119 przetwarzanych danych zgodnie z wymogami okre\u015blonymi przez powszechnie obowi\u0105zuj\u0105ce przepisy prawa o ochronie danych osobowych, w tym rozporz\u0105dzenie Ministra Spraw Wewn\u0119trznych i Administracji z dnia 29 kwietnia 2004 r. w sprawie dokumentacji przetwarzania danych osobowych oraz warunk\u00f3w technicznych i organizacyjnych, jakim powinny odpowiada\u0107 urz\u0105dzenia i systemy informatyczne s\u0142u\u017c\u0105ce do przetwarzania danych (Dz. U. Nr 100, poz. 1024). <BR> Dost\u0119p do bazy danych maj\u0105 wy\u0142\u0105cznie osoby upowa\u017cnione przez administratora danych.<\/p><p><span style=\"text-decoration: underline;\"><strong>Postanowienia ko\u0144cowe<\/strong><\/span><\/p><p>Zastrzegamy sobie prawo do zmiany zasad okre\u015blonych w niniejszym dokumencie. O wszystkich zmianach zasad zostan\u0105 Pa\u0144stwo poinformowani <BR> z odpowiednim wyprzedz eniem, nie p\u00f3\u017aniej ni\u017c na 7 dni przed ich wprowadzeniem, poprzez zamieszczenie nowej tre\u015bci niniejszego dokumentu na stronie mybeautifulitaly.shop\/privacy-policy.<\/p><p>F.H.U KARENA Renata Gruchal-Friant<\/p><p><span style=\"font-size: 16px; color: var( --e-global-color-365267e ); letter-spacing: var( --e-global-typography-de12582-letter-spacing ); word-spacing: var( --e-global-typography-de12582-word-spacing ); text-align: var(--text-align);\">ul. Ostrobramska 101 A<\/span><\/p><p><span style=\"font-size: 16px; color: var( --e-global-color-365267e ); letter-spacing: var( --e-global-typography-de12582-letter-spacing ); word-spacing: var( --e-global-typography-de12582-word-spacing ); text-align: var(--text-align);\">04-041 Warszawa <BR> II Pi\u0119tro Firma KARENA\u00a0<\/span><\/p><p>NIP 113-083-41-58<\/p><p>REGON 012735650<\/p>\t\t\t\t\t\t\t\t<\/div>\n\t\t\t\t<\/div>\n\t\t\t\t\t<\/div>\n\t\t\t\t<\/div>\n\t\t\t\t<\/div>","protected":false},"excerpt":{"rendered":"<p>Privacy Policy of mybeautifulitaly.shop Online Store Who processes personal data and for what purpose? The personal data provided by you in connection with registration and use of the mybeautifulitaly.shop Online Store are processed by the Owner of Mybeautifulitaly.shop Store, NIP: 1130834158, referred to as the &#8220;Owner,&#8221; who acts as the data controller within the meaning [&hellip;]<\/p>","protected":false},"author":1,"featured_media":0,"parent":0,"menu_order":0,"comment_status":"closed","ping_status":"open","template":"","meta":{"footnotes":""},"class_list":["post-3","page","type-page","status-publish","hentry","entry","wvn-thumbs-layout-horizontal","wvn-btn-normal","wvn-tabs-layout-horizontal","has-no-thumbnails","circle-sale"],"aioseo_notices":[],"_links":{"self":[{"href":"https:\/\/mybeautifulitaly.shop\/pl\/wp-json\/wp\/v2\/pages\/3","targetHints":{"allow":["GET"]}}],"collection":[{"href":"https:\/\/mybeautifulitaly.shop\/pl\/wp-json\/wp\/v2\/pages"}],"about":[{"href":"https:\/\/mybeautifulitaly.shop\/pl\/wp-json\/wp\/v2\/types\/page"}],"author":[{"embeddable":true,"href":"https:\/\/mybeautifulitaly.shop\/pl\/wp-json\/wp\/v2\/users\/1"}],"replies":[{"embeddable":true,"href":"https:\/\/mybeautifulitaly.shop\/pl\/wp-json\/wp\/v2\/comments?post=3"}],"version-history":[{"count":26,"href":"https:\/\/mybeautifulitaly.shop\/pl\/wp-json\/wp\/v2\/pages\/3\/revisions"}],"predecessor-version":[{"id":5561,"href":"https:\/\/mybeautifulitaly.shop\/pl\/wp-json\/wp\/v2\/pages\/3\/revisions\/5561"}],"wp:attachment":[{"href":"https:\/\/mybeautifulitaly.shop\/pl\/wp-json\/wp\/v2\/media?parent=3"}],"curies":[{"name":"wp","href":"https:\/\/api.w.org\/{rel}","templated":true}]}}